{"id":673120,"date":"2025-09-25T19:41:14","date_gmt":"2025-09-25T18:41:14","guid":{"rendered":"https:\/\/shop.kustom.ch\/?post_type=product&#038;p=673120"},"modified":"2025-10-08T08:34:56","modified_gmt":"2025-10-08T07:34:56","slug":"jakolette-locker-2","status":"publish","type":"product","link":"https:\/\/shop.kustom.ch\/fr\/produit\/jakolette-locker-2\/","title":{"rendered":"Jakolette Locker"},"content":{"rendered":"<p>La Jakolette Locker associe un confort optimal \u00e0 un design sobre. La languette r\u00e9glable offre \u00e0 chaque pied un maintien optimal \u00e0 tout moment. La semelle a \u00e9t\u00e9 con\u00e7ue de mani\u00e8re extra antid\u00e9rapante et avec une assise plantaire pr\u00e9form\u00e9e.<\/p>","protected":false},"excerpt":{"rendered":"<p>couleur : jet black<\/p>","protected":false},"featured_media":673025,"template":"","meta":[],"product_brand":[],"product_cat":[12556],"product_tag":[],"class_list":{"0":"post-673120","1":"product","2":"type-product","3":"status-publish","4":"has-post-thumbnail","6":"product_cat-funktionaere-zusatzausstattung","8":"first","9":"instock","10":"taxable","11":"shipping-taxable","12":"purchasable","13":"product-type-variable","14":"add-to-wishlist-before_image"},"exclude_global_add_ons":[],"addons":[],"acf":[],"_links":{"self":[{"href":"https:\/\/shop.kustom.ch\/fr\/wp-json\/wp\/v2\/product\/673120"}],"collection":[{"href":"https:\/\/shop.kustom.ch\/fr\/wp-json\/wp\/v2\/product"}],"about":[{"href":"https:\/\/shop.kustom.ch\/fr\/wp-json\/wp\/v2\/types\/product"}],"wp:featuredmedia":[{"embeddable":true,"href":"https:\/\/shop.kustom.ch\/fr\/wp-json\/wp\/v2\/media\/673025"}],"wp:attachment":[{"href":"https:\/\/shop.kustom.ch\/fr\/wp-json\/wp\/v2\/media?parent=673120"}],"wp:term":[{"taxonomy":"product_brand","embeddable":true,"href":"https:\/\/shop.kustom.ch\/fr\/wp-json\/wp\/v2\/product_brand?post=673120"},{"taxonomy":"product_cat","embeddable":true,"href":"https:\/\/shop.kustom.ch\/fr\/wp-json\/wp\/v2\/product_cat?post=673120"},{"taxonomy":"product_tag","embeddable":true,"href":"https:\/\/shop.kustom.ch\/fr\/wp-json\/wp\/v2\/product_tag?post=673120"}],"curies":[{"name":"wp","href":"https:\/\/api.w.org\/{rel}","templated":true}]}}