{"id":673088,"date":"2025-09-25T19:40:41","date_gmt":"2025-09-25T18:40:41","guid":{"rendered":"https:\/\/shop.kustom.ch\/?post_type=product&#038;p=673088"},"modified":"2025-10-08T08:41:50","modified_gmt":"2025-10-08T07:41:50","slug":"polyesterhose-dynamic-3","status":"publish","type":"product","link":"https:\/\/shop.kustom.ch\/fr\/produit\/polyesterhose-dynamic-3\/","title":{"rendered":"Pantalon en polyester Dynamic"},"content":{"rendered":"<p>Coupe adapt\u00e9e aux hommes. Le pantalon en polyester Dynamic t'offre tout ce dont tu as besoin pour les activit\u00e9s sportives ou les journ\u00e9es de d\u00e9tente. Le bas de jambe zipp\u00e9 et l'ourlet \u00e9lastique assurent une coupe optimale et un confort suppl\u00e9mentaire, tandis que la technologie Keep Dry te garde au sec toute la journ\u00e9e, quelle que soit l'intensit\u00e9. Les poches lat\u00e9rales pratiques rendent le pantalon encore plus polyvalent et offrent suffisamment de place pour tes essentiels. Particuli\u00e8rement convaincant : 100 % des mat\u00e9riaux utilis\u00e9s sont en polyester recycl\u00e9. Procure-toi d\u00e8s maintenant le pantalon en polyester Dynamic et d\u00e9couvre comment le style, la fonctionnalit\u00e9 et le respect de l'environnement s'harmonisent parfaitement.<\/p>","protected":false},"excerpt":{"rendered":"<p>couleur : noir<\/p>","protected":false},"featured_media":673032,"template":"","meta":[],"product_brand":[],"product_cat":[12556],"product_tag":[],"class_list":{"0":"post-673088","1":"product","2":"type-product","3":"status-publish","4":"has-post-thumbnail","6":"product_cat-funktionaere-zusatzausstattung","8":"first","9":"instock","10":"taxable","11":"shipping-taxable","12":"purchasable","13":"product-type-variable","14":"add-to-wishlist-before_image"},"exclude_global_add_ons":[],"addons":[],"acf":[],"_links":{"self":[{"href":"https:\/\/shop.kustom.ch\/fr\/wp-json\/wp\/v2\/product\/673088"}],"collection":[{"href":"https:\/\/shop.kustom.ch\/fr\/wp-json\/wp\/v2\/product"}],"about":[{"href":"https:\/\/shop.kustom.ch\/fr\/wp-json\/wp\/v2\/types\/product"}],"wp:featuredmedia":[{"embeddable":true,"href":"https:\/\/shop.kustom.ch\/fr\/wp-json\/wp\/v2\/media\/673032"}],"wp:attachment":[{"href":"https:\/\/shop.kustom.ch\/fr\/wp-json\/wp\/v2\/media?parent=673088"}],"wp:term":[{"taxonomy":"product_brand","embeddable":true,"href":"https:\/\/shop.kustom.ch\/fr\/wp-json\/wp\/v2\/product_brand?post=673088"},{"taxonomy":"product_cat","embeddable":true,"href":"https:\/\/shop.kustom.ch\/fr\/wp-json\/wp\/v2\/product_cat?post=673088"},{"taxonomy":"product_tag","embeddable":true,"href":"https:\/\/shop.kustom.ch\/fr\/wp-json\/wp\/v2\/product_tag?post=673088"}],"curies":[{"name":"wp","href":"https:\/\/api.w.org\/{rel}","templated":true}]}}