{"id":673086,"date":"2025-09-25T19:40:41","date_gmt":"2025-09-25T18:40:41","guid":{"rendered":"https:\/\/shop.kustom.ch\/?post_type=product&#038;p=673086"},"modified":"2025-10-08T08:38:07","modified_gmt":"2025-10-08T07:38:07","slug":"regenjacke","status":"publish","type":"product","link":"https:\/\/shop.kustom.ch\/fr\/produit\/regenjacke\/","title":{"rendered":"Veste de pluie"},"content":{"rendered":"<p>Forme adapt\u00e9e aux hommes. Veste de pluie l\u00e9g\u00e8re et fonctionnelle avec un tissu ext\u00e9rieur imperm\u00e9able et coupe-vent ainsi que des coutures trait\u00e9es et une doublure en mesh r\u00e9gulant la temp\u00e9rature. Polaire agr\u00e9ablement douce \u00e0 l'int\u00e9rieur du col, capuche int\u00e9gr\u00e9e dans le col et r\u00e9glable en largeur. Poignets r\u00e9glables en largeur avec bande Velcro pour un r\u00e9glage en continu. Partie dorsale allong\u00e9e et arrondie. Ourlet r\u00e9glable avec cordon de serrage sous tunnel et stoppeurs. Applications r\u00e9fl\u00e9chissantes sur le devant pour une meilleure visibilit\u00e9. Fermeture \u00e0 glissi\u00e8re frontale de haute qualit\u00e9 avec double rabat coupe-vent, poches lat\u00e9rales et poche int\u00e9rieure de poitrine avec fermeture \u00e0 glissi\u00e8re. Toutes les fermetures \u00e0 glissi\u00e8re YKK\u00ae en noir avec des \u00e9tiquettes de fermeture \u00e0 glissi\u00e8re r\u00e9versibles et r\u00e9fl\u00e9chissantes. Tissu ext\u00e9rieur r\u00e9sistant en lamin\u00e9 2 couches avec technologie TRIACTIVE PRO : une membrane imperm\u00e9able et coupe-vent qui est \u00e9galement respirante.<\/p>","protected":false},"excerpt":{"rendered":"<p>couleur : noir<\/p>","protected":false},"featured_media":673028,"template":"","meta":[],"product_brand":[],"product_cat":[12556],"product_tag":[],"class_list":{"0":"post-673086","1":"product","2":"type-product","3":"status-publish","4":"has-post-thumbnail","6":"product_cat-funktionaere-zusatzausstattung","8":"first","9":"instock","10":"taxable","11":"shipping-taxable","12":"purchasable","13":"product-type-variable","14":"add-to-wishlist-before_image"},"exclude_global_add_ons":[],"addons":[],"acf":[],"_links":{"self":[{"href":"https:\/\/shop.kustom.ch\/fr\/wp-json\/wp\/v2\/product\/673086"}],"collection":[{"href":"https:\/\/shop.kustom.ch\/fr\/wp-json\/wp\/v2\/product"}],"about":[{"href":"https:\/\/shop.kustom.ch\/fr\/wp-json\/wp\/v2\/types\/product"}],"wp:featuredmedia":[{"embeddable":true,"href":"https:\/\/shop.kustom.ch\/fr\/wp-json\/wp\/v2\/media\/673028"}],"wp:attachment":[{"href":"https:\/\/shop.kustom.ch\/fr\/wp-json\/wp\/v2\/media?parent=673086"}],"wp:term":[{"taxonomy":"product_brand","embeddable":true,"href":"https:\/\/shop.kustom.ch\/fr\/wp-json\/wp\/v2\/product_brand?post=673086"},{"taxonomy":"product_cat","embeddable":true,"href":"https:\/\/shop.kustom.ch\/fr\/wp-json\/wp\/v2\/product_cat?post=673086"},{"taxonomy":"product_tag","embeddable":true,"href":"https:\/\/shop.kustom.ch\/fr\/wp-json\/wp\/v2\/product_tag?post=673086"}],"curies":[{"name":"wp","href":"https:\/\/api.w.org\/{rel}","templated":true}]}}