{"id":673085,"date":"2025-09-25T19:40:41","date_gmt":"2025-09-25T18:40:41","guid":{"rendered":"https:\/\/shop.kustom.ch\/?post_type=product&#038;p=673085"},"modified":"2025-10-08T08:36:31","modified_gmt":"2025-10-08T07:36:31","slug":"damen-freizeitshort-dynamic","status":"publish","type":"product","link":"https:\/\/shop.kustom.ch\/fr\/produit\/damen-freizeitshort-dynamic\/","title":{"rendered":"Short de loisirs pour femmes Dynamic"},"content":{"rendered":"<p>Forme adapt\u00e9e aux femmes. Le short de loisirs Dynamic pour femmes est ton compagnon id\u00e9al pour les journ\u00e9es actives et les moments de d\u00e9tente. Avec ses poches lat\u00e9rales pratiques \u00e0 fermeture \u00e9clair, tu peux ranger en toute s\u00e9curit\u00e9 les essentiels importants comme les cl\u00e9s ou le smartphone - id\u00e9al pour les d\u00e9placements. Gr\u00e2ce \u00e0 la technologie innovante Keep Dry, tu restes agr\u00e9ablement au sec et confortable, m\u00eame par temps chaud ou en cas d'activit\u00e9 physique intense. La durabilit\u00e9 est ici une priorit\u00e9 : Le short est compos\u00e9 \u00e0 100 % de polyester recycl\u00e9, ce qui le rend \u00e9cologique, l\u00e9ger et r\u00e9sistant. Que ce soit pour le sport, les loisirs ou les prochaines vacances, ce short allie style et fonctionnalit\u00e9 au plus haut niveau.<\/p>","protected":false},"excerpt":{"rendered":"<p>couleur : noir<\/p>","protected":false},"featured_media":673029,"template":"","meta":[],"product_brand":[],"product_cat":[12556],"product_tag":[],"class_list":{"0":"post-673085","1":"product","2":"type-product","3":"status-publish","4":"has-post-thumbnail","6":"product_cat-funktionaere-zusatzausstattung","8":"first","9":"instock","10":"taxable","11":"shipping-taxable","12":"purchasable","13":"product-type-variable","14":"add-to-wishlist-before_image"},"exclude_global_add_ons":[],"addons":[],"acf":[],"_links":{"self":[{"href":"https:\/\/shop.kustom.ch\/fr\/wp-json\/wp\/v2\/product\/673085"}],"collection":[{"href":"https:\/\/shop.kustom.ch\/fr\/wp-json\/wp\/v2\/product"}],"about":[{"href":"https:\/\/shop.kustom.ch\/fr\/wp-json\/wp\/v2\/types\/product"}],"wp:featuredmedia":[{"embeddable":true,"href":"https:\/\/shop.kustom.ch\/fr\/wp-json\/wp\/v2\/media\/673029"}],"wp:attachment":[{"href":"https:\/\/shop.kustom.ch\/fr\/wp-json\/wp\/v2\/media?parent=673085"}],"wp:term":[{"taxonomy":"product_brand","embeddable":true,"href":"https:\/\/shop.kustom.ch\/fr\/wp-json\/wp\/v2\/product_brand?post=673085"},{"taxonomy":"product_cat","embeddable":true,"href":"https:\/\/shop.kustom.ch\/fr\/wp-json\/wp\/v2\/product_cat?post=673085"},{"taxonomy":"product_tag","embeddable":true,"href":"https:\/\/shop.kustom.ch\/fr\/wp-json\/wp\/v2\/product_tag?post=673085"}],"curies":[{"name":"wp","href":"https:\/\/api.w.org\/{rel}","templated":true}]}}