{"id":673084,"date":"2025-09-25T19:40:40","date_gmt":"2025-09-25T18:40:40","guid":{"rendered":"https:\/\/shop.kustom.ch\/?post_type=product&#038;p=673084"},"modified":"2025-10-08T08:42:22","modified_gmt":"2025-10-08T07:42:22","slug":"damen-polyesterhose-dynamic","status":"publish","type":"product","link":"https:\/\/shop.kustom.ch\/fr\/produit\/damen-polyesterhose-dynamic\/","title":{"rendered":"Pantalon en polyester pour femmes Dynamic"},"content":{"rendered":"<p>Coupe adapt\u00e9e aux femmes. Le pantalon en polyester Dynamic pour femmes offre tout ce dont tu as besoin pour un quotidien actif. Avec son bas de jambe zipp\u00e9 et ses poignets \u00e9lastiques, il tient parfaitement en place et s'enfile et s'enl\u00e8ve facilement - id\u00e9al pour le sport ou les moments de d\u00e9tente. La technologie innovante Keep Dry te permet de rester au sec et \u00e0 l'aise m\u00eame lors d'activit\u00e9s intenses. Les poches lat\u00e9rales pratiques offrent suffisamment de place pour tes essentiels. Un plus pour l'environnement : le pantalon est compos\u00e9 \u00e0 100 % de polyester recycl\u00e9 - durable, l\u00e9ger et r\u00e9sistant. Que ce soit pour l'entra\u00eenement, une promenade ou les loisirs, le pantalon en polyester Dynamic pour femmes allie fonctionnalit\u00e9 et look moderne.<\/p>","protected":false},"excerpt":{"rendered":"<p>couleur : noir<\/p>","protected":false},"featured_media":673034,"template":"","meta":[],"product_brand":[],"product_cat":[12556],"product_tag":[],"class_list":{"0":"post-673084","1":"product","2":"type-product","3":"status-publish","4":"has-post-thumbnail","6":"product_cat-funktionaere-zusatzausstattung","8":"first","9":"instock","10":"taxable","11":"shipping-taxable","12":"purchasable","13":"product-type-variable","14":"add-to-wishlist-before_image"},"exclude_global_add_ons":[],"addons":[],"acf":[],"_links":{"self":[{"href":"https:\/\/shop.kustom.ch\/fr\/wp-json\/wp\/v2\/product\/673084"}],"collection":[{"href":"https:\/\/shop.kustom.ch\/fr\/wp-json\/wp\/v2\/product"}],"about":[{"href":"https:\/\/shop.kustom.ch\/fr\/wp-json\/wp\/v2\/types\/product"}],"wp:featuredmedia":[{"embeddable":true,"href":"https:\/\/shop.kustom.ch\/fr\/wp-json\/wp\/v2\/media\/673034"}],"wp:attachment":[{"href":"https:\/\/shop.kustom.ch\/fr\/wp-json\/wp\/v2\/media?parent=673084"}],"wp:term":[{"taxonomy":"product_brand","embeddable":true,"href":"https:\/\/shop.kustom.ch\/fr\/wp-json\/wp\/v2\/product_brand?post=673084"},{"taxonomy":"product_cat","embeddable":true,"href":"https:\/\/shop.kustom.ch\/fr\/wp-json\/wp\/v2\/product_cat?post=673084"},{"taxonomy":"product_tag","embeddable":true,"href":"https:\/\/shop.kustom.ch\/fr\/wp-json\/wp\/v2\/product_tag?post=673084"}],"curies":[{"name":"wp","href":"https:\/\/api.w.org\/{rel}","templated":true}]}}