{"id":673049,"date":"2025-09-25T19:40:07","date_gmt":"2025-09-25T18:40:07","guid":{"rendered":"https:\/\/shop.kustom.ch\/?post_type=product&#038;p=673049"},"modified":"2025-10-08T08:40:47","modified_gmt":"2025-10-08T07:40:47","slug":"damen-weste-idaho","status":"publish","type":"product","link":"https:\/\/shop.kustom.ch\/fr\/produit\/damen-weste-idaho\/","title":{"rendered":"Gilet pour femme Idaho"},"content":{"rendered":"<p>Forme adapt\u00e9e aux femmes. Gilet chaud mais l\u00e9ger avec rembourrage semblable \u00e0 du duvet. En polyamide recycl\u00e9 100%. Trois poches ext\u00e9rieures zipp\u00e9es et deux poches int\u00e9rieures. Bande \u00e9lastique \u00e0 la taille et aux bras. Mod\u00e8le femme avec capuche amovible. Avec accroche de couleur, passage pour \u00e9couteurs et curseurs de fermeture \u00e9clair.<\/p>","protected":false},"excerpt":{"rendered":"<p>couleur : noir<\/p>","protected":false},"featured_media":673030,"template":"","meta":[],"product_brand":[],"product_cat":[12556],"product_tag":[],"class_list":{"0":"post-673049","1":"product","2":"type-product","3":"status-publish","4":"has-post-thumbnail","6":"product_cat-funktionaere-zusatzausstattung","8":"first","9":"instock","10":"taxable","11":"shipping-taxable","12":"purchasable","13":"product-type-variable","14":"add-to-wishlist-before_image"},"exclude_global_add_ons":[],"addons":[],"acf":[],"_links":{"self":[{"href":"https:\/\/shop.kustom.ch\/fr\/wp-json\/wp\/v2\/product\/673049"}],"collection":[{"href":"https:\/\/shop.kustom.ch\/fr\/wp-json\/wp\/v2\/product"}],"about":[{"href":"https:\/\/shop.kustom.ch\/fr\/wp-json\/wp\/v2\/types\/product"}],"wp:featuredmedia":[{"embeddable":true,"href":"https:\/\/shop.kustom.ch\/fr\/wp-json\/wp\/v2\/media\/673030"}],"wp:attachment":[{"href":"https:\/\/shop.kustom.ch\/fr\/wp-json\/wp\/v2\/media?parent=673049"}],"wp:term":[{"taxonomy":"product_brand","embeddable":true,"href":"https:\/\/shop.kustom.ch\/fr\/wp-json\/wp\/v2\/product_brand?post=673049"},{"taxonomy":"product_cat","embeddable":true,"href":"https:\/\/shop.kustom.ch\/fr\/wp-json\/wp\/v2\/product_cat?post=673049"},{"taxonomy":"product_tag","embeddable":true,"href":"https:\/\/shop.kustom.ch\/fr\/wp-json\/wp\/v2\/product_tag?post=673049"}],"curies":[{"name":"wp","href":"https:\/\/api.w.org\/{rel}","templated":true}]}}