{"id":673044,"date":"2025-09-25T19:40:07","date_gmt":"2025-09-25T18:40:07","guid":{"rendered":"https:\/\/shop.kustom.ch\/?post_type=product&#038;p=673044"},"modified":"2025-10-08T08:27:14","modified_gmt":"2025-10-08T07:27:14","slug":"damen-t-shirt-heavy","status":"publish","type":"product","link":"https:\/\/shop.kustom.ch\/fr\/produit\/damen-t-shirt-heavy\/","title":{"rendered":"T-shirt femme Heavy"},"content":{"rendered":"<p>Forme adapt\u00e9e aux femmes. T-shirt moderne \u00e0 la coupe proche de la silhouette, avec des renforts au niveau des coutures des \u00e9paules et des doubles coutures au niveau du col. Poignets avec \u00e9lasthanne et bordures de cou \u00e0 quatre \u00e9paisseurs pour une meilleure stabilit\u00e9 dimensionnelle.<\/p>","protected":false},"excerpt":{"rendered":"<p>couleur : vert pomme<\/p>","protected":false},"featured_media":673037,"template":"","meta":[],"product_brand":[],"product_cat":[12555],"product_tag":[],"class_list":{"0":"post-673044","1":"product","2":"type-product","3":"status-publish","4":"has-post-thumbnail","6":"product_cat-funktionaere-grundausstattung","8":"first","9":"instock","10":"taxable","11":"shipping-taxable","12":"purchasable","13":"product-type-variable","14":"add-to-wishlist-before_image"},"exclude_global_add_ons":[],"addons":[],"acf":[],"_links":{"self":[{"href":"https:\/\/shop.kustom.ch\/fr\/wp-json\/wp\/v2\/product\/673044"}],"collection":[{"href":"https:\/\/shop.kustom.ch\/fr\/wp-json\/wp\/v2\/product"}],"about":[{"href":"https:\/\/shop.kustom.ch\/fr\/wp-json\/wp\/v2\/types\/product"}],"wp:featuredmedia":[{"embeddable":true,"href":"https:\/\/shop.kustom.ch\/fr\/wp-json\/wp\/v2\/media\/673037"}],"wp:attachment":[{"href":"https:\/\/shop.kustom.ch\/fr\/wp-json\/wp\/v2\/media?parent=673044"}],"wp:term":[{"taxonomy":"product_brand","embeddable":true,"href":"https:\/\/shop.kustom.ch\/fr\/wp-json\/wp\/v2\/product_brand?post=673044"},{"taxonomy":"product_cat","embeddable":true,"href":"https:\/\/shop.kustom.ch\/fr\/wp-json\/wp\/v2\/product_cat?post=673044"},{"taxonomy":"product_tag","embeddable":true,"href":"https:\/\/shop.kustom.ch\/fr\/wp-json\/wp\/v2\/product_tag?post=673044"}],"curies":[{"name":"wp","href":"https:\/\/api.w.org\/{rel}","templated":true}]}}