{"id":673043,"date":"2025-09-25T19:40:07","date_gmt":"2025-09-25T18:40:07","guid":{"rendered":"https:\/\/shop.kustom.ch\/?post_type=product&#038;p=673043"},"modified":"2025-10-08T08:30:36","modified_gmt":"2025-10-08T07:30:36","slug":"damen-polo-surf-light","status":"publish","type":"product","link":"https:\/\/shop.kustom.ch\/fr\/produit\/damen-polo-surf-light\/","title":{"rendered":"Polo Surf Light pour femme"},"content":{"rendered":"<p>Forme adapt\u00e9e aux femmes. Polo piqu\u00e9 l\u00e9ger \u00e0 la coupe moderne, tricot plat au col et aux manches. Bandeau dans le cou, fentes lat\u00e9rales et boutons ton sur ton sur la patte avant.<\/p>","protected":false},"excerpt":{"rendered":"<p>couleur : vert pomme<\/p>","protected":false},"featured_media":673036,"template":"","meta":[],"product_brand":[],"product_cat":[12555],"product_tag":[],"class_list":{"0":"post-673043","1":"product","2":"type-product","3":"status-publish","4":"has-post-thumbnail","6":"product_cat-funktionaere-grundausstattung","8":"first","9":"instock","10":"taxable","11":"shipping-taxable","12":"purchasable","13":"product-type-variable","14":"add-to-wishlist-before_image"},"exclude_global_add_ons":[],"addons":[],"acf":[],"_links":{"self":[{"href":"https:\/\/shop.kustom.ch\/fr\/wp-json\/wp\/v2\/product\/673043"}],"collection":[{"href":"https:\/\/shop.kustom.ch\/fr\/wp-json\/wp\/v2\/product"}],"about":[{"href":"https:\/\/shop.kustom.ch\/fr\/wp-json\/wp\/v2\/types\/product"}],"wp:featuredmedia":[{"embeddable":true,"href":"https:\/\/shop.kustom.ch\/fr\/wp-json\/wp\/v2\/media\/673036"}],"wp:attachment":[{"href":"https:\/\/shop.kustom.ch\/fr\/wp-json\/wp\/v2\/media?parent=673043"}],"wp:term":[{"taxonomy":"product_brand","embeddable":true,"href":"https:\/\/shop.kustom.ch\/fr\/wp-json\/wp\/v2\/product_brand?post=673043"},{"taxonomy":"product_cat","embeddable":true,"href":"https:\/\/shop.kustom.ch\/fr\/wp-json\/wp\/v2\/product_cat?post=673043"},{"taxonomy":"product_tag","embeddable":true,"href":"https:\/\/shop.kustom.ch\/fr\/wp-json\/wp\/v2\/product_tag?post=673043"}],"curies":[{"name":"wp","href":"https:\/\/api.w.org\/{rel}","templated":true}]}}