{"id":673042,"date":"2025-09-25T19:40:06","date_gmt":"2025-09-25T18:40:06","guid":{"rendered":"https:\/\/shop.kustom.ch\/?post_type=product&#038;p=673042"},"modified":"2025-10-08T08:33:18","modified_gmt":"2025-10-08T07:33:18","slug":"damen-kapuzen-tecjacke-eco","status":"publish","type":"product","link":"https:\/\/shop.kustom.ch\/fr\/produit\/damen-kapuzen-tecjacke-eco\/","title":{"rendered":"Veste \u00e0 capuche Eco pour femmes"},"content":{"rendered":"<p>Forme adapt\u00e9e aux femmes. Veste fonctionnelle \u00e0 la coupe sportive avec finition \u00e0 double couture sur la capuche. Zip frontal avec garage \u00e0 zip et poches ins\u00e9r\u00e9es avec zips. Toutes les fermetures \u00e0 glissi\u00e8re Click-Down de YKK\u00ae en noir. Tissu stretch facile d'entretien et \u00e0 s\u00e9chage rapide en fibre fonctionnelle TRIACTIVE avec polyester recycl\u00e9 certifi\u00e9 GRS. Int\u00e9rieur gratt\u00e9 pour une isolation thermique \u00e9lev\u00e9e.<\/p>","protected":false},"excerpt":{"rendered":"<p>couleur : gris carbone<\/p>","protected":false},"featured_media":673035,"template":"","meta":[],"product_brand":[],"product_cat":[12555],"product_tag":[],"class_list":{"0":"post-673042","1":"product","2":"type-product","3":"status-publish","4":"has-post-thumbnail","6":"product_cat-funktionaere-grundausstattung","8":"first","9":"instock","10":"taxable","11":"shipping-taxable","12":"purchasable","13":"product-type-variable","14":"add-to-wishlist-before_image"},"exclude_global_add_ons":[],"addons":[],"acf":[],"_links":{"self":[{"href":"https:\/\/shop.kustom.ch\/fr\/wp-json\/wp\/v2\/product\/673042"}],"collection":[{"href":"https:\/\/shop.kustom.ch\/fr\/wp-json\/wp\/v2\/product"}],"about":[{"href":"https:\/\/shop.kustom.ch\/fr\/wp-json\/wp\/v2\/types\/product"}],"wp:featuredmedia":[{"embeddable":true,"href":"https:\/\/shop.kustom.ch\/fr\/wp-json\/wp\/v2\/media\/673035"}],"wp:attachment":[{"href":"https:\/\/shop.kustom.ch\/fr\/wp-json\/wp\/v2\/media?parent=673042"}],"wp:term":[{"taxonomy":"product_brand","embeddable":true,"href":"https:\/\/shop.kustom.ch\/fr\/wp-json\/wp\/v2\/product_brand?post=673042"},{"taxonomy":"product_cat","embeddable":true,"href":"https:\/\/shop.kustom.ch\/fr\/wp-json\/wp\/v2\/product_cat?post=673042"},{"taxonomy":"product_tag","embeddable":true,"href":"https:\/\/shop.kustom.ch\/fr\/wp-json\/wp\/v2\/product_tag?post=673042"}],"curies":[{"name":"wp","href":"https:\/\/api.w.org\/{rel}","templated":true}]}}