{"id":672917,"date":"2025-09-23T19:38:42","date_gmt":"2025-09-23T18:38:42","guid":{"rendered":"https:\/\/shop.kustom.ch\/?post_type=product&#038;p=672917"},"modified":"2025-09-23T19:39:41","modified_gmt":"2025-09-23T18:39:41","slug":"mizuno-vs1-kneepad-8","status":"publish","type":"product","link":"https:\/\/shop.kustom.ch\/fr\/produit\/mizuno-vs1-kneepad-8\/","title":{"rendered":"MIZUNO VS1 genouill\u00e8re"},"content":{"rendered":"<p>Cette genouill\u00e8re utilise le rembourrage VS-1 pour une protection accrue et la coupe DF assure un excellent ajustement sans la masse. La genouill\u00e8re Mizuno VS1 est \u00e9galement dot\u00e9e du syst\u00e8me de ventilation Mizuno Intercool, qui r\u00e9duit l'humidit\u00e9 et l'accumulation de chaleur \u00e0 l'int\u00e9rieur de la genouill\u00e8re. Jeu de deux.mesurez la circonf\u00e9rence au milieu de votre genou pour d\u00e9terminer la taille dont vous avez besoin:S : 33cm-35cmM : 35cm-37cmL : 37cm-40cmXL : 40cm-43cm<\/p>","protected":false},"excerpt":{"rendered":"<p>couleur : blanc<\/p>","protected":false},"featured_media":672906,"template":"","meta":[],"product_brand":[],"product_cat":[6346],"product_tag":[],"class_list":{"0":"post-672917","1":"product","2":"type-product","3":"status-publish","4":"has-post-thumbnail","6":"product_cat-vbc-allschwil","8":"first","9":"instock","10":"taxable","11":"shipping-taxable","12":"purchasable","13":"product-type-variable","14":"add-to-wishlist-before_image"},"exclude_global_add_ons":[],"addons":[],"acf":[],"_links":{"self":[{"href":"https:\/\/shop.kustom.ch\/fr\/wp-json\/wp\/v2\/product\/672917"}],"collection":[{"href":"https:\/\/shop.kustom.ch\/fr\/wp-json\/wp\/v2\/product"}],"about":[{"href":"https:\/\/shop.kustom.ch\/fr\/wp-json\/wp\/v2\/types\/product"}],"wp:featuredmedia":[{"embeddable":true,"href":"https:\/\/shop.kustom.ch\/fr\/wp-json\/wp\/v2\/media\/672906"}],"wp:attachment":[{"href":"https:\/\/shop.kustom.ch\/fr\/wp-json\/wp\/v2\/media?parent=672917"}],"wp:term":[{"taxonomy":"product_brand","embeddable":true,"href":"https:\/\/shop.kustom.ch\/fr\/wp-json\/wp\/v2\/product_brand?post=672917"},{"taxonomy":"product_cat","embeddable":true,"href":"https:\/\/shop.kustom.ch\/fr\/wp-json\/wp\/v2\/product_cat?post=672917"},{"taxonomy":"product_tag","embeddable":true,"href":"https:\/\/shop.kustom.ch\/fr\/wp-json\/wp\/v2\/product_tag?post=672917"}],"curies":[{"name":"wp","href":"https:\/\/api.w.org\/{rel}","templated":true}]}}