{"id":672706,"date":"2025-09-16T10:05:18","date_gmt":"2025-09-16T09:05:18","guid":{"rendered":"https:\/\/shop.kustom.ch\/?post_type=product&#038;p=672706"},"modified":"2025-10-14T08:57:30","modified_gmt":"2025-10-14T07:57:30","slug":"evolve-zip-pocket-shorts-men","status":"publish","type":"product","link":"https:\/\/shop.kustom.ch\/fr\/produit\/evolve-zip-pocket-shorts-men\/","title":{"rendered":"Craft Evolve Zip Pocket Shorts Men"},"content":{"rendered":"<p>Les shorts Evolve Zip Pocket sont des shorts d'entra\u00eenement r\u00e9sistants en tissu stretch et dot\u00e9s de poches zipp\u00e9es qui offrent une excellente \u00e9vacuation de l'humidit\u00e9 lors d'un entra\u00eenement intensif. Le short est fabriqu\u00e9 \u00e0 partir de mat\u00e9riaux recycl\u00e9s afin de r\u00e9duire notre empreinte \u00e9cologique. La ceinture \u00e9lastique avec cordon de serrage assure un maintien optimal. Poches \u00e0 fermeture \u00e9clair.<\/p>\n<p>Mati\u00e8re : 100% polyester recycl\u00e9, 140 g\/m\u00b2.<\/p>","protected":false},"excerpt":{"rendered":"<p>Evolve Zip Pocket Shorts sind strapazierf\u00e4hige Training-Shorts aus Stretchmaterial und mit Reissverschlusstaschen, die bei intensivem Training einen hervorragenden Feuchtigkeitstransport bieten. Die Shorts sind aus Recycling-Materialien hergestellt, um unseren \u00f6kologischen Fussabdruck zu verringern. Der elastische H\u00fcftbund mit Kordelzug sorgt f\u00fcr einen optimalen Sitz. Reissverschlusstaschen. Material: 100% Recycling-Polyester, 140 g\/m\u00b2<\/p>","protected":false},"featured_media":672714,"template":"","meta":[],"product_brand":[],"product_cat":[6364],"product_tag":[],"class_list":{"0":"post-672706","1":"product","2":"type-product","3":"status-publish","4":"has-post-thumbnail","6":"product_cat-talent-campus","8":"first","9":"instock","10":"taxable","11":"shipping-taxable","12":"purchasable","13":"product-type-variable","14":"add-to-wishlist-before_image"},"exclude_global_add_ons":[],"addons":[],"acf":[],"_links":{"self":[{"href":"https:\/\/shop.kustom.ch\/fr\/wp-json\/wp\/v2\/product\/672706"}],"collection":[{"href":"https:\/\/shop.kustom.ch\/fr\/wp-json\/wp\/v2\/product"}],"about":[{"href":"https:\/\/shop.kustom.ch\/fr\/wp-json\/wp\/v2\/types\/product"}],"wp:featuredmedia":[{"embeddable":true,"href":"https:\/\/shop.kustom.ch\/fr\/wp-json\/wp\/v2\/media\/672714"}],"wp:attachment":[{"href":"https:\/\/shop.kustom.ch\/fr\/wp-json\/wp\/v2\/media?parent=672706"}],"wp:term":[{"taxonomy":"product_brand","embeddable":true,"href":"https:\/\/shop.kustom.ch\/fr\/wp-json\/wp\/v2\/product_brand?post=672706"},{"taxonomy":"product_cat","embeddable":true,"href":"https:\/\/shop.kustom.ch\/fr\/wp-json\/wp\/v2\/product_cat?post=672706"},{"taxonomy":"product_tag","embeddable":true,"href":"https:\/\/shop.kustom.ch\/fr\/wp-json\/wp\/v2\/product_tag?post=672706"}],"curies":[{"name":"wp","href":"https:\/\/api.w.org\/{rel}","templated":true}]}}