{"id":672695,"date":"2025-09-16T09:56:54","date_gmt":"2025-09-16T08:56:54","guid":{"rendered":"https:\/\/shop.kustom.ch\/?post_type=product&#038;p=672695"},"modified":"2025-10-14T08:57:49","modified_gmt":"2025-10-14T07:57:49","slug":"subz-funnelneck-jersey-women","status":"publish","type":"product","link":"https:\/\/shop.kustom.ch\/fr\/produit\/subz-funnelneck-jersey-women\/","title":{"rendered":"Craft SubZ Funnelneck Jersey Femme"},"content":{"rendered":"<p>Le SubZ Funnelneck Jersey est un maillot d\u00e9contract\u00e9 et ample pour le temps froid, qui convient aussi bien pour les entra\u00eenements intensifs que pour la vie quotidienne.<\/p>\n<p>Ce v\u00eatement d'entra\u00eenement chaud et polyvalent est compos\u00e9 d'un tissu jersey 2 couches soud\u00e9 avec une structure en maille polaire qui offre une excellente isolation et un grand confort par temps frais. De plus, le design du col en entonnoir avec cordon de serrage r\u00e9glable agit comme un tube de cou int\u00e9gr\u00e9, ce qui permet un contr\u00f4le rapide de la temp\u00e9rature.<\/p>\n<p>Mati\u00e8re : 94% polyeste recycl\u00e9, 6% \u00e9lasthanne<\/p>","protected":false},"excerpt":{"rendered":"<p>Das SubZ Funnelneck Jersey ist ein l\u00e4ssiges, locker sitzendes Trikot f\u00fcr kaltes Wetter, das sowohl f\u00fcr intensive Trainingseinheiten als auch f\u00fcr den Alltag geeignet ist. Dieses warme und vielseitige Trainingskleidungsst\u00fcck besteht aus einem verschweissten 2-Lagen-Jersey-Stoff mit Fleece-Gitterstruktur, der f\u00fcr hervorragende Isolierung und Komfort bei k\u00fchlen Temperaturen sorgt. Dar\u00fcber hinaus fungiert das Trichterhalsdesign mit verstellbarem Kordelzug [&hellip;]<\/p>\n","protected":false},"featured_media":672702,"template":"","meta":[],"product_brand":[],"product_cat":[6364],"product_tag":[],"class_list":{"0":"post-672695","1":"product","2":"type-product","3":"status-publish","4":"has-post-thumbnail","6":"product_cat-talent-campus","8":"first","9":"instock","10":"taxable","11":"shipping-taxable","12":"purchasable","13":"product-type-variable","14":"add-to-wishlist-before_image"},"exclude_global_add_ons":[],"addons":[],"acf":[],"_links":{"self":[{"href":"https:\/\/shop.kustom.ch\/fr\/wp-json\/wp\/v2\/product\/672695"}],"collection":[{"href":"https:\/\/shop.kustom.ch\/fr\/wp-json\/wp\/v2\/product"}],"about":[{"href":"https:\/\/shop.kustom.ch\/fr\/wp-json\/wp\/v2\/types\/product"}],"wp:featuredmedia":[{"embeddable":true,"href":"https:\/\/shop.kustom.ch\/fr\/wp-json\/wp\/v2\/media\/672702"}],"wp:attachment":[{"href":"https:\/\/shop.kustom.ch\/fr\/wp-json\/wp\/v2\/media?parent=672695"}],"wp:term":[{"taxonomy":"product_brand","embeddable":true,"href":"https:\/\/shop.kustom.ch\/fr\/wp-json\/wp\/v2\/product_brand?post=672695"},{"taxonomy":"product_cat","embeddable":true,"href":"https:\/\/shop.kustom.ch\/fr\/wp-json\/wp\/v2\/product_cat?post=672695"},{"taxonomy":"product_tag","embeddable":true,"href":"https:\/\/shop.kustom.ch\/fr\/wp-json\/wp\/v2\/product_tag?post=672695"}],"curies":[{"name":"wp","href":"https:\/\/api.w.org\/{rel}","templated":true}]}}