{"id":672683,"date":"2025-09-16T09:39:20","date_gmt":"2025-09-16T08:39:20","guid":{"rendered":"https:\/\/shop.kustom.ch\/?post_type=product&#038;p=672683"},"modified":"2025-10-14T08:58:13","modified_gmt":"2025-10-14T07:58:13","slug":"community-2-0-logo-fz-hoodie-women","status":"publish","type":"product","link":"https:\/\/shop.kustom.ch\/fr\/produit\/community-2-0-logo-fz-hoodie-women\/","title":{"rendered":"Craft Community 2.0 Logo Fz Hoodie Women"},"content":{"rendered":"<p>Le sweat \u00e0 capuche Community 2.0 Logo FZ associe une coupe d\u00e9contract\u00e9e mais athl\u00e9tique \u00e0 une expression sportive, id\u00e9ale pour les moments de d\u00e9tente en dehors du terrain. Ce sweat \u00e0 capuche d\u00e9contract\u00e9 \u00e0 fermeture \u00e9clair int\u00e9grale est fabriqu\u00e9 \u00e0 partir d'un m\u00e9lange doux de polyester recycl\u00e9 et de coton bio, avec un int\u00e9rieur bross\u00e9. Il offre une sensation de douceur et un grand confort, tout en stimulant l'esprit d'\u00e9quipe.<\/p>\n<p>Mati\u00e8re : 60% Cotton-Organic \/ 40% Polyester-Recycled, 280 g\/m\u00b2.<\/p>","protected":false},"excerpt":{"rendered":"<p>Der Community 2.0 Logo FZ Hoodie kombiniert eine entspannte und dennoch athletische Passform mit einem sportlichen Ausdruck, ideal f\u00fcr entspannte Momente abseits des Spielfelds. Dieser l\u00e4ssige Kapuzenpullover mit durchgehendem Reissverschluss ist aus einer weichen Mischung aus recyceltem Polyester und Bio-Baumwolle gefertigt und verf\u00fcgt \u00fcber eine geb\u00fcrstete Innenseite. Er sorgt f\u00fcr ein geschmeidiges Tragegef\u00fchl sowie grossartigen [&hellip;]<\/p>\n","protected":false},"featured_media":672691,"template":"","meta":[],"product_brand":[],"product_cat":[6364],"product_tag":[],"class_list":{"0":"post-672683","1":"product","2":"type-product","3":"status-publish","4":"has-post-thumbnail","6":"product_cat-talent-campus","8":"first","9":"instock","10":"taxable","11":"shipping-taxable","12":"purchasable","13":"product-type-variable","14":"add-to-wishlist-before_image"},"exclude_global_add_ons":[],"addons":[],"acf":[],"_links":{"self":[{"href":"https:\/\/shop.kustom.ch\/fr\/wp-json\/wp\/v2\/product\/672683"}],"collection":[{"href":"https:\/\/shop.kustom.ch\/fr\/wp-json\/wp\/v2\/product"}],"about":[{"href":"https:\/\/shop.kustom.ch\/fr\/wp-json\/wp\/v2\/types\/product"}],"wp:featuredmedia":[{"embeddable":true,"href":"https:\/\/shop.kustom.ch\/fr\/wp-json\/wp\/v2\/media\/672691"}],"wp:attachment":[{"href":"https:\/\/shop.kustom.ch\/fr\/wp-json\/wp\/v2\/media?parent=672683"}],"wp:term":[{"taxonomy":"product_brand","embeddable":true,"href":"https:\/\/shop.kustom.ch\/fr\/wp-json\/wp\/v2\/product_brand?post=672683"},{"taxonomy":"product_cat","embeddable":true,"href":"https:\/\/shop.kustom.ch\/fr\/wp-json\/wp\/v2\/product_cat?post=672683"},{"taxonomy":"product_tag","embeddable":true,"href":"https:\/\/shop.kustom.ch\/fr\/wp-json\/wp\/v2\/product_tag?post=672683"}],"curies":[{"name":"wp","href":"https:\/\/api.w.org\/{rel}","templated":true}]}}