{"id":672640,"date":"2025-09-16T08:10:42","date_gmt":"2025-09-16T07:10:42","guid":{"rendered":"https:\/\/shop.kustom.ch\/?post_type=product&#038;p=672640"},"modified":"2025-10-14T09:00:15","modified_gmt":"2025-10-14T08:00:15","slug":"adv-explore-pile-fleece-vest-men","status":"publish","type":"product","link":"https:\/\/shop.kustom.ch\/fr\/produit\/adv-explore-pile-fleece-vest-men\/","title":{"rendered":"Gilet Craft ADV Explore Pile Fleece Vest Men"},"content":{"rendered":"<p>Gilet chaud et polyvalent en polaire \u00e0 poils longs avec d\u00e9tails contrast\u00e9s pour un usage quotidien. En polyester recycl\u00e9 avec poche de poitrine zipp\u00e9e et deux poches lat\u00e9rales zipp\u00e9es.<\/p>\n<p>Mati\u00e8re : 100% polyester recycl\u00e9, 270 g\/m\u00b2.<\/p>","protected":false},"excerpt":{"rendered":"<p>Warme und vielseitige Weste aus hochflorigem Fleece mit kontrastierenden Details f\u00fcr den Alltagsgebrauch. Aus Recycling-Polyester mit Brusttasche mit Reissverschluss und zwei Seitentaschen mit Reissverschluss. Material: 100% Recycling-Polyester, 270 g\/m\u00b2<\/p>","protected":false},"featured_media":672648,"template":"","meta":[],"product_brand":[],"product_cat":[6364],"product_tag":[],"class_list":{"0":"post-672640","1":"product","2":"type-product","3":"status-publish","4":"has-post-thumbnail","6":"product_cat-talent-campus","8":"first","9":"instock","10":"taxable","11":"shipping-taxable","12":"purchasable","13":"product-type-variable","14":"add-to-wishlist-before_image"},"exclude_global_add_ons":[],"addons":[],"acf":[],"_links":{"self":[{"href":"https:\/\/shop.kustom.ch\/fr\/wp-json\/wp\/v2\/product\/672640"}],"collection":[{"href":"https:\/\/shop.kustom.ch\/fr\/wp-json\/wp\/v2\/product"}],"about":[{"href":"https:\/\/shop.kustom.ch\/fr\/wp-json\/wp\/v2\/types\/product"}],"wp:featuredmedia":[{"embeddable":true,"href":"https:\/\/shop.kustom.ch\/fr\/wp-json\/wp\/v2\/media\/672648"}],"wp:attachment":[{"href":"https:\/\/shop.kustom.ch\/fr\/wp-json\/wp\/v2\/media?parent=672640"}],"wp:term":[{"taxonomy":"product_brand","embeddable":true,"href":"https:\/\/shop.kustom.ch\/fr\/wp-json\/wp\/v2\/product_brand?post=672640"},{"taxonomy":"product_cat","embeddable":true,"href":"https:\/\/shop.kustom.ch\/fr\/wp-json\/wp\/v2\/product_cat?post=672640"},{"taxonomy":"product_tag","embeddable":true,"href":"https:\/\/shop.kustom.ch\/fr\/wp-json\/wp\/v2\/product_tag?post=672640"}],"curies":[{"name":"wp","href":"https:\/\/api.w.org\/{rel}","templated":true}]}}