{"id":672516,"date":"2025-09-12T23:27:30","date_gmt":"2025-09-12T22:27:30","guid":{"rendered":"https:\/\/shop.kustom.ch\/?post_type=product&#038;p=672516"},"modified":"2026-04-01T07:38:49","modified_gmt":"2026-04-01T06:38:49","slug":"oskar-dachdeckerstiefel-autoreifensohle-doppelschnalle","status":"publish","type":"product","link":"https:\/\/shop.kustom.ch\/fr\/produit\/oskar-dachdeckerstiefel-autoreifensohle-doppelschnalle\/","title":{"rendered":"Bottes de couvreur OSKAR Semelle en pneu pour voiture Double boucle"},"content":{"rendered":"<p>Ajustement :<br \/>\nLe cuir s'assouplit l\u00e9g\u00e8rement avec le temps.tige de hauteur moyenne.<br \/>\nLe soutien de la cheville assure la stabilit\u00e9 et le maintien dans la chaussure.<br \/>\nLa fermeture pratique \u00e0 deux boucles s'adapte individuellement au pied et permet d'entrer et de sortir rapidement.La chaussure de travail est plut\u00f4t \u00e9troite.<br \/>\nSemelle ext\u00e9rieure :<br \/>\nLe m\u00e9lange sp\u00e9cial de caoutchouc des pneus de voiture conf\u00e8re aux semelles antid\u00e9rapantes une adh\u00e9rence particuli\u00e8re.<br \/>\nOutre une bonne adh\u00e9rence sur le toit, cela pr\u00e9sente l'avantage d'\u00e9viter que la semelle ne s'enfonce dans des mat\u00e9riaux mous tels que les membranes bitumineuses fra\u00eeches et ne laisse des traces ind\u00e9sirables.Le profil de la semelle ext\u00e9rieure diff\u00e8re d'une chaussure \u00e0 l'autre, selon le type de pneu de voiture dans lequel elle a \u00e9t\u00e9 fabriqu\u00e9e.<br \/>\nSemelle int\u00e9rieure :<br \/>\nLa semelle int\u00e9rieure souple et amortissante est de forme anatomique et assure un grand confort de marche.<br \/>\nLa semelle int\u00e9rieure respirante a une bonne r\u00e9gulation de l'humidit\u00e9 et assure ainsi un climat agr\u00e9able pour le pied.La semelle int\u00e9rieure peut \u00eatre retir\u00e9e.<br \/>\nNormes :<br \/>\nNon certifi\u00e9.<\/p>","protected":false},"excerpt":{"rendered":"<p>Passform: Das Leder gibt mit der Zeit etwas nach.Mittelhoher Schaft. Die st\u00fctzende Kn\u00f6chelpartie sorgt f\u00fcr Stabilit\u00e4t und Halt im Schuh. Der praktische Zweischnallen-Verschluss l\u00e4sst sich individuell an den Fuss anpassen und sorgt f\u00fcr ein schnelles Rein und Raus.Der Arbeitsschuh f\u00e4llt eher etwas schmal aus. Laufsohle: Profil aus Original-Autoreifen.Die spezielle Gummimischung von Autoreifen gibt den rutschhemmenden [&hellip;]<\/p>\n","protected":false},"featured_media":672517,"template":"","meta":[],"product_brand":[],"product_cat":[4197],"product_tag":[],"class_list":{"0":"post-672516","1":"product","2":"type-product","3":"status-publish","4":"has-post-thumbnail","6":"product_cat-schuhe-sandalen","7":"pa_brand-fhb","8":"pa_brand-type-workwear","9":"pa_filter-color-schwarz","11":"first","12":"instock","13":"sale","14":"taxable","15":"shipping-taxable","16":"purchasable","17":"product-type-variable","18":"add-to-wishlist-before_image"},"exclude_global_add_ons":[],"addons":[],"acf":[],"_links":{"self":[{"href":"https:\/\/shop.kustom.ch\/fr\/wp-json\/wp\/v2\/product\/672516"}],"collection":[{"href":"https:\/\/shop.kustom.ch\/fr\/wp-json\/wp\/v2\/product"}],"about":[{"href":"https:\/\/shop.kustom.ch\/fr\/wp-json\/wp\/v2\/types\/product"}],"wp:featuredmedia":[{"embeddable":true,"href":"https:\/\/shop.kustom.ch\/fr\/wp-json\/wp\/v2\/media\/672517"}],"wp:attachment":[{"href":"https:\/\/shop.kustom.ch\/fr\/wp-json\/wp\/v2\/media?parent=672516"}],"wp:term":[{"taxonomy":"product_brand","embeddable":true,"href":"https:\/\/shop.kustom.ch\/fr\/wp-json\/wp\/v2\/product_brand?post=672516"},{"taxonomy":"product_cat","embeddable":true,"href":"https:\/\/shop.kustom.ch\/fr\/wp-json\/wp\/v2\/product_cat?post=672516"},{"taxonomy":"product_tag","embeddable":true,"href":"https:\/\/shop.kustom.ch\/fr\/wp-json\/wp\/v2\/product_tag?post=672516"}],"curies":[{"name":"wp","href":"https:\/\/api.w.org\/{rel}","templated":true}]}}