{"id":672478,"date":"2025-09-12T23:26:44","date_gmt":"2025-09-12T22:26:44","guid":{"rendered":"https:\/\/shop.kustom.ch\/?post_type=product&#038;p=672478"},"modified":"2026-04-01T07:28:53","modified_gmt":"2026-04-01T06:28:53","slug":"manfred-dachdeckerstiefel-autoreifensohle-schnuerer","status":"publish","type":"product","link":"https:\/\/shop.kustom.ch\/fr\/produit\/manfred-dachdeckerstiefel-autoreifensohle-schnuerer\/","title":{"rendered":"MANFRED Bottes de couvreur Semelle en caoutchouc pour voiture Lacets"},"content":{"rendered":"<p>Ajustement :<br \/>\nLe cuir s'assouplit l\u00e9g\u00e8rement avec le temps.tige de hauteur moyenne.<br \/>\nLe soutien de la cheville assure la stabilit\u00e9 et le maintien dans la chaussure.<br \/>\nBottes \u00e0 lacets pouvant \u00eatre ferm\u00e9es par 10 \u0153illets m\u00e9talliques.<br \/>\nLa chaussure de travail est plut\u00f4t \u00e9troite.<br \/>\nSemelle ext\u00e9rieure :<br \/>\nLe m\u00e9lange sp\u00e9cial de caoutchouc des pneus de voiture conf\u00e8re aux semelles antid\u00e9rapantes une adh\u00e9rence particuli\u00e8re.<br \/>\nOutre une bonne adh\u00e9rence sur le toit, cela pr\u00e9sente l'avantage d'\u00e9viter que la semelle ne s'enfonce dans des mat\u00e9riaux mous tels que les membranes bitumineuses fra\u00eeches et ne laisse des traces ind\u00e9sirables.Le profil de la semelle ext\u00e9rieure diff\u00e8re d'une chaussure \u00e0 l'autre, selon le type de pneu de voiture dans lequel elle a \u00e9t\u00e9 fabriqu\u00e9e.<br \/>\nSemelle int\u00e9rieure :<br \/>\nLa semelle int\u00e9rieure souple et amortissante est de forme anatomique et assure un grand confort de marche.<br \/>\nLa semelle int\u00e9rieure respirante poss\u00e8de une bonne r\u00e9gulation de l'humidit\u00e9 et assure ainsi un climat agr\u00e9able pour le pied. La semelle int\u00e9rieure peut \u00eatre retir\u00e9e.<br \/>\nNormes :<br \/>\nNon certifi\u00e9.<\/p>","protected":false},"excerpt":{"rendered":"<p>Passform: Das Leder gibt mit der Zeit etwas nach.Mittelhoher Schaft. Die st\u00fctzende Kn\u00f6chelpartie sorgt f\u00fcr Stabilit\u00e4t und Halt im Schuh. Schn\u00fcrstiefel mit 10 Metall\u00f6sen verschliessbar. Der Arbeitsschuh f\u00e4llt eher etwas schmal aus. Laufsohle: Profil aus Original-Autoreifen.Die spezielle Gummimischung von Autoreifen gibt den rutschhemmenden Laufsohlen die besondere Griffigkeit.Die grobe Profil\u00adge\u00adstaltung von Autoreifen bietet eine gr\u00f6ssere Kontakt\u00adfl\u00e4che [&hellip;]<\/p>\n","protected":false},"featured_media":672480,"template":"","meta":[],"product_brand":[],"product_cat":[4197],"product_tag":[],"class_list":{"0":"post-672478","1":"product","2":"type-product","3":"status-publish","4":"has-post-thumbnail","6":"product_cat-schuhe-sandalen","7":"pa_brand-fhb","8":"pa_brand-type-workwear","9":"pa_filter-color-schwarz","11":"first","12":"instock","13":"sale","14":"taxable","15":"shipping-taxable","16":"purchasable","17":"product-type-variable","18":"add-to-wishlist-before_image"},"exclude_global_add_ons":[],"addons":[],"acf":[],"_links":{"self":[{"href":"https:\/\/shop.kustom.ch\/fr\/wp-json\/wp\/v2\/product\/672478"}],"collection":[{"href":"https:\/\/shop.kustom.ch\/fr\/wp-json\/wp\/v2\/product"}],"about":[{"href":"https:\/\/shop.kustom.ch\/fr\/wp-json\/wp\/v2\/types\/product"}],"wp:featuredmedia":[{"embeddable":true,"href":"https:\/\/shop.kustom.ch\/fr\/wp-json\/wp\/v2\/media\/672480"}],"wp:attachment":[{"href":"https:\/\/shop.kustom.ch\/fr\/wp-json\/wp\/v2\/media?parent=672478"}],"wp:term":[{"taxonomy":"product_brand","embeddable":true,"href":"https:\/\/shop.kustom.ch\/fr\/wp-json\/wp\/v2\/product_brand?post=672478"},{"taxonomy":"product_cat","embeddable":true,"href":"https:\/\/shop.kustom.ch\/fr\/wp-json\/wp\/v2\/product_cat?post=672478"},{"taxonomy":"product_tag","embeddable":true,"href":"https:\/\/shop.kustom.ch\/fr\/wp-json\/wp\/v2\/product_tag?post=672478"}],"curies":[{"name":"wp","href":"https:\/\/api.w.org\/{rel}","templated":true}]}}