{"id":671844,"date":"2025-09-12T22:18:52","date_gmt":"2025-09-12T21:18:52","guid":{"rendered":"https:\/\/shop.kustom.ch\/?post_type=product&#038;p=671844"},"modified":"2026-04-01T07:29:37","modified_gmt":"2026-04-01T06:29:37","slug":"andre-stretchguertel","status":"publish","type":"product","link":"https:\/\/shop.kustom.ch\/fr\/produit\/andre-stretchguertel\/","title":{"rendered":"Ceinture stretch ANDRE"},"content":{"rendered":"<p>Tissu \u00e9lastique pour un confort particuli\u00e8rement \u00e9lev\u00e9.L'\u00e9lasticit\u00e9 est garantie durablement par le type de tricotage sp\u00e9cial.Boucle de serrage stable et de haute qualit\u00e9 en plastique.Bande de 38 mm de large.11 longueurs de 70 \u00e0 170.<br \/>\nTu obtiens ta taille et non une taille unique que tu dois raccourcir toi-m\u00eame.R\u00e9glable en continu... Mat\u00e9riau : 100% polyester<\/p>","protected":false},"excerpt":{"rendered":"<p>Elastisches Gewebe f\u00fcr einen besonders hohen Tragekomfort.Die Elastizit\u00e4t wird durch die spezielle Strickart dauerhaft gew\u00e4hrleistet.Hochwertige, stabile Klemmschnalle aus Kunststoff.38 mm breites Band.11 L\u00e4ngen von 70 bis 170. Du bekommst deine Gr\u00f6sse und keine Einheitsgr\u00f6sse, die du selbst k\u00fcrzen musst.Stufenlos verstellbar.. Material: 100% Polyester<\/p>","protected":false},"featured_media":671845,"template":"","meta":[],"product_brand":[],"product_cat":[4178],"product_tag":[],"class_list":{"0":"post-671844","1":"product","2":"type-product","3":"status-publish","4":"has-post-thumbnail","6":"product_cat-guertel","7":"pa_brand-fhb","8":"pa_brand-type-workwear","9":"pa_filter-color-schwarz","11":"first","12":"instock","13":"sale","14":"taxable","15":"shipping-taxable","16":"purchasable","17":"product-type-variable","18":"add-to-wishlist-before_image"},"exclude_global_add_ons":[],"addons":[],"acf":[],"_links":{"self":[{"href":"https:\/\/shop.kustom.ch\/fr\/wp-json\/wp\/v2\/product\/671844"}],"collection":[{"href":"https:\/\/shop.kustom.ch\/fr\/wp-json\/wp\/v2\/product"}],"about":[{"href":"https:\/\/shop.kustom.ch\/fr\/wp-json\/wp\/v2\/types\/product"}],"wp:featuredmedia":[{"embeddable":true,"href":"https:\/\/shop.kustom.ch\/fr\/wp-json\/wp\/v2\/media\/671845"}],"wp:attachment":[{"href":"https:\/\/shop.kustom.ch\/fr\/wp-json\/wp\/v2\/media?parent=671844"}],"wp:term":[{"taxonomy":"product_brand","embeddable":true,"href":"https:\/\/shop.kustom.ch\/fr\/wp-json\/wp\/v2\/product_brand?post=671844"},{"taxonomy":"product_cat","embeddable":true,"href":"https:\/\/shop.kustom.ch\/fr\/wp-json\/wp\/v2\/product_cat?post=671844"},{"taxonomy":"product_tag","embeddable":true,"href":"https:\/\/shop.kustom.ch\/fr\/wp-json\/wp\/v2\/product_tag?post=671844"}],"curies":[{"name":"wp","href":"https:\/\/api.w.org\/{rel}","templated":true}]}}