{"id":670702,"date":"2025-07-03T16:52:56","date_gmt":"2025-07-03T15:52:56","guid":{"rendered":"https:\/\/shop.kustom.ch\/?post_type=product&#038;p=670702"},"modified":"2026-03-31T12:45:37","modified_gmt":"2026-03-31T11:45:37","slug":"trainingssocken-2","status":"publish","type":"product","link":"https:\/\/shop.kustom.ch\/fr\/produit\/trainingssocken-2\/","title":{"rendered":"Chaussettes d'entra\u00eenement"},"content":{"rendered":"<p>Chaussettes d'entra\u00eenement hautement fonctionnelles avec une coupe optimale gr\u00e2ce au syst\u00e8me droite-gauche et aux zones sp\u00e9ciales pour un confort particuli\u00e8rement agr\u00e9able.<br \/>\nSyst\u00e8me gauche-droite ; Mat\u00e9riau fonctionnel \u00e0 s\u00e9chage rapide ; Protection de la cheville ; Zone de peluche sur la semelle<br \/>\n55% polypropyl\u00e8ne, 35% coton, 10% \u00e9lasthanne<\/p>","protected":false},"excerpt":{"rendered":"<p>Hochfunktionelle Trainingssocke mit optimaler Passform durch Rechts-Links-System und Spezialzonen f\u00fcr ein besonders angenehmes Tragegef\u00fchl. Links-rechts System; Schnelltrocknendes Funktionsmaterial; Kn\u00f6chelschutz; Pl\u00fcschzone auf der Sohle 55% Polypropylene, 35% Baumwolle, 10% Elasthan<\/p>","protected":false},"featured_media":618307,"template":"","meta":[],"product_brand":[],"product_cat":[4199],"product_tag":[],"class_list":{"0":"post-670702","1":"product","2":"type-product","3":"status-publish","4":"has-post-thumbnail","6":"product_cat-socken","7":"pa_brand-erima","8":"pa_brand-type-sportswear","9":"pa_filter-color-blau","10":"pa_filter-color-gelb","11":"pa_filter-color-gruen","12":"pa_filter-color-rot","13":"pa_filter-color-schwarz","14":"pa_filter-color-weiss","16":"first","17":"instock","18":"sale","19":"taxable","20":"shipping-taxable","21":"purchasable","22":"product-type-variable","23":"add-to-wishlist-before_image"},"exclude_global_add_ons":[],"addons":[],"acf":[],"_links":{"self":[{"href":"https:\/\/shop.kustom.ch\/fr\/wp-json\/wp\/v2\/product\/670702"}],"collection":[{"href":"https:\/\/shop.kustom.ch\/fr\/wp-json\/wp\/v2\/product"}],"about":[{"href":"https:\/\/shop.kustom.ch\/fr\/wp-json\/wp\/v2\/types\/product"}],"wp:featuredmedia":[{"embeddable":true,"href":"https:\/\/shop.kustom.ch\/fr\/wp-json\/wp\/v2\/media\/618307"}],"wp:attachment":[{"href":"https:\/\/shop.kustom.ch\/fr\/wp-json\/wp\/v2\/media?parent=670702"}],"wp:term":[{"taxonomy":"product_brand","embeddable":true,"href":"https:\/\/shop.kustom.ch\/fr\/wp-json\/wp\/v2\/product_brand?post=670702"},{"taxonomy":"product_cat","embeddable":true,"href":"https:\/\/shop.kustom.ch\/fr\/wp-json\/wp\/v2\/product_cat?post=670702"},{"taxonomy":"product_tag","embeddable":true,"href":"https:\/\/shop.kustom.ch\/fr\/wp-json\/wp\/v2\/product_tag?post=670702"}],"curies":[{"name":"wp","href":"https:\/\/api.w.org\/{rel}","templated":true}]}}