{"id":670625,"date":"2025-07-02T16:15:45","date_gmt":"2025-07-02T15:15:45","guid":{"rendered":"https:\/\/shop.kustom.ch\/?post_type=product&#038;p=670625"},"modified":"2025-07-02T16:15:55","modified_gmt":"2025-07-02T15:15:55","slug":"svri-promo-t-shirt","status":"publish","type":"product","link":"https:\/\/shop.kustom.ch\/fr\/produit\/svri-promo-t-shirt\/","title":{"rendered":"T-shirt promotionnel SVRI"},"content":{"rendered":"<p><span style=\"vertical-align: inherit;\"><span style=\"vertical-align: inherit;\">Le compagnon id\u00e9al pour le sport et les loisirs. <\/span><\/span><\/p>\n<p><span style=\"vertical-align: inherit;\"><span style=\"vertical-align: inherit;\">Confortable \u00e0 porter gr\u00e2ce \u00e0 sa mati\u00e8re en coton respectueuse de la peau. <\/span><\/span><\/p>\n<p><span style=\"vertical-align: inherit;\"><span style=\"vertical-align: inherit;\">Poids : approx. 160 g \/ m\u00b2<\/span><\/span><\/p>\n<p><span style=\"vertical-align: inherit;\"><span style=\"vertical-align: inherit;\">Mati\u00e8re : 100% coton <\/span><\/span><\/p>\n<p><span style=\"vertical-align: inherit;\"><span style=\"vertical-align: inherit;\">Mati\u00e8re : 80% coton, 20% polyester<\/span><\/span><\/p>","protected":false},"excerpt":{"rendered":"<p>The ideal companion for sport and leisure. Comfortable to wear thanks to skin-friendly cotton material. Weight: approx. 160 g \/ m\u00b2 Material: 100% cotton Material: 80% cotton, 20% polyester<\/p>","protected":false},"featured_media":670637,"template":"","meta":[],"product_brand":[],"product_cat":[6440],"product_tag":[],"class_list":{"0":"post-670625","1":"product","2":"type-product","3":"status-publish","4":"has-post-thumbnail","6":"product_cat-svri-spieler","8":"first","9":"instock","10":"taxable","11":"shipping-taxable","12":"purchasable","13":"product-type-variable","14":"add-to-wishlist-before_image"},"exclude_global_add_ons":[],"addons":[],"acf":[],"_links":{"self":[{"href":"https:\/\/shop.kustom.ch\/fr\/wp-json\/wp\/v2\/product\/670625"}],"collection":[{"href":"https:\/\/shop.kustom.ch\/fr\/wp-json\/wp\/v2\/product"}],"about":[{"href":"https:\/\/shop.kustom.ch\/fr\/wp-json\/wp\/v2\/types\/product"}],"wp:featuredmedia":[{"embeddable":true,"href":"https:\/\/shop.kustom.ch\/fr\/wp-json\/wp\/v2\/media\/670637"}],"wp:attachment":[{"href":"https:\/\/shop.kustom.ch\/fr\/wp-json\/wp\/v2\/media?parent=670625"}],"wp:term":[{"taxonomy":"product_brand","embeddable":true,"href":"https:\/\/shop.kustom.ch\/fr\/wp-json\/wp\/v2\/product_brand?post=670625"},{"taxonomy":"product_cat","embeddable":true,"href":"https:\/\/shop.kustom.ch\/fr\/wp-json\/wp\/v2\/product_cat?post=670625"},{"taxonomy":"product_tag","embeddable":true,"href":"https:\/\/shop.kustom.ch\/fr\/wp-json\/wp\/v2\/product_tag?post=670625"}],"curies":[{"name":"wp","href":"https:\/\/api.w.org\/{rel}","templated":true}]}}