{"id":670567,"date":"2025-06-27T20:22:37","date_gmt":"2025-06-27T19:22:37","guid":{"rendered":"https:\/\/shop.kustom.ch\/?post_type=product&#038;p=670567"},"modified":"2025-07-16T08:17:19","modified_gmt":"2025-07-16T07:17:19","slug":"svri-laptop-rucksack","status":"publish","type":"product","link":"https:\/\/shop.kustom.ch\/fr\/produit\/svri-laptop-rucksack\/","title":{"rendered":"Sac \u00e0 dos pour ordinateur portable SVRI"},"content":{"rendered":"<ul>\n<li>Super pratique : la combinaison spacieuse d'un sac \u00e0 dos de sport et d'un sac \u00e0 dos d'affaires offre suffisamment d'espace de rangement pour tous les ustensiles importants.<\/li>\n<li>Compartiment principal spacieux et doublement rembourr\u00e9 avec double fermeture \u00e9clair, id\u00e9al pour les ordinateurs portables<\/li>\n<li>Compartiment principal suppl\u00e9mentaire pour les documents ou les v\u00eatements<\/li>\n<li>Compartiment d'organisation avec poche int\u00e9gr\u00e9e pour les petits objets<\/li>\n<li>Compartiment suppl\u00e9mentaire avec clip pour cl\u00e9s et poche zipp\u00e9e plaqu\u00e9e<\/li>\n<li>Deux poches en maille, id\u00e9ales pour les bouteilles<\/li>\n<li>Mat\u00e9riau plus robuste et imperm\u00e9able au sol, facile \u00e0 essuyer<\/li>\n<li>Bretelles et dos bien rembourr\u00e9s<\/li>\n<li>poche zipp\u00e9e \u00e0 l'arri\u00e8re, parfaite pour les objets de valeur<\/li>\n<\/ul>","protected":false},"excerpt":{"rendered":"<p>Super praktisch: Die ger\u00e4umige Kombination aus Sport- und Businessrucksack bietet ausreichend Stauraum f\u00fcr alle wichtigen Utensilien. Ger\u00e4umiges, doppelt gepolstertes Hauptfach mit Doppel-Reissverschluss, ideal f\u00fcr Laptops Zus\u00e4tzliches Hauptfach f\u00fcr Unterlagen oder Klamotten Organizerfach mit integrierter Tasche f\u00fcr Kleinteile Zus\u00e4tzliches Fach mit Schl\u00fcsselclip und aufgesetzter Reissverschlusstasche Zwei Mesh-Taschen, ideal f\u00fcr Flaschen Robusteres, wasserabweisendes Material am Boden, einfach [&hellip;]<\/p>\n","protected":false},"featured_media":670889,"template":"","meta":[],"product_brand":[],"product_cat":[6441],"product_tag":[],"class_list":{"0":"post-670567","1":"product","2":"type-product","3":"status-publish","4":"has-post-thumbnail","6":"product_cat-svri-funktionaere","8":"first","9":"instock","10":"taxable","11":"shipping-taxable","12":"purchasable","13":"product-type-variable","14":"add-to-wishlist-before_image"},"exclude_global_add_ons":[],"addons":[],"acf":[],"_links":{"self":[{"href":"https:\/\/shop.kustom.ch\/fr\/wp-json\/wp\/v2\/product\/670567"}],"collection":[{"href":"https:\/\/shop.kustom.ch\/fr\/wp-json\/wp\/v2\/product"}],"about":[{"href":"https:\/\/shop.kustom.ch\/fr\/wp-json\/wp\/v2\/types\/product"}],"wp:featuredmedia":[{"embeddable":true,"href":"https:\/\/shop.kustom.ch\/fr\/wp-json\/wp\/v2\/media\/670889"}],"wp:attachment":[{"href":"https:\/\/shop.kustom.ch\/fr\/wp-json\/wp\/v2\/media?parent=670567"}],"wp:term":[{"taxonomy":"product_brand","embeddable":true,"href":"https:\/\/shop.kustom.ch\/fr\/wp-json\/wp\/v2\/product_brand?post=670567"},{"taxonomy":"product_cat","embeddable":true,"href":"https:\/\/shop.kustom.ch\/fr\/wp-json\/wp\/v2\/product_cat?post=670567"},{"taxonomy":"product_tag","embeddable":true,"href":"https:\/\/shop.kustom.ch\/fr\/wp-json\/wp\/v2\/product_tag?post=670567"}],"curies":[{"name":"wp","href":"https:\/\/api.w.org\/{rel}","templated":true}]}}