{"id":670566,"date":"2025-06-27T20:22:37","date_gmt":"2025-06-27T19:22:37","guid":{"rendered":"https:\/\/shop.kustom.ch\/?post_type=product&#038;p=670566"},"modified":"2025-06-27T20:25:17","modified_gmt":"2025-06-27T19:25:17","slug":"svri-classic-5-c-shorts","status":"publish","type":"product","link":"https:\/\/shop.kustom.ch\/fr\/produit\/svri-classic-5-c-shorts\/","title":{"rendered":"Short SVRI CLASSIC 5-C"},"content":{"rendered":"<p>\u00c9l\u00e9gant short d'entra\u00eenement et de comp\u00e9tition en mati\u00e8re fonctionnelle \u00e9lastique<br \/>\nImpression 5-C r\u00e9sistante \u00e0 la chaleur sur le c\u00f4t\u00e9<br \/>\nAvec slip int\u00e9rieur<br \/>\nSe combine id\u00e9alement avec tous les maillots 5-C<br \/>\nLongueur de c\u00f4t\u00e9 dans la taille M : 46 cm<\/p>\n<p>Mat\u00e9riau : polyester 100%<br \/>\nSlip int\u00e9rieur : 100% polyester<br \/>\nMat\u00e9riau : polyester 100%<\/p>","protected":false},"excerpt":{"rendered":"<p>Stylische Trainings- und Wettkampfshorts aus elastischem Funktionsmaterial Hitzebest\u00e4ndiger 5-C Print auf der Seite Mit Innenslip Ideal kombinierbar mit allen 5-C Trikots Seitenl\u00e4nge bei Gr. M: 46 cm Material: 100% Polyester Innenslip: 100% Polyester Material: 100% Polyester<\/p>","protected":false},"featured_media":135179,"template":"","meta":[],"product_brand":[],"product_cat":[6440],"product_tag":[],"class_list":{"0":"post-670566","1":"product","2":"type-product","3":"status-publish","4":"has-post-thumbnail","6":"product_cat-svri-spieler","8":"first","9":"instock","10":"taxable","11":"shipping-taxable","12":"purchasable","13":"product-type-variable","14":"add-to-wishlist-before_image"},"exclude_global_add_ons":[],"addons":[],"acf":[],"_links":{"self":[{"href":"https:\/\/shop.kustom.ch\/fr\/wp-json\/wp\/v2\/product\/670566"}],"collection":[{"href":"https:\/\/shop.kustom.ch\/fr\/wp-json\/wp\/v2\/product"}],"about":[{"href":"https:\/\/shop.kustom.ch\/fr\/wp-json\/wp\/v2\/types\/product"}],"wp:featuredmedia":[{"embeddable":true,"href":"https:\/\/shop.kustom.ch\/fr\/wp-json\/wp\/v2\/media\/135179"}],"wp:attachment":[{"href":"https:\/\/shop.kustom.ch\/fr\/wp-json\/wp\/v2\/media?parent=670566"}],"wp:term":[{"taxonomy":"product_brand","embeddable":true,"href":"https:\/\/shop.kustom.ch\/fr\/wp-json\/wp\/v2\/product_brand?post=670566"},{"taxonomy":"product_cat","embeddable":true,"href":"https:\/\/shop.kustom.ch\/fr\/wp-json\/wp\/v2\/product_cat?post=670566"},{"taxonomy":"product_tag","embeddable":true,"href":"https:\/\/shop.kustom.ch\/fr\/wp-json\/wp\/v2\/product_tag?post=670566"}],"curies":[{"name":"wp","href":"https:\/\/api.w.org\/{rel}","templated":true}]}}