{"id":669925,"date":"2025-06-05T20:33:36","date_gmt":"2025-06-05T19:33:36","guid":{"rendered":"https:\/\/shop.kustom.ch\/?post_type=product&#038;p=669925"},"modified":"2026-03-31T10:38:46","modified_gmt":"2026-03-31T09:38:46","slug":"scarsdale-sweater-men","status":"publish","type":"product","link":"https:\/\/shop.kustom.ch\/fr\/produit\/scarsdale-sweater-men\/","title":{"rendered":"Sweat Scarsdale Hommes"},"content":{"rendered":"<p>Nous vous pr\u00e9sentons le pull Scarsdale, un confort classique avec une touche de modernit\u00e9. Avec un tricot structur\u00e9 \u00e0 l'avant et \u00e0 l'arri\u00e8re, ce pull offre texture et profondeur, tandis que les manches raglan sont accentu\u00e9es par deux bandes de couleur contrast\u00e9e pour une touche sportive et contemporaine. Ce pull est compos\u00e9 de coton biologique certifi\u00e9 80% et de polyester recycl\u00e9 certifi\u00e9 20%.<\/p>\n<p>Mati\u00e8re : coton biologique 80%, polyester recycl\u00e9 20%<\/p>","protected":false},"excerpt":{"rendered":"<p>Wir pr\u00e4sentieren den Scarsdale Pullover, ein klassischer Komfort mit modernem Twist. Mit einem strukturierten Strick auf Vorder- und R\u00fcckseite bietet dieser Pullover Textur und Tiefe, w\u00e4hrend die Raglan\u00e4rmel mit zwei kontrastfarbenen Streifen f\u00fcr eine sportliche, zeitgem\u00e4sse Note akzentuiert sind. Dieser Pullover besteht aus 80% zertifizierter Bio-Baumwolle und 20% zertifiziertem recyceltem Polyester. Material: 80% Bio-Baumwolle, 20% [&hellip;]<\/p>\n","protected":false},"featured_media":646412,"template":"","meta":[],"product_brand":[],"product_cat":[4191],"product_tag":[],"class_list":{"0":"post-669925","1":"product","2":"type-product","3":"status-publish","4":"has-post-thumbnail","6":"product_cat-longsleeves-sweatshirts","7":"pa_brand-harvest","8":"pa_brand-type-workwear","9":"pa_filter-color-blau","10":"pa_filter-color-braun","11":"pa_filter-color-schwarz","13":"first","14":"instock","15":"sale","16":"taxable","17":"shipping-taxable","18":"purchasable","19":"product-type-variable","20":"add-to-wishlist-before_image"},"exclude_global_add_ons":[],"addons":[],"acf":[],"_links":{"self":[{"href":"https:\/\/shop.kustom.ch\/fr\/wp-json\/wp\/v2\/product\/669925"}],"collection":[{"href":"https:\/\/shop.kustom.ch\/fr\/wp-json\/wp\/v2\/product"}],"about":[{"href":"https:\/\/shop.kustom.ch\/fr\/wp-json\/wp\/v2\/types\/product"}],"wp:featuredmedia":[{"embeddable":true,"href":"https:\/\/shop.kustom.ch\/fr\/wp-json\/wp\/v2\/media\/646412"}],"wp:attachment":[{"href":"https:\/\/shop.kustom.ch\/fr\/wp-json\/wp\/v2\/media?parent=669925"}],"wp:term":[{"taxonomy":"product_brand","embeddable":true,"href":"https:\/\/shop.kustom.ch\/fr\/wp-json\/wp\/v2\/product_brand?post=669925"},{"taxonomy":"product_cat","embeddable":true,"href":"https:\/\/shop.kustom.ch\/fr\/wp-json\/wp\/v2\/product_cat?post=669925"},{"taxonomy":"product_tag","embeddable":true,"href":"https:\/\/shop.kustom.ch\/fr\/wp-json\/wp\/v2\/product_tag?post=669925"}],"curies":[{"name":"wp","href":"https:\/\/api.w.org\/{rel}","templated":true}]}}