{"id":669806,"date":"2025-06-05T20:32:39","date_gmt":"2025-06-05T19:32:39","guid":{"rendered":"https:\/\/shop.kustom.ch\/?post_type=product&#038;p=669806"},"modified":"2026-03-31T10:32:54","modified_gmt":"2026-03-31T09:32:54","slug":"ashland-u","status":"publish","type":"product","link":"https:\/\/shop.kustom.ch\/fr\/produit\/ashland-u\/","title":{"rendered":"Ashland U"},"content":{"rendered":"<p>Pull en tricot avec encolure en U. C\u00f4te 1\u00d71 sur le bas et le bas des manches. Bord doublement pli\u00e9 au niveau du cou. Certifi\u00e9 Oeko-Tex 100.<\/p>\n<p>Mati\u00e8re : 100% coton 12 gg, 255 G\/m2<\/p>","protected":false},"excerpt":{"rendered":"<p>Strickpullover mit U-Ausschnitt. 1&#215;1 Rippe an der Unterseite und an den unteren \u00c4rmeln. Doppelt gefalteter Rand am Hals. \u00d6ko-Tex 100 zertifiziert. Material: 100% Baumwolle 12 gg, 255 G\/m2<\/p>","protected":false},"featured_media":503544,"template":"","meta":[],"product_brand":[],"product_cat":[4191],"product_tag":[],"class_list":{"0":"post-669806","1":"product","2":"type-product","3":"status-publish","4":"has-post-thumbnail","6":"product_cat-longsleeves-sweatshirts","7":"pa_brand-harvest","8":"pa_brand-type-workwear","9":"pa_filter-color-blau","10":"pa_filter-color-grau","11":"pa_filter-color-schwarz","13":"first","14":"instock","15":"sale","16":"taxable","17":"shipping-taxable","18":"purchasable","19":"product-type-variable","20":"add-to-wishlist-before_image"},"exclude_global_add_ons":[],"addons":[],"acf":[],"_links":{"self":[{"href":"https:\/\/shop.kustom.ch\/fr\/wp-json\/wp\/v2\/product\/669806"}],"collection":[{"href":"https:\/\/shop.kustom.ch\/fr\/wp-json\/wp\/v2\/product"}],"about":[{"href":"https:\/\/shop.kustom.ch\/fr\/wp-json\/wp\/v2\/types\/product"}],"wp:featuredmedia":[{"embeddable":true,"href":"https:\/\/shop.kustom.ch\/fr\/wp-json\/wp\/v2\/media\/503544"}],"wp:attachment":[{"href":"https:\/\/shop.kustom.ch\/fr\/wp-json\/wp\/v2\/media?parent=669806"}],"wp:term":[{"taxonomy":"product_brand","embeddable":true,"href":"https:\/\/shop.kustom.ch\/fr\/wp-json\/wp\/v2\/product_brand?post=669806"},{"taxonomy":"product_cat","embeddable":true,"href":"https:\/\/shop.kustom.ch\/fr\/wp-json\/wp\/v2\/product_cat?post=669806"},{"taxonomy":"product_tag","embeddable":true,"href":"https:\/\/shop.kustom.ch\/fr\/wp-json\/wp\/v2\/product_tag?post=669806"}],"curies":[{"name":"wp","href":"https:\/\/api.w.org\/{rel}","templated":true}]}}