{"id":669805,"date":"2025-06-05T20:32:39","date_gmt":"2025-06-05T19:32:39","guid":{"rendered":"https:\/\/shop.kustom.ch\/?post_type=product&#038;p=669805"},"modified":"2026-03-31T10:51:21","modified_gmt":"2026-03-31T09:51:21","slug":"brockway","status":"publish","type":"product","link":"https:\/\/shop.kustom.ch\/fr\/produit\/brockway\/","title":{"rendered":"Brockway"},"content":{"rendered":"<p>Veste en tricot lourd avec fermeture \u00e9clair m\u00e9tallique sur toute la longueur, avec un puller \u00e0 fermeture \u00e9clair en similicuir. Patchs aux coudes, tricot\u00e9s \u00e0 plat avec le m\u00eame fil. Bords c\u00f4tes tricot\u00e9s en deux couches en bas de la taille, aux manches et au col.<\/p>\n<p>Mati\u00e8re : 50% coton, 50% acrylique<\/p>","protected":false},"excerpt":{"rendered":"<p>Schwere Strickjacke mit durchgehendem Metallreissverschluss, mit einem Zipperpuller aus Kunstleder. Ellbogenpatches, flachgestrickt aus gleichem Garn. Zweilagig gestrickte Rippenb\u00fcndchen unten am Bund, an \u00c4rmel und Kragen. Material: 50% Baumwolle, 50% Acryl<\/p>","protected":false},"featured_media":503722,"template":"","meta":[],"product_brand":[],"product_cat":[4191],"product_tag":[],"class_list":{"0":"post-669805","1":"product","2":"type-product","3":"status-publish","4":"has-post-thumbnail","6":"product_cat-longsleeves-sweatshirts","7":"pa_brand-harvest","8":"pa_brand-type-workwear","9":"pa_filter-color-grau","10":"pa_filter-color-schwarz","12":"first","13":"instock","14":"sale","15":"taxable","16":"shipping-taxable","17":"purchasable","18":"product-type-variable","19":"add-to-wishlist-before_image"},"exclude_global_add_ons":[],"addons":[],"acf":[],"_links":{"self":[{"href":"https:\/\/shop.kustom.ch\/fr\/wp-json\/wp\/v2\/product\/669805"}],"collection":[{"href":"https:\/\/shop.kustom.ch\/fr\/wp-json\/wp\/v2\/product"}],"about":[{"href":"https:\/\/shop.kustom.ch\/fr\/wp-json\/wp\/v2\/types\/product"}],"wp:featuredmedia":[{"embeddable":true,"href":"https:\/\/shop.kustom.ch\/fr\/wp-json\/wp\/v2\/media\/503722"}],"wp:attachment":[{"href":"https:\/\/shop.kustom.ch\/fr\/wp-json\/wp\/v2\/media?parent=669805"}],"wp:term":[{"taxonomy":"product_brand","embeddable":true,"href":"https:\/\/shop.kustom.ch\/fr\/wp-json\/wp\/v2\/product_brand?post=669805"},{"taxonomy":"product_cat","embeddable":true,"href":"https:\/\/shop.kustom.ch\/fr\/wp-json\/wp\/v2\/product_cat?post=669805"},{"taxonomy":"product_tag","embeddable":true,"href":"https:\/\/shop.kustom.ch\/fr\/wp-json\/wp\/v2\/product_tag?post=669805"}],"curies":[{"name":"wp","href":"https:\/\/api.w.org\/{rel}","templated":true}]}}