{"id":669747,"date":"2025-06-05T20:32:08","date_gmt":"2025-06-05T19:32:08","guid":{"rendered":"https:\/\/shop.kustom.ch\/?post_type=product&#038;p=669747"},"modified":"2026-03-31T10:51:44","modified_gmt":"2026-03-31T09:51:44","slug":"ashland","status":"publish","type":"product","link":"https:\/\/shop.kustom.ch\/fr\/produit\/ashland\/","title":{"rendered":"Ashland"},"content":{"rendered":"<p>Pull finement tricot\u00e9 avec encolure en V, 1 x 1 bord-c\u00f4te aux poignets et \u00e0 l'ourlet inf\u00e9rieur. Double tricot plat au cou.<\/p>\n<p>Mati\u00e8re : 100% coton 12 gg, 255 g\/m\u00b2.<\/p>","protected":false},"excerpt":{"rendered":"<p>Pull finement tricot\u00e9 avec encolure en V, 1 x 1 bord-c\u00f4te aux poignets et \u00e0 l'ourlet inf\u00e9rieur. Double tricot plat au cou. Mati\u00e8re : 100% coton 12 gg, 255 g\/m\u00b2.<\/p>","protected":false},"featured_media":503370,"template":"","meta":[],"product_brand":[],"product_cat":[4191],"product_tag":[],"class_list":{"0":"post-669747","1":"product","2":"type-product","3":"status-publish","4":"has-post-thumbnail","6":"product_cat-longsleeves-sweatshirts","7":"pa_brand-harvest","8":"pa_brand-type-workwear","9":"pa_filter-color-blau","10":"pa_filter-color-grau","11":"pa_filter-color-schwarz","13":"first","14":"instock","15":"sale","16":"taxable","17":"shipping-taxable","18":"purchasable","19":"product-type-variable","20":"add-to-wishlist-before_image"},"exclude_global_add_ons":[],"addons":[],"acf":[],"_links":{"self":[{"href":"https:\/\/shop.kustom.ch\/fr\/wp-json\/wp\/v2\/product\/669747"}],"collection":[{"href":"https:\/\/shop.kustom.ch\/fr\/wp-json\/wp\/v2\/product"}],"about":[{"href":"https:\/\/shop.kustom.ch\/fr\/wp-json\/wp\/v2\/types\/product"}],"wp:featuredmedia":[{"embeddable":true,"href":"https:\/\/shop.kustom.ch\/fr\/wp-json\/wp\/v2\/media\/503370"}],"wp:attachment":[{"href":"https:\/\/shop.kustom.ch\/fr\/wp-json\/wp\/v2\/media?parent=669747"}],"wp:term":[{"taxonomy":"product_brand","embeddable":true,"href":"https:\/\/shop.kustom.ch\/fr\/wp-json\/wp\/v2\/product_brand?post=669747"},{"taxonomy":"product_cat","embeddable":true,"href":"https:\/\/shop.kustom.ch\/fr\/wp-json\/wp\/v2\/product_cat?post=669747"},{"taxonomy":"product_tag","embeddable":true,"href":"https:\/\/shop.kustom.ch\/fr\/wp-json\/wp\/v2\/product_tag?post=669747"}],"curies":[{"name":"wp","href":"https:\/\/api.w.org\/{rel}","templated":true}]}}