{"id":669455,"date":"2025-06-02T13:39:53","date_gmt":"2025-06-02T12:39:53","guid":{"rendered":"https:\/\/shop.kustom.ch\/?post_type=product&#038;p=669455"},"modified":"2026-02-11T22:02:17","modified_gmt":"2026-02-11T21:02:17","slug":"fch-trainingshose-power","status":"publish","type":"product","link":"https:\/\/shop.kustom.ch\/fr\/produit\/fch-trainingshose-power\/","title":{"rendered":"Pantalon d'entra\u00eenement Power de la FCH"},"content":{"rendered":"<p><strong>Pantalon de surv\u00eatement avec taille \u00e9lastique et coupe moderne pour adultes, longueur cheville<\/strong><\/p>\n<p>Gr\u00e2ce \u00e0 la fonction Keep Dry du pantalon de surv\u00eatement JAKO Power, l'humidit\u00e9 arrive directement \u00e0 la surface du tissu et veille \u00e0 ce que tu ne te refroidisses pas pendant le sport et que le tissu s\u00e8che tr\u00e8s rapidement. La taille \u00e9lastique en deux parties avec cordon de serrage assure un tr\u00e8s bon maintien pendant l'entra\u00eenement. De plus, les poches lat\u00e9rales zipp\u00e9es offrent suffisamment de possibilit\u00e9s de rangement et le bas des jambes dispose \u00e9galement d'une fermeture \u00e9clair.<\/p>","protected":false},"excerpt":{"rendered":"<p>Mati\u00e8re : 90 % polyester (recycl\u00e9), 10 % \u00e9lasthanne<\/p>\n<p>couleur : noir<\/p>","protected":false},"featured_media":669467,"template":"","meta":[],"product_brand":[],"product_cat":[6430],"product_tag":[],"class_list":{"0":"post-669455","1":"product","2":"type-product","3":"status-publish","4":"has-post-thumbnail","6":"product_cat-fc-heiden","8":"first","9":"instock","10":"taxable","11":"shipping-taxable","12":"purchasable","13":"product-type-variable","14":"add-to-wishlist-before_image"},"exclude_global_add_ons":[],"addons":[],"acf":[],"_links":{"self":[{"href":"https:\/\/shop.kustom.ch\/fr\/wp-json\/wp\/v2\/product\/669455"}],"collection":[{"href":"https:\/\/shop.kustom.ch\/fr\/wp-json\/wp\/v2\/product"}],"about":[{"href":"https:\/\/shop.kustom.ch\/fr\/wp-json\/wp\/v2\/types\/product"}],"wp:featuredmedia":[{"embeddable":true,"href":"https:\/\/shop.kustom.ch\/fr\/wp-json\/wp\/v2\/media\/669467"}],"wp:attachment":[{"href":"https:\/\/shop.kustom.ch\/fr\/wp-json\/wp\/v2\/media?parent=669455"}],"wp:term":[{"taxonomy":"product_brand","embeddable":true,"href":"https:\/\/shop.kustom.ch\/fr\/wp-json\/wp\/v2\/product_brand?post=669455"},{"taxonomy":"product_cat","embeddable":true,"href":"https:\/\/shop.kustom.ch\/fr\/wp-json\/wp\/v2\/product_cat?post=669455"},{"taxonomy":"product_tag","embeddable":true,"href":"https:\/\/shop.kustom.ch\/fr\/wp-json\/wp\/v2\/product_tag?post=669455"}],"curies":[{"name":"wp","href":"https:\/\/api.w.org\/{rel}","templated":true}]}}