{"id":669181,"date":"2025-05-14T20:03:15","date_gmt":"2025-05-14T19:03:15","guid":{"rendered":"https:\/\/shop.kustom.ch\/?post_type=product&#038;p=669181"},"modified":"2025-05-23T09:29:33","modified_gmt":"2025-05-23T08:29:33","slug":"sweat-organic-unisex","status":"publish","type":"product","link":"https:\/\/shop.kustom.ch\/fr\/produit\/sweat-organic-unisex\/","title":{"rendered":"Sweat Organic (unisexe)"},"content":{"rendered":"<p>Notre sweat mixte Organic est fabriqu\u00e9 \u00e0 partir de coton bio ring-spun peign\u00e9 et de polyester. Gr\u00e2ce \u00e0 son int\u00e9rieur gratt\u00e9, le sweat est particuli\u00e8rement agr\u00e9able \u00e0 porter. Le sweat de notre teamwear d'entreprise est lavable \u00e0 60\u00b0 C et pr\u00e9trait\u00e9. Il conserve sa couleur et sa forme m\u00eame apr\u00e8s plusieurs lavages intensifs. Les bords c\u00f4tes du sweat et des manches assurent un ajustement optimal de tes v\u00eatements professionnels, m\u00eame en cas de forte sollicitation.<\/p>\n<p>Mati\u00e8re : 70 % coton (bio), 30 % polyester (recycl\u00e9)<\/p>","protected":false},"excerpt":{"rendered":"<p>couleur : noir<\/p>","protected":false},"featured_media":669001,"template":"","meta":[],"product_brand":[],"product_cat":[12420],"product_tag":[],"class_list":{"0":"post-669181","1":"product","2":"type-product","3":"status-publish","4":"has-post-thumbnail","6":"product_cat-fpw-crossfit","8":"first","9":"instock","10":"taxable","11":"shipping-taxable","12":"purchasable","13":"product-type-variable","14":"add-to-wishlist-before_image"},"exclude_global_add_ons":[],"addons":[],"acf":[],"_links":{"self":[{"href":"https:\/\/shop.kustom.ch\/fr\/wp-json\/wp\/v2\/product\/669181"}],"collection":[{"href":"https:\/\/shop.kustom.ch\/fr\/wp-json\/wp\/v2\/product"}],"about":[{"href":"https:\/\/shop.kustom.ch\/fr\/wp-json\/wp\/v2\/types\/product"}],"wp:featuredmedia":[{"embeddable":true,"href":"https:\/\/shop.kustom.ch\/fr\/wp-json\/wp\/v2\/media\/669001"}],"wp:attachment":[{"href":"https:\/\/shop.kustom.ch\/fr\/wp-json\/wp\/v2\/media?parent=669181"}],"wp:term":[{"taxonomy":"product_brand","embeddable":true,"href":"https:\/\/shop.kustom.ch\/fr\/wp-json\/wp\/v2\/product_brand?post=669181"},{"taxonomy":"product_cat","embeddable":true,"href":"https:\/\/shop.kustom.ch\/fr\/wp-json\/wp\/v2\/product_cat?post=669181"},{"taxonomy":"product_tag","embeddable":true,"href":"https:\/\/shop.kustom.ch\/fr\/wp-json\/wp\/v2\/product_tag?post=669181"}],"curies":[{"name":"wp","href":"https:\/\/api.w.org\/{rel}","templated":true}]}}