{"id":669179,"date":"2025-05-14T20:03:15","date_gmt":"2025-05-14T19:03:15","guid":{"rendered":"https:\/\/shop.kustom.ch\/?post_type=product&#038;p=669179"},"modified":"2025-09-10T08:33:21","modified_gmt":"2025-09-10T07:33:21","slug":"kapuzensweat-organic-unisex","status":"publish","type":"product","link":"https:\/\/shop.kustom.ch\/fr\/produit\/kapuzensweat-organic-unisex\/","title":{"rendered":"Sweat \u00e0 capuche Organic (unisexe)"},"content":{"rendered":"<p>Notre sweat \u00e0 capuche Organic est compos\u00e9 de coton ring-spun 70 % et de polyester 30 %. Le coton utilis\u00e9 provient de cultures biologiques contr\u00f4l\u00e9es. Gr\u00e2ce \u00e0 sa forte teneur en coton et \u00e0 son int\u00e9rieur gratt\u00e9, ce sweat \u00e0 capuche est tr\u00e8s confortable \u00e0 porter. Id\u00e9al pour les v\u00eatements professionnels ou les loisirs. Notre sweat \u00e0 capuche est lavable \u00e0 60\u00b0 C et pr\u00e9trait\u00e9 pour le r\u00e9tr\u00e9cissement. Gr\u00e2ce aux colorants de haute qualit\u00e9, le sweat \u00e0 capuche de notre teamwear d'entreprise conserve ses couleurs m\u00eame apr\u00e8s plusieurs lavages. D'autres d\u00e9tails sont les poches kangourou, une capuche avec une face int\u00e9rieure en jersey simple et une bordure de sweat et de manches en c\u00f4te.<\/p>\n<p>Mati\u00e8re : 70 % coton (bio), 30 % polyester (recycl\u00e9)<\/p>","protected":false},"excerpt":{"rendered":"<p>couleur : noir<\/p>","protected":false},"featured_media":668988,"template":"","meta":[],"product_brand":[],"product_cat":[12420],"product_tag":[],"class_list":{"0":"post-669179","1":"product","2":"type-product","3":"status-publish","4":"has-post-thumbnail","6":"product_cat-fpw-crossfit","8":"first","9":"instock","10":"taxable","11":"shipping-taxable","12":"purchasable","13":"product-type-variable","14":"add-to-wishlist-before_image"},"exclude_global_add_ons":[],"addons":[],"acf":[],"_links":{"self":[{"href":"https:\/\/shop.kustom.ch\/fr\/wp-json\/wp\/v2\/product\/669179"}],"collection":[{"href":"https:\/\/shop.kustom.ch\/fr\/wp-json\/wp\/v2\/product"}],"about":[{"href":"https:\/\/shop.kustom.ch\/fr\/wp-json\/wp\/v2\/types\/product"}],"wp:featuredmedia":[{"embeddable":true,"href":"https:\/\/shop.kustom.ch\/fr\/wp-json\/wp\/v2\/media\/668988"}],"wp:attachment":[{"href":"https:\/\/shop.kustom.ch\/fr\/wp-json\/wp\/v2\/media?parent=669179"}],"wp:term":[{"taxonomy":"product_brand","embeddable":true,"href":"https:\/\/shop.kustom.ch\/fr\/wp-json\/wp\/v2\/product_brand?post=669179"},{"taxonomy":"product_cat","embeddable":true,"href":"https:\/\/shop.kustom.ch\/fr\/wp-json\/wp\/v2\/product_cat?post=669179"},{"taxonomy":"product_tag","embeddable":true,"href":"https:\/\/shop.kustom.ch\/fr\/wp-json\/wp\/v2\/product_tag?post=669179"}],"curies":[{"name":"wp","href":"https:\/\/api.w.org\/{rel}","templated":true}]}}