{"id":669032,"date":"2025-05-14T20:01:33","date_gmt":"2025-05-14T19:01:33","guid":{"rendered":"https:\/\/shop.kustom.ch\/?post_type=product&#038;p=669032"},"modified":"2025-05-23T08:43:55","modified_gmt":"2025-05-23T07:43:55","slug":"tanktop-light-flow-3","status":"publish","type":"product","link":"https:\/\/shop.kustom.ch\/fr\/produit\/tanktop-light-flow-3\/","title":{"rendered":"D\u00e9bardeur Light Flow"},"content":{"rendered":"<p>Mati\u00e8re : 100 polyester % (recycl\u00e9)<\/p>","protected":false},"excerpt":{"rendered":"<p>couleur : noir<\/p>","protected":false},"featured_media":669000,"template":"","meta":[],"product_brand":[],"product_cat":[12420],"product_tag":[],"class_list":{"0":"post-669032","1":"product","2":"type-product","3":"status-publish","4":"has-post-thumbnail","6":"product_cat-fpw-crossfit","8":"first","9":"instock","10":"taxable","11":"shipping-taxable","12":"purchasable","13":"product-type-variable","14":"add-to-wishlist-before_image"},"exclude_global_add_ons":[],"addons":[],"acf":[],"_links":{"self":[{"href":"https:\/\/shop.kustom.ch\/fr\/wp-json\/wp\/v2\/product\/669032"}],"collection":[{"href":"https:\/\/shop.kustom.ch\/fr\/wp-json\/wp\/v2\/product"}],"about":[{"href":"https:\/\/shop.kustom.ch\/fr\/wp-json\/wp\/v2\/types\/product"}],"wp:featuredmedia":[{"embeddable":true,"href":"https:\/\/shop.kustom.ch\/fr\/wp-json\/wp\/v2\/media\/669000"}],"wp:attachment":[{"href":"https:\/\/shop.kustom.ch\/fr\/wp-json\/wp\/v2\/media?parent=669032"}],"wp:term":[{"taxonomy":"product_brand","embeddable":true,"href":"https:\/\/shop.kustom.ch\/fr\/wp-json\/wp\/v2\/product_brand?post=669032"},{"taxonomy":"product_cat","embeddable":true,"href":"https:\/\/shop.kustom.ch\/fr\/wp-json\/wp\/v2\/product_cat?post=669032"},{"taxonomy":"product_tag","embeddable":true,"href":"https:\/\/shop.kustom.ch\/fr\/wp-json\/wp\/v2\/product_tag?post=669032"}],"curies":[{"name":"wp","href":"https:\/\/api.w.org\/{rel}","templated":true}]}}