{"id":668733,"date":"2025-04-29T19:58:03","date_gmt":"2025-04-29T18:58:03","guid":{"rendered":"https:\/\/shop.kustom.ch\/?post_type=product&#038;p=668733"},"modified":"2026-03-31T08:43:17","modified_gmt":"2026-03-31T07:43:17","slug":"storm-winterstiefel-s7s","status":"publish","type":"product","link":"https:\/\/shop.kustom.ch\/fr\/produit\/storm-winterstiefel-s7s\/","title":{"rendered":"STORM Bottes d'hiver S7S"},"content":{"rendered":"<p>Bottes d'hiver en cuir pleine fleur de haute qualit\u00e9, avec une membrane microporeuse qui les rend imperm\u00e9ables. Les protections des orteils et du talon assurent une r\u00e9sistance suppl\u00e9mentaire. La doublure en laine\/polyester et l'isolation Thinsulate\u2122 gardent les pieds au chaud et confortables, m\u00eame pendant les journ\u00e9es les plus froides de l'hiver.Les bottes disposent d'un embout en mat\u00e9riau composite et d'une protection anti-perforation flexible et non m\u00e9tallique de norme PS qui r\u00e9siste aux clous fins de 3 mm. La semelle int\u00e9rieure anatomique est compos\u00e9e d'un mat\u00e9riau PU amortissant et est dot\u00e9e d'une doublure chaude.La semelle ext\u00e9rieure antid\u00e9rapante en caoutchouc nitrile offre \u00e9galement une bonne adh\u00e9rence sur la neige et la glace.Ces bottes conviennent aux travaux en ext\u00e9rieur dans les domaines de la construction, de l'entretien, de la r\u00e9paration et de l'exploitation. Forme pour femmes en taille 35-39.Le dessus en cuir grain\u00e9 hydrofuge et r\u00e9sistant combin\u00e9 \u00e0 une membrane rend les bottes \u00e9tanchesLa doublure en laine\/polyester et l'isolation Thinsulate\u2122 garantissent un confort maximal, m\u00eame pendant les journ\u00e9es les plus froides de l'hiverEmbout compositeProtection anti-perforation flexible et non m\u00e9tallique au standard PSSemelle int\u00e9rieure anatomique en mat\u00e9riau PU amortissant avec tige chaudement doubl\u00e9eSemelle d'usure en caoutchouc nitrile pour une meilleure adh\u00e9rence, m\u00eame sur la neige et la glace<\/p>\n<p>FONCTIONNALIT\u00c9 : Propri\u00e9t\u00e9s antistatiques. Semelle ext\u00e9rieure r\u00e9sistante \u00e0 la chaleur. Sans m\u00e9tal. Semelle ext\u00e9rieure ol\u00e9ophobe. D\u00e9tails r\u00e9fl\u00e9chissants. Imperm\u00e9able \u00e0 l'eau. Renforcement des orteils. Dessus : Enti\u00e8rement en cuir. FORME DU COUPLE : Extra large. MAT\u00c9RIAU DE PROTECTION : Textile PS. DOUBLURE : Laine\/polyester. MAT\u00c9RIAU DE LA SEMELLE INT\u00c9RIEURE : textile, PU souple. TISSU : Unisexe. Noir. Imperm\u00e9able. SYMBOLS : Isolation \u00e0 froid. Charge extra large. R\u00e9sistant au carburant. HRO 300. prise de l'\u00e9chelle. Nailpen textile PS. Abrasion du capuchon. R\u00e9sistant au glissement. Capuchon en composite. R\u00e9sistant \u00e0 l'eau. En laine. USP : Semelle int\u00e9rieure anatomique en PU souple. Propri\u00e9t\u00e9s antistatiques. Doublure en laine\/polyester et isolation en Thinsulate\u2122. Enti\u00e8rement \u00e9tanche \u00e0 l'eau. Semelle ext\u00e9rieure r\u00e9sistante aux huiles. D\u00e9tails r\u00e9fl\u00e9chissants. Semelle ext\u00e9rieure antid\u00e9rapante. Protection anti-perforation en textile au standard PS. Embout de protection composite. MAT\u00c9RIAU DE LA PROTECTION DES DOIGTS : Composite. CERTIFICATION : EN ISO 20345:2022 S7S FO SR HRO CI SC LG<\/p>","protected":false},"excerpt":{"rendered":"<p>Winterstiefel aus hochwertigem Vollnarbenleder, mit einer mikropor\u00f6sen Membran, die ihn wasserdicht macht. Zehen- und Fersenschutz sorgen f\u00fcr zus\u00e4tzliche Strapazierf\u00e4higkeit. Das Futter aus Wolle\/Polyester und die Thinsulate\u2122-Isolierung halten die F\u00fcsse auch an den k\u00e4ltesten Wintertagen warm und bequem.Die Stiefel verf\u00fcgen \u00fcber eine Zehenkappe aus Verbundwerkstoff und einem flexiblen, nichtmetallischen Durchtritschutz in PS-Norm die d\u00fcnnen 3 mm-N\u00e4geln [&hellip;]<\/p>\n","protected":false},"featured_media":668766,"template":"","meta":[],"product_brand":[],"product_cat":[4197,4209],"product_tag":[],"class_list":{"0":"post-668733","1":"product","2":"type-product","3":"status-publish","4":"has-post-thumbnail","6":"product_cat-schuhe-sandalen","7":"product_cat-zubehoer","8":"pa_brand-blaklaeder","9":"pa_brand-type-workwear","10":"pa_filter-color-schwarz","12":"first","13":"instock","14":"sale","15":"taxable","16":"shipping-taxable","17":"purchasable","18":"product-type-variable","19":"add-to-wishlist-before_image"},"exclude_global_add_ons":[],"addons":[],"acf":[],"_links":{"self":[{"href":"https:\/\/shop.kustom.ch\/fr\/wp-json\/wp\/v2\/product\/668733"}],"collection":[{"href":"https:\/\/shop.kustom.ch\/fr\/wp-json\/wp\/v2\/product"}],"about":[{"href":"https:\/\/shop.kustom.ch\/fr\/wp-json\/wp\/v2\/types\/product"}],"wp:featuredmedia":[{"embeddable":true,"href":"https:\/\/shop.kustom.ch\/fr\/wp-json\/wp\/v2\/media\/668766"}],"wp:attachment":[{"href":"https:\/\/shop.kustom.ch\/fr\/wp-json\/wp\/v2\/media?parent=668733"}],"wp:term":[{"taxonomy":"product_brand","embeddable":true,"href":"https:\/\/shop.kustom.ch\/fr\/wp-json\/wp\/v2\/product_brand?post=668733"},{"taxonomy":"product_cat","embeddable":true,"href":"https:\/\/shop.kustom.ch\/fr\/wp-json\/wp\/v2\/product_cat?post=668733"},{"taxonomy":"product_tag","embeddable":true,"href":"https:\/\/shop.kustom.ch\/fr\/wp-json\/wp\/v2\/product_tag?post=668733"}],"curies":[{"name":"wp","href":"https:\/\/api.w.org\/{rel}","templated":true}]}}