{"id":668675,"date":"2025-04-29T19:57:32","date_gmt":"2025-04-29T18:57:32","guid":{"rendered":"https:\/\/shop.kustom.ch\/?post_type=product&#038;p=668675"},"modified":"2026-03-31T08:40:57","modified_gmt":"2026-03-31T07:40:57","slug":"epic-sicherheitsschuh-s3s","status":"publish","type":"product","link":"https:\/\/shop.kustom.ch\/fr\/produit\/epic-sicherheitsschuh-s3s\/","title":{"rendered":"Chaussure de s\u00e9curit\u00e9 EPIC S3S"},"content":{"rendered":"<p>Chaussures haut de gamme d'une qualit\u00e9 et d'un confort exceptionnels. Tige r\u00e9sistante et imperm\u00e9able en cuir nubuck, avec renforts \u00e0 la pointe et au talon. Le syst\u00e8me Freelock sur le c\u00f4t\u00e9 permet d'enfiler et d'ajuster facilement le chaussant pendant la journ\u00e9e. La languette en n\u00e9opr\u00e8ne assure un meilleur confort.Les chaussures sont dot\u00e9es d'un embout composite non m\u00e9tallique et d'un pare-clous souple et flexible qui r\u00e9pond aux exigences \u00e9lev\u00e9es avec des clous plus fins de 3 mm. Semelle int\u00e9rieure anatomique en mat\u00e9riau ETPU souple et absorbant les chocs qui, en combinaison avec le textile absorbant l'humidit\u00e9 pr\u00e8s du pied, assure un excellent confort. La semelle ext\u00e9rieure antid\u00e9rapante est en caoutchouc nitrile, tandis que la semelle interm\u00e9diaire en PU assure un amortissement optimal des chocs. Ces chaussures conviennent aux travaux dans les secteurs de la construction, du transport, de l'entretien, de la r\u00e9paration et du service. Forme pour femmes dans les pointures 35-39. - Tige r\u00e9sistante et imperm\u00e9able en cuir nubuck- Syst\u00e8me de la\u00e7age Freelock sur le c\u00f4t\u00e9- Languette en n\u00e9opr\u00e8ne pour plus de confort- Embout composite non m\u00e9tallique- Protection anti-perforation flexible non m\u00e9tallique au standard PS. Semelle int\u00e9rieure anatomique en ETPU souple et absorbant les chocs- Le design de la semelle offre stabilit\u00e9 et adh\u00e9rence sur les \u00e9chelles et les surfaces irr\u00e9guli\u00e8res- Semelle ext\u00e9rieure antid\u00e9rapante en caoutchouc nitrile 2296 EPIC Botte de s\u00e9curit\u00e9 S3Botte premium de qualit\u00e9 et de confort sup\u00e9rieurs. Tige r\u00e9sistante et imperm\u00e9able en cuir nubuck, avec renforts \u00e0 la pointe et au talon. Le syst\u00e8me Freelock sur le c\u00f4t\u00e9 permet d'enfiler et d'ajuster facilement le chaussant pendant la journ\u00e9e. La languette en n\u00e9opr\u00e8ne assure un meilleur confort. Les bottes sont \u00e9quip\u00e9es d'un embout NANO, plus r\u00e9sistant, plus l\u00e9ger et plus fin que les autres embouts non m\u00e9talliques. Une protection anti-perforation flexible en textile PS r\u00e9siste aux clous fins de 3 mm. Semelle int\u00e9rieure anatomique en mat\u00e9riau ETPU souple et absorbant les chocs qui, en combinaison avec le textile absorbant l'humidit\u00e9 pr\u00e8s du pied, assure un excellent confort. Semelle ext\u00e9rieure antid\u00e9rapante en caoutchouc nitrile, tandis que la semelle interm\u00e9diaire en PU assure un amortissement optimal des chocs.Ces bottes conviennent aux travaux dans les secteurs de la construction, du transport, de l'entretien, de la r\u00e9paration et du service. Forme pour femmes dans les pointures 35-39.Tige r\u00e9sistante et imperm\u00e9able en cuir nubuckSyst\u00e8me de la\u00e7age Freelock sur le c\u00f4t\u00e9Langue en n\u00e9opr\u00e8ne pour plus de confortEmbout NANO - plus l\u00e9ger et plus r\u00e9sistant que les autres embouts non m\u00e9talliquesProtection anti-perforation non m\u00e9tallique flexible au standard PSSemelle int\u00e9rieure anatomique en ETPU souple et absorbant les chocsLe design de la semelle assure stabilit\u00e9 et adh\u00e9rence sur les \u00e9chelles et les surfaces irr\u00e9guli\u00e8resSemelle ext\u00e9rieure antid\u00e9rapante en caoutchouc nitrile<\/p>\n<p>FONCTIONNALIT\u00c9 : Propri\u00e9t\u00e9s antistatiques. Semelle int\u00e9rieure respirante. Test\u00e9 ESD (approuv\u00e9 par IEC 61340-5-1). Renforcement du talon. Syst\u00e8me de fermeture Freelock. Bord de tige rembourr\u00e9. Semelle ext\u00e9rieure r\u00e9sistante \u00e0 la chaleur. Semelle ext\u00e9rieure ol\u00e9ophobe. R\u00e9sistant \u00e0 l'eau. Renforcement des orteils. Dessus : Cuir trait\u00e9 \u00e0 l'huile. COUPE : Large. MAT\u00c9RIAU DE PROTECTION : Textile PS. DOUBLURE : Polyester. MAT\u00c9RIAU DE LA SEMELLE INT\u00c9RIEURE : textile, mousse de particules innovante ETPU. TISSU : Unisexe. bleu. vert. Jaune haute visibilit\u00e9. noir. ESD. R\u00e9sistant \u00e0 l'eau. SYMBOLES : Freelock. R\u00e9sistant au carburant. HRO 300. prise de l'\u00e9chelle. Pince \u00e0 clous textile PS. Abrasion du capuchon. R\u00e9sistance au glissement. Capuchon en composite. Charge large. USP : Semelle int\u00e9rieure respirante. Homologation ESD. Solution Freelock sur le c\u00f4t\u00e9. Tige en cuir nubuck. Semelle ext\u00e9rieure r\u00e9sistante \u00e0 l'huile. La semelle offre une stabilit\u00e9 sur les \u00e9chelles et les surfaces irr\u00e9guli\u00e8res. Protection anti-perforation textile en PS standard. Embout de protection composite. R\u00e9sistant \u00e0 l'eau et durable. Languette en n\u00e9opr\u00e8ne pour un meilleur confort. MAT\u00c9RIAU DE L'EMBASE DE PROTECTION DES DOIGTS : Composite. CERTIFICATION : EN ISO 20345:2022 S3S FO SR HRO SC LG<\/p>","protected":false},"excerpt":{"rendered":"<p>Premium-Schuhe von h\u00f6chster Qualit\u00e4t und Komfort. Strapazierf\u00e4higes und wasserabweisendes Obermaterial aus Nubukleder, mit Verst\u00e4rkungen an der Spitze und Ferse. Das seitlich angebrachte Freelock-System erm\u00f6glicht ein einfaches Anziehen und Anpassen der Passform w\u00e4hrend des Tages. Die Zunge aus Neopren sorgt f\u00fcr mehr Komfort.Die Schuhe haben eine metallfreie Komposit-Zehenkappe und einen weichen, flexiblen Nageldurchtrittschutz, der den hohen [&hellip;]<\/p>\n","protected":false},"featured_media":668685,"template":"","meta":[],"product_brand":[],"product_cat":[4197,4209],"product_tag":[],"class_list":{"0":"post-668675","1":"product","2":"type-product","3":"status-publish","4":"has-post-thumbnail","6":"product_cat-schuhe-sandalen","7":"product_cat-zubehoer","8":"pa_brand-blaklaeder","9":"pa_brand-type-workwear","10":"pa_filter-color-braun","11":"pa_filter-color-gruen","13":"first","14":"instock","15":"sale","16":"taxable","17":"shipping-taxable","18":"purchasable","19":"product-type-variable","20":"add-to-wishlist-before_image"},"exclude_global_add_ons":[],"addons":[],"acf":[],"_links":{"self":[{"href":"https:\/\/shop.kustom.ch\/fr\/wp-json\/wp\/v2\/product\/668675"}],"collection":[{"href":"https:\/\/shop.kustom.ch\/fr\/wp-json\/wp\/v2\/product"}],"about":[{"href":"https:\/\/shop.kustom.ch\/fr\/wp-json\/wp\/v2\/types\/product"}],"wp:featuredmedia":[{"embeddable":true,"href":"https:\/\/shop.kustom.ch\/fr\/wp-json\/wp\/v2\/media\/668685"}],"wp:attachment":[{"href":"https:\/\/shop.kustom.ch\/fr\/wp-json\/wp\/v2\/media?parent=668675"}],"wp:term":[{"taxonomy":"product_brand","embeddable":true,"href":"https:\/\/shop.kustom.ch\/fr\/wp-json\/wp\/v2\/product_brand?post=668675"},{"taxonomy":"product_cat","embeddable":true,"href":"https:\/\/shop.kustom.ch\/fr\/wp-json\/wp\/v2\/product_cat?post=668675"},{"taxonomy":"product_tag","embeddable":true,"href":"https:\/\/shop.kustom.ch\/fr\/wp-json\/wp\/v2\/product_tag?post=668675"}],"curies":[{"name":"wp","href":"https:\/\/api.w.org\/{rel}","templated":true}]}}