{"id":668651,"date":"2025-04-29T19:57:07","date_gmt":"2025-04-29T18:57:07","guid":{"rendered":"https:\/\/shop.kustom.ch\/?post_type=product&#038;p=668651"},"modified":"2026-03-31T08:40:55","modified_gmt":"2026-03-31T07:40:55","slug":"epic-sicherheitsschuh-wasserdicht-s7s","status":"publish","type":"product","link":"https:\/\/shop.kustom.ch\/fr\/produit\/epic-sicherheitsschuh-wasserdicht-s7s\/","title":{"rendered":"EPIC Chaussures de s\u00e9curit\u00e9 \u00e9tanches S7S"},"content":{"rendered":"<p>Chaussures imperm\u00e9ables haut de gamme d'une qualit\u00e9 et d'un confort exceptionnels. Tige r\u00e9sistante et imperm\u00e9able en cuir pleine fleur, avec renforts \u00e0 la pointe et au talon. Les chaussures disposent d'une membrane microporeuse qui garde vos pieds au sec m\u00eame dans les conditions m\u00e9t\u00e9orologiques les plus d\u00e9favorables. Le syst\u00e8me Freelock sur le c\u00f4t\u00e9 permet d'enfiler et d'ajuster facilement le chaussant pendant la journ\u00e9e. La languette en n\u00e9opr\u00e8ne assure un meilleur confort.Les chaussures sont dot\u00e9es d'un embout composite non m\u00e9tallique et d'une protection souple et flexible contre la p\u00e9n\u00e9tration des clous, qui r\u00e9siste aux clous plus fins de 3 mm. Semelle int\u00e9rieure anatomique en mat\u00e9riau ETPU souple et absorbant les chocs qui, combin\u00e9 au textile absorbant l'humidit\u00e9 \u00e0 proximit\u00e9 du pied, assure un excellent confort. Semelle ext\u00e9rieure antid\u00e9rapante en caoutchouc nitrile, tandis que la semelle intercalaire en PU assure un amortissement optimal des chocs.Ces chaussures conviennent aux travaux dans les secteurs de la construction, du transport, de l'entretien, de la r\u00e9paration et du service. Forme pour femmes dans les pointures 35-39.Tige r\u00e9sistante et imperm\u00e9able en cuir pleine fleur combin\u00e9e \u00e0 la membrane rend les chaussures \u00e9tanchesSyst\u00e8me de la\u00e7age Freelock sur le c\u00f4t\u00e9Languette n\u00e9opr\u00e8ne augmente le confortEmbout composite non m\u00e9talliqueProtection anti-perforation non m\u00e9tallique flexible au standard PSSemelle int\u00e9rieure anatomique en mat\u00e9riau ETPU souple et absorbant les chocsLe design de la semelle assure stabilit\u00e9 et maintien sur les \u00e9chelles et les surfaces irr\u00e9guli\u00e8resSemelle ext\u00e9rieure antid\u00e9rapante en caoutchouc nitrile<\/p>\n<p>FONCTIONNALIT\u00c9 : Propri\u00e9t\u00e9s antistatiques. Semelle int\u00e9rieure respirante. Test\u00e9 ESD (approuv\u00e9 par IEC 61340-5-1). Renforcement du talon. Syst\u00e8me de fermeture Freelock. Bord de tige rembourr\u00e9. Semelle ext\u00e9rieure r\u00e9sistante \u00e0 la chaleur. Semelle ext\u00e9rieure ol\u00e9ophobe. Imperm\u00e9able \u00e0 l'eau. Renforcement des orteils. Dessus : Enti\u00e8rement en cuir. FORME DU COUPLE : Large. MAT\u00c9RIAU DE PROTECTION : Textile PS. DOUBLURE : Polyester. MAT\u00c9RIAU DE LA SEMELLE INT\u00c9RIEURE : textile, mousse de particules innovante ETPU. TISSU : Unisexe. Jaune haute visibilit\u00e9. Noir. ESD. Imperm\u00e9able \u00e0 l'eau. SYMBOLES : Freelock. R\u00e9sistant au carburant. HRO 300. prise de l'\u00e9chelle. Clouage textile PS. Abrasion de la coiffe. R\u00e9sistance au glissement. Capuchon en composite. R\u00e9sistant \u00e0 l'eau. Charge large. USP : Approbation ESD. Solution freelock sur le c\u00f4t\u00e9. Enti\u00e8rement \u00e9tanche \u00e0 l'eau. Semelle ext\u00e9rieure r\u00e9sistante \u00e0 l'huile. Semelle ext\u00e9rieure antid\u00e9rapante. Protection anti-perforation textile au standard PS. Embout de protection composite. R\u00e9sistant \u00e0 l'eau et durable. Languette en n\u00e9opr\u00e8ne pour un meilleur confort. MAT\u00c9RIEL DE PROTECTION DES DOIGTS : Composite. CERTIFICATION : EN ISO 20345:2022 S7S FO SR HRO SC LG<\/p>","protected":false},"excerpt":{"rendered":"<p>Wasserdichte Premium-Schuhe von h\u00f6chster Qualit\u00e4t und Komfort. Strapazierf\u00e4higes und wasserabweisendes Obermaterial aus Vollnarbenleder, mit Verst\u00e4rkungen an der Spitze und Ferse. Die Schuhe verf\u00fcgen \u00fcber eine Mikroporen-Membran, die Ihre F\u00fcsse auch bei widrigsten Wetterverh\u00e4ltnissen trocken h\u00e4lt. Das seitlich angebrachte Freelock-System erm\u00f6glicht ein einfaches Anziehen und Anpassen der Passform w\u00e4hrend des Tages. Die Zunge aus Neopren sorgt [&hellip;]<\/p>\n","protected":false},"featured_media":668653,"template":"","meta":[],"product_brand":[],"product_cat":[4197,4209],"product_tag":[],"class_list":{"0":"post-668651","1":"product","2":"type-product","3":"status-publish","4":"has-post-thumbnail","6":"product_cat-schuhe-sandalen","7":"product_cat-zubehoer","8":"pa_brand-blaklaeder","9":"pa_brand-type-workwear","10":"pa_filter-color-schwarz","12":"first","13":"instock","14":"sale","15":"taxable","16":"shipping-taxable","17":"purchasable","18":"product-type-variable","19":"add-to-wishlist-before_image"},"exclude_global_add_ons":[],"addons":[],"acf":[],"_links":{"self":[{"href":"https:\/\/shop.kustom.ch\/fr\/wp-json\/wp\/v2\/product\/668651"}],"collection":[{"href":"https:\/\/shop.kustom.ch\/fr\/wp-json\/wp\/v2\/product"}],"about":[{"href":"https:\/\/shop.kustom.ch\/fr\/wp-json\/wp\/v2\/types\/product"}],"wp:featuredmedia":[{"embeddable":true,"href":"https:\/\/shop.kustom.ch\/fr\/wp-json\/wp\/v2\/media\/668653"}],"wp:attachment":[{"href":"https:\/\/shop.kustom.ch\/fr\/wp-json\/wp\/v2\/media?parent=668651"}],"wp:term":[{"taxonomy":"product_brand","embeddable":true,"href":"https:\/\/shop.kustom.ch\/fr\/wp-json\/wp\/v2\/product_brand?post=668651"},{"taxonomy":"product_cat","embeddable":true,"href":"https:\/\/shop.kustom.ch\/fr\/wp-json\/wp\/v2\/product_cat?post=668651"},{"taxonomy":"product_tag","embeddable":true,"href":"https:\/\/shop.kustom.ch\/fr\/wp-json\/wp\/v2\/product_tag?post=668651"}],"curies":[{"name":"wp","href":"https:\/\/api.w.org\/{rel}","templated":true}]}}