{"id":668562,"date":"2025-04-29T19:55:55","date_gmt":"2025-04-29T18:55:55","guid":{"rendered":"https:\/\/shop.kustom.ch\/?post_type=product&#038;p=668562"},"modified":"2026-03-31T09:15:06","modified_gmt":"2026-03-31T08:15:06","slug":"t-shirt-snake-loose-fit","status":"publish","type":"product","link":"https:\/\/shop.kustom.ch\/fr\/produit\/t-shirt-snake-loose-fit\/","title":{"rendered":"T-shirt Snake Loose Fit"},"content":{"rendered":"<p>T-shirt en jersey de coton d\u00e9lav\u00e9. Le T-shirt pr\u00e9sente un col rond et nervur\u00e9, des \u00e9paules tombantes et une coupe ample pour une silhouette g\u00e9n\u00e9reuse.<\/p>\n<p>FONCTIONNALIT\u00c9 : Coupe d\u00e9contract\u00e9e. D\u00c9TAILS : Col c\u00f4tel\u00e9. Col rond. Coutures renforc\u00e9es au cou. INSTRUCTIONS DE LAVAGE : 40\u00b0 C. Repassage - moyen. Ne pas blanchir. Ne pas nettoyer \u00e0 sec. Ne pas essorer. PROFESSIONS PRINCIPALES : Constructeur de b\u00e9ton. Poseurs de sols. Couvreur de toitures. Chauffeur. P\u00eacheur. Travailleur de jardin. Homme \u00e0 tout faire. Installateur de chauffage. Travailleur de l'entrep\u00f4t. Peintre en b\u00e2timent. Ma\u00e7on \/ carreleur. M\u00e9canicien de chantier. Agent de nettoyage. Plombier. TISSU : Hommes. gris. noir. Profil<\/p>\n<p>60% coton, 40% polyester, jersey, 180 g\/m<\/p>","protected":false},"excerpt":{"rendered":"<p>T-shirt in washed cotton jersey. The T-shirt features a round, ribbed neckline, dropped shoulders and a loose fit for a generous silhouette. FUNKTIONALIT\u00c4T: Lockere Passform. DETAILS: Gerippter Halsbund. Rundhals. Verst\u00e4rkte Halsn\u00e4hte. WASCHANLEITUNG: 40\u00b0 C. B\u00fcgeln &#8211; mittel. Nicht bleichen. Nicht chemisch reinigen. Nicht schleudern. HAUPTEIGENSCHAFTEN: Betonbauer. Bodenleger. Dachdecker. Fahrer. Fischer. Gartenarbeiter. Handwerker. Installateur. Lagerarbeiter. Maler. [&hellip;]<\/p>\n","protected":false},"featured_media":668602,"template":"","meta":[],"product_brand":[],"product_cat":[4201],"product_tag":[],"class_list":{"0":"post-668562","1":"product","2":"type-product","3":"status-publish","4":"has-post-thumbnail","6":"product_cat-t-shirts","7":"pa_brand-blaklaeder","8":"pa_brand-type-workwear","9":"pa_filter-color-schwarz","10":"pa_filter-color-weiss","12":"first","13":"instock","14":"sale","15":"taxable","16":"shipping-taxable","17":"purchasable","18":"product-type-variable","19":"add-to-wishlist-before_image"},"exclude_global_add_ons":[],"addons":[],"acf":[],"_links":{"self":[{"href":"https:\/\/shop.kustom.ch\/fr\/wp-json\/wp\/v2\/product\/668562"}],"collection":[{"href":"https:\/\/shop.kustom.ch\/fr\/wp-json\/wp\/v2\/product"}],"about":[{"href":"https:\/\/shop.kustom.ch\/fr\/wp-json\/wp\/v2\/types\/product"}],"wp:featuredmedia":[{"embeddable":true,"href":"https:\/\/shop.kustom.ch\/fr\/wp-json\/wp\/v2\/media\/668602"}],"wp:attachment":[{"href":"https:\/\/shop.kustom.ch\/fr\/wp-json\/wp\/v2\/media?parent=668562"}],"wp:term":[{"taxonomy":"product_brand","embeddable":true,"href":"https:\/\/shop.kustom.ch\/fr\/wp-json\/wp\/v2\/product_brand?post=668562"},{"taxonomy":"product_cat","embeddable":true,"href":"https:\/\/shop.kustom.ch\/fr\/wp-json\/wp\/v2\/product_cat?post=668562"},{"taxonomy":"product_tag","embeddable":true,"href":"https:\/\/shop.kustom.ch\/fr\/wp-json\/wp\/v2\/product_tag?post=668562"}],"curies":[{"name":"wp","href":"https:\/\/api.w.org\/{rel}","templated":true}]}}