{"id":668533,"date":"2025-04-29T19:55:26","date_gmt":"2025-04-29T18:55:26","guid":{"rendered":"https:\/\/shop.kustom.ch\/?post_type=product&#038;p=668533"},"modified":"2026-03-31T09:15:05","modified_gmt":"2026-03-31T08:15:05","slug":"damen-t-shirt-eagle","status":"publish","type":"product","link":"https:\/\/shop.kustom.ch\/fr\/produit\/damen-t-shirt-eagle\/","title":{"rendered":"T-shirt femme Eagle"},"content":{"rendered":"<p>A la plage, en vacances ou pour un projet de bricolage, dans le plus pur style Bl\u00e5kl\u00e4der ! Ce t-shirt confortable, \u00e9l\u00e9gant et qui donne confiance, fabriqu\u00e9 \u00e0 partir d'un m\u00e9lange 60\/40 coton\/polyester, permet au monde de savoir exactement ce que vous \u00eates : 'solide et incassable'.<\/p>\n<p>FONCTIONNALIT\u00c9 : Taille femme. Coupe normale. Coupe cintr\u00e9e. D\u00c9TAILS : Col rond. Coutures renforc\u00e9es au cou. Coutures d'\u00e9paules renforc\u00e9es. INSTRUCTIONS DE LAVAGE : 40\u00b0 C. Repassage - moyen. Ne pas blanchir. Ne pas nettoyer \u00e0 sec. Ne pas essorer. PROFESSIONS PRINCIPALES : Constructeur de b\u00e9ton. Poseurs de sols. Couvreur de toitures. Chauffeur. P\u00eacheur. Travailleur de jardin. Bricoleur de m\u00e9tier. Installateur de chauffage. Travailleur de l'entrep\u00f4t. Peintre en b\u00e2timent. Ma\u00e7on \/ carreleur. M\u00e9canicien de chantier. Agent de nettoyage. Plombier. TISSU : Femme. blanc. Profil<\/p>\n<p>100% Coton, jersey, 150 g\/m<\/p>","protected":false},"excerpt":{"rendered":"<p>Hit the beach, holiday, or DIY project in true Bl\u00e5kl\u00e4der style! This comfortable, stylish, and confidence-boosting T-shirt, made from a 60\/40 cotton\/polyester blend, lets the world know exactly what you are: &#8217;solid and unbreakable&#8216;. FUNKTIONALIT\u00c4T: Damengr\u00f6sse. Normale Passform. Tailliert geschnitten. DETAILS: Rundhals. Verst\u00e4rkte Halsn\u00e4hte. Verst\u00e4rkte Schultern\u00e4hte. WASCHANLEITUNG: 40\u00b0 C. B\u00fcgeln &#8211; mittel. Nicht bleichen. Nicht [&hellip;]<\/p>\n","protected":false},"featured_media":668590,"template":"","meta":[],"product_brand":[],"product_cat":[4201],"product_tag":[],"class_list":{"0":"post-668533","1":"product","2":"type-product","3":"status-publish","4":"has-post-thumbnail","6":"product_cat-t-shirts","7":"pa_brand-blaklaeder","8":"pa_brand-type-workwear","9":"pa_filter-color-schwarz","10":"pa_filter-color-weiss","12":"first","13":"instock","14":"sale","15":"taxable","16":"shipping-taxable","17":"purchasable","18":"product-type-variable","19":"add-to-wishlist-before_image"},"exclude_global_add_ons":[],"addons":[],"acf":[],"_links":{"self":[{"href":"https:\/\/shop.kustom.ch\/fr\/wp-json\/wp\/v2\/product\/668533"}],"collection":[{"href":"https:\/\/shop.kustom.ch\/fr\/wp-json\/wp\/v2\/product"}],"about":[{"href":"https:\/\/shop.kustom.ch\/fr\/wp-json\/wp\/v2\/types\/product"}],"wp:featuredmedia":[{"embeddable":true,"href":"https:\/\/shop.kustom.ch\/fr\/wp-json\/wp\/v2\/media\/668590"}],"wp:attachment":[{"href":"https:\/\/shop.kustom.ch\/fr\/wp-json\/wp\/v2\/media?parent=668533"}],"wp:term":[{"taxonomy":"product_brand","embeddable":true,"href":"https:\/\/shop.kustom.ch\/fr\/wp-json\/wp\/v2\/product_brand?post=668533"},{"taxonomy":"product_cat","embeddable":true,"href":"https:\/\/shop.kustom.ch\/fr\/wp-json\/wp\/v2\/product_cat?post=668533"},{"taxonomy":"product_tag","embeddable":true,"href":"https:\/\/shop.kustom.ch\/fr\/wp-json\/wp\/v2\/product_tag?post=668533"}],"curies":[{"name":"wp","href":"https:\/\/api.w.org\/{rel}","templated":true}]}}