{"id":668382,"date":"2025-04-29T19:53:57","date_gmt":"2025-04-29T18:53:57","guid":{"rendered":"https:\/\/shop.kustom.ch\/?post_type=product&#038;p=668382"},"modified":"2026-03-31T09:10:52","modified_gmt":"2026-03-31T08:10:52","slug":"damen-multinorm-arbeitshose-inhaerent-mit-stretch-4","status":"publish","type":"product","link":"https:\/\/shop.kustom.ch\/fr\/produit\/damen-multinorm-arbeitshose-inhaerent-mit-stretch-4\/","title":{"rendered":"Pantalon de travail multi-normes pour femmes avec stretch inh\u00e9rent"},"content":{"rendered":"<p>Pantalon ignifug\u00e9 de coupe f\u00e9minine qui r\u00e9pond \u00e0 toutes les exigences d'un v\u00eatement de travail r\u00e9sistant et convient aux travaux de maintenance n\u00e9cessitant s\u00e9curit\u00e9 et protection.Ce pantalon r\u00e9sistant \u00e0 l'huile, \u00e0 la salet\u00e9 et \u00e0 l'eau est dot\u00e9 d'empi\u00e8cements extensibles pour plus de mobilit\u00e9 et de flexibilit\u00e9 et de poches externes pratiques pour les genoux avec renforts CORDURA\u00ae\/Kevlar\u00ae\/Protal\u00ae.Certifi\u00e9 selon les normes EN 14404, EN 1149-5, EN ISO 20471-2, EN ISO 11612, IEC 61482-2. Atpv, 10,7 cal\/cm\u00b2 (valable pour le mat\u00e9riau extensible).<\/p>\n<p>FONCTIONNALIT\u00c9 : Sans m\u00e9tal. Surface ol\u00e9ofuge, antisalissure et hydrofuge. Insert stretch \u00e0 l'entrejambe et au fessier. D\u00c9TAILS : Poche d'identification amovible pour les v\u00eatements ignifuges. \u00c9tiquettes de certification ext\u00e9rieures. Boutons en plastique. Fermeture \u00e0 glissi\u00e8re en plastique \u00e0 l'entrejambe. Passants, dont un avec anneau en D. \u00c9lastique \u00e0 la taille. POCHES : Poche sur la jambe avec soufflet et rabat. Poche arri\u00e8re. Poches ext\u00e9rieures pour genouill\u00e8res. Poches lat\u00e9rales. Poche m\u00e8tre renforc\u00e9e avec porte couteau et poche stylo. RENFORCEMENT : CORDURA\u00ae\/Kevlar\u00ae\/Protal\u00ae - renforc\u00e9 aux genoux. REFLEX : Bandes r\u00e9fl\u00e9chissantes ignifuges avec doubles coutures. INSTRUCTIONS DE LAVAGE : 60\u00b0 C. Ne pas blanchir. Ne pas repasser. Ne pas nettoyer \u00e0 sec. S\u00e8che-linge - bas. TEXTES PRINCIPAUX : \u00c9lectricien. Travailleur manuel. Personnel de service. Travailleurs de la route et de la construction. EN 1149-5. EN 14004. EN 61482-2. EN ISO 11612. EN ISO 20471. TISSU : Femme. bleu. Jaune haute visibilit\u00e9. Poches rembourr\u00e9es aux genoux. Sans m\u00e9tal. Protection contre les flammes. CERTIFICATION : EN 1149-5. EN 14404 2004+A1 2010, type 1, niveau 1 avec genouill\u00e8res art. 4027. EN ISO 11612 A1, B1, C1, F1. EN ISO 20471, classe 2. 50 cycles de lavage max. Groupe de certification Y. ATPV - 10,7 cal\/cm\u00b2. IEC 61482-2, APC 1<\/p>\n<p>44% Modacrylique, 30% Coton, 20% FR Polyamide, 5% Aramide, 1% antistatique, Ripstop, ignifug\u00e9, antistatique, 260 g\/m<\/p>","protected":false},"excerpt":{"rendered":"<p>Flammhemmende Hose mit Damenpassform, die alle Anforderungen an eine strapazierf\u00e4hige Arbeitskleidung erf\u00fcllt, und f\u00fcr Wartungsarbeiten mit Anforderungen an Sicherheit und Schutz geeignet ist.Diese \u00f6l-, schmutz- und wasserabweisende Hose verf\u00fcgt \u00fcber Stretcheins\u00e4tze f\u00fcr mehr Beweglichkeit und Flexibilit\u00e4t und praktische, externe Kniepolstertaschen mit CORDURA\u00ae\/Kevlar\u00ae\/Protal\u00ae-Verst\u00e4rkung.Zertifiziert nach EN 14404, EN 1149-5, EN ISO 20471-2, EN ISO 11612, IEC 61482-2. [&hellip;]<\/p>\n","protected":false},"featured_media":668412,"template":"","meta":[],"product_brand":[],"product_cat":[4185],"product_tag":[],"class_list":{"0":"post-668382","1":"product","2":"type-product","3":"status-publish","4":"has-post-thumbnail","6":"product_cat-hosen","7":"pa_brand-blaklaeder","8":"pa_brand-type-workwear","9":"pa_filter-color-blau","10":"pa_filter-color-gelb","12":"first","13":"instock","14":"sale","15":"taxable","16":"shipping-taxable","17":"purchasable","18":"product-type-variable","19":"add-to-wishlist-before_image"},"exclude_global_add_ons":[],"addons":[],"acf":[],"_links":{"self":[{"href":"https:\/\/shop.kustom.ch\/fr\/wp-json\/wp\/v2\/product\/668382"}],"collection":[{"href":"https:\/\/shop.kustom.ch\/fr\/wp-json\/wp\/v2\/product"}],"about":[{"href":"https:\/\/shop.kustom.ch\/fr\/wp-json\/wp\/v2\/types\/product"}],"wp:featuredmedia":[{"embeddable":true,"href":"https:\/\/shop.kustom.ch\/fr\/wp-json\/wp\/v2\/media\/668412"}],"wp:attachment":[{"href":"https:\/\/shop.kustom.ch\/fr\/wp-json\/wp\/v2\/media?parent=668382"}],"wp:term":[{"taxonomy":"product_brand","embeddable":true,"href":"https:\/\/shop.kustom.ch\/fr\/wp-json\/wp\/v2\/product_brand?post=668382"},{"taxonomy":"product_cat","embeddable":true,"href":"https:\/\/shop.kustom.ch\/fr\/wp-json\/wp\/v2\/product_cat?post=668382"},{"taxonomy":"product_tag","embeddable":true,"href":"https:\/\/shop.kustom.ch\/fr\/wp-json\/wp\/v2\/product_tag?post=668382"}],"curies":[{"name":"wp","href":"https:\/\/api.w.org\/{rel}","templated":true}]}}