{"id":668153,"date":"2025-04-29T19:52:10","date_gmt":"2025-04-29T18:52:10","guid":{"rendered":"https:\/\/shop.kustom.ch\/?post_type=product&#038;p=668153"},"modified":"2026-03-31T08:35:52","modified_gmt":"2026-03-31T07:35:52","slug":"unterhose-light","status":"publish","type":"product","link":"https:\/\/shop.kustom.ch\/fr\/produit\/unterhose-light\/","title":{"rendered":"SLIP LIGHT"},"content":{"rendered":"<p>Le cale\u00e7on LIGHT \u00e9vacue efficacement l'humidit\u00e9 de la peau. Il est fabriqu\u00e9 en polyester, qui est doux au toucher et garde le corps au chaud, au sec et confortable pendant tous les types d'activit\u00e9s physiques. Le tricotage en canal cr\u00e9e un espace d'air entre le corps et le v\u00eatement, ce qui augmente l'isolation. Utile en toutes saisons, de +10\u00b0C \u00e0 -10\u00b0C, quand on a besoin d'une \u00e9vacuation fonctionnelle de l'humidit\u00e9 pr\u00e8s de la peau.<\/p>\n<p>FONCTIONNALIT\u00c9 : Temp\u00e9rature recommand\u00e9e de +10\u00b0C \u00e0 -10\u00b0C. Tissu \u00e0 haute \u00e9vacuation de l'humidit\u00e9. D\u00c9TAILS : Panneaux avec impression Bl\u00e5kl\u00e4der en grand. \u00c9tiquette de taille imprim\u00e9e. Coutures contrast\u00e9es. Elastique \u00e0 la taille. FINITION : Bas de jambes \u00e9lastiques. INSTRUCTIONS DE LAVAGE : 40\u00b0 C - doux. Repassage - bas. Ne pas blanchir. Ne pas nettoyer \u00e0 sec. S\u00e8che-linge - bas. TISSU : Hommes. bleu. noir. Vent \/ humidit\u00e9 \/ froid<\/p>\n<p>100 % polyester, tricot c\u00f4tel\u00e9, r\u00e9gulation de l'humidit\u00e9, 170 g\/m<\/p>","protected":false},"excerpt":{"rendered":"<p>Die Unterhose LIGHT leitet Feuchtigkeit effektiv von der Haut weg. Sie besteht aus Polyester, das sich weich auf der Haut anf\u00fchlt und den K\u00f6rper bei allen Arten von k\u00f6rperlichen Aktivit\u00e4ten warm, trocken und komfortabel h\u00e4lt. Durch das Kanalgestrick entsteht ein Luftspalt zwischen dem K\u00f6rper und dem Kleidungsst\u00fcck, der die Isolierung erh\u00f6ht. N\u00fctzlich in allen Jahreszeiten, [&hellip;]<\/p>\n","protected":false},"featured_media":668177,"template":"","meta":[],"product_brand":[],"product_cat":[4206],"product_tag":[],"class_list":{"0":"post-668153","1":"product","2":"type-product","3":"status-publish","4":"has-post-thumbnail","6":"product_cat-underwear","7":"pa_brand-blaklaeder","8":"pa_brand-type-workwear","9":"pa_filter-color-blau","10":"pa_filter-color-schwarz","12":"first","13":"instock","14":"sale","15":"taxable","16":"shipping-taxable","17":"purchasable","18":"product-type-variable","19":"add-to-wishlist-before_image"},"exclude_global_add_ons":[],"addons":[],"acf":[],"_links":{"self":[{"href":"https:\/\/shop.kustom.ch\/fr\/wp-json\/wp\/v2\/product\/668153"}],"collection":[{"href":"https:\/\/shop.kustom.ch\/fr\/wp-json\/wp\/v2\/product"}],"about":[{"href":"https:\/\/shop.kustom.ch\/fr\/wp-json\/wp\/v2\/types\/product"}],"wp:featuredmedia":[{"embeddable":true,"href":"https:\/\/shop.kustom.ch\/fr\/wp-json\/wp\/v2\/media\/668177"}],"wp:attachment":[{"href":"https:\/\/shop.kustom.ch\/fr\/wp-json\/wp\/v2\/media?parent=668153"}],"wp:term":[{"taxonomy":"product_brand","embeddable":true,"href":"https:\/\/shop.kustom.ch\/fr\/wp-json\/wp\/v2\/product_brand?post=668153"},{"taxonomy":"product_cat","embeddable":true,"href":"https:\/\/shop.kustom.ch\/fr\/wp-json\/wp\/v2\/product_cat?post=668153"},{"taxonomy":"product_tag","embeddable":true,"href":"https:\/\/shop.kustom.ch\/fr\/wp-json\/wp\/v2\/product_tag?post=668153"}],"curies":[{"name":"wp","href":"https:\/\/api.w.org\/{rel}","templated":true}]}}