{"id":668098,"date":"2025-04-29T19:51:35","date_gmt":"2025-04-29T18:51:35","guid":{"rendered":"https:\/\/shop.kustom.ch\/?post_type=product&#038;p=668098"},"modified":"2026-03-31T08:34:49","modified_gmt":"2026-03-31T07:34:49","slug":"maler-piratenhose-stretch","status":"publish","type":"product","link":"https:\/\/shop.kustom.ch\/fr\/produit\/maler-piratenhose-stretch\/","title":{"rendered":"PEINTRE PANTALON PIRATE STRETCH"},"content":{"rendered":"<p>Un pantalon de pirate confortable et l\u00e9ger, fabriqu\u00e9 dans un tissu stretch \u00e0 deux sens plus fin, avec des inserts stretch \u00e0 quatre sens qui assurent un confort ultime l\u00e0 o\u00f9 il est le plus n\u00e9cessaire. Le pantalon de pirate dispose de poches renforc\u00e9es pratiques et d'une poche d'insertion renforc\u00e9e sp\u00e9cialement adapt\u00e9e. La poche inf\u00e9rieure pour genouill\u00e8re en CORDURA\u00ae stretch offre une r\u00e9sistance et une flexibilit\u00e9 fiables, permettant de travailler efficacement et confortablement toute la journ\u00e9e.<\/p>\n<p>FONCTIONNALIT\u00c9 : stretch dans les deux sens avec inserts stretch dans les quatre sens. Jambes de pantalon particuli\u00e8rement ergonomiques. Coupe normale. D\u00c9TAILS : Poche amovible pour carte d'identit\u00e9. Boutons en m\u00e9tal. Porte-couteau avec bouton. Fermeture \u00e0 glissi\u00e8re en plastique \u00e0 l'entrejambe. Large passant \u00e0 l'arri\u00e8re. Anneau en D \u00e0 la taille. POCHES : Poche sur la jambe avec soufflet et rabat avec fermeture velcro et poche int\u00e9rieure pour t\u00e9l\u00e9phone portable en mesh. Poche sur la jambe sp\u00e9cialement con\u00e7ue pour les spatules et les pinceaux. Poches arri\u00e8re renforc\u00e9es par un soufflet. Poches ext\u00e9rieures pour genouill\u00e8res. Poches lat\u00e9rales. Poches \u00e0 outils. RENFORCEMENT : Poches \u00e0 outils, poches arri\u00e8res, poche pour la douane et genoux renforc\u00e9s en CORDURA\u00ae 1000. REFLEX : D\u00e9tails r\u00e9fl\u00e9chissants sur la jambe. INSTRUCTIONS DE LAVAGE : 40\u00b0 C. Ne pas blanchir. Ne pas repasser. Ne pas nettoyer \u00e0 sec. Ne pas essorer. CARACTERISTIQUES PRINCIPALES : Peintre. Hommes . EN 14004. TISSU : Hommes. noir. blanc. Poches pour genouill\u00e8res. Tissu stretch. Poches \u00e0 outils. Peintre. Tissu stretch. USP : stretch \u00e0 2 voies. Poches renforc\u00e9es en CORDURA\u00ae 1000. Poches de genouill\u00e8res renforc\u00e9es en CORDURA\u00ae. Poches \u00e0 outils renforc\u00e9es en CORDURA\u00ae. D\u00e9tails r\u00e9fl\u00e9chissants. Empi\u00e8cements en stretch. Jambes pr\u00e9form\u00e9es. CERTIFICATION : EN 14404:2004+A1:2010 avec genouill\u00e8res 4027, 4057, 4058 et 4032.<\/p>\n<p>63% polyester, 33% coton, 4% \u00e9lastofin, serg\u00e9, stretch, 260 g\/m<\/p>","protected":false},"excerpt":{"rendered":"<p>Eine bequeme, leichte Piratenhose aus einem d\u00fcnneren 2-Wege-Stretch-Material mit 4-Wege-Stretch-Eins\u00e4tzen, die f\u00fcr ultimativen Komfort sorgen, wo er am meisten gebraucht wird. Die Piratenhose verf\u00fcgt \u00fcber praktische verst\u00e4rkte Taschen und eine speziell angepasste, verst\u00e4rkte Einschubtasche. Die unten liegende Kniepolstertasche mit CORDURA\u00ae-Stretch bietet zuverl\u00e4ssige Strapazierf\u00e4higkeit und Flexibilit\u00e4t, so dass man den ganzen Tag \u00fcber effizient und bequem [&hellip;]<\/p>\n","protected":false},"featured_media":668152,"template":"","meta":[],"product_brand":[],"product_cat":[4198],"product_tag":[],"class_list":{"0":"post-668098","1":"product","2":"type-product","3":"status-publish","4":"has-post-thumbnail","6":"product_cat-shorts","7":"pa_brand-blaklaeder","8":"pa_brand-type-workwear","9":"pa_filter-color-schwarz","10":"pa_filter-color-weiss","12":"first","13":"instock","14":"sale","15":"taxable","16":"shipping-taxable","17":"purchasable","18":"product-type-variable","19":"add-to-wishlist-before_image"},"exclude_global_add_ons":[],"addons":[],"acf":[],"_links":{"self":[{"href":"https:\/\/shop.kustom.ch\/fr\/wp-json\/wp\/v2\/product\/668098"}],"collection":[{"href":"https:\/\/shop.kustom.ch\/fr\/wp-json\/wp\/v2\/product"}],"about":[{"href":"https:\/\/shop.kustom.ch\/fr\/wp-json\/wp\/v2\/types\/product"}],"wp:featuredmedia":[{"embeddable":true,"href":"https:\/\/shop.kustom.ch\/fr\/wp-json\/wp\/v2\/media\/668152"}],"wp:attachment":[{"href":"https:\/\/shop.kustom.ch\/fr\/wp-json\/wp\/v2\/media?parent=668098"}],"wp:term":[{"taxonomy":"product_brand","embeddable":true,"href":"https:\/\/shop.kustom.ch\/fr\/wp-json\/wp\/v2\/product_brand?post=668098"},{"taxonomy":"product_cat","embeddable":true,"href":"https:\/\/shop.kustom.ch\/fr\/wp-json\/wp\/v2\/product_cat?post=668098"},{"taxonomy":"product_tag","embeddable":true,"href":"https:\/\/shop.kustom.ch\/fr\/wp-json\/wp\/v2\/product_tag?post=668098"}],"curies":[{"name":"wp","href":"https:\/\/api.w.org\/{rel}","templated":true}]}}