{"id":668096,"date":"2025-04-29T19:51:35","date_gmt":"2025-04-29T18:51:35","guid":{"rendered":"https:\/\/shop.kustom.ch\/?post_type=product&#038;p=668096"},"modified":"2026-03-31T08:34:43","modified_gmt":"2026-03-31T07:34:43","slug":"malershorts-stretch","status":"publish","type":"product","link":"https:\/\/shop.kustom.ch\/fr\/produit\/malershorts-stretch\/","title":{"rendered":"SHORT DE PEINTRE STRETCH"},"content":{"rendered":"<p>Confortable et l\u00e9ger, ce short de peintre est fabriqu\u00e9 dans un mat\u00e9riau stretch \u00e0 deux sens plus fin, avec des inserts stretch \u00e0 quatre sens qui assurent un confort ultime l\u00e0 o\u00f9 il est le plus n\u00e9cessaire. Le short dispose de poches \u00e0 clous int\u00e9gr\u00e9es, de poches renforc\u00e9es pratiques et d'une poche de remplissage renforc\u00e9e sp\u00e9cialement adapt\u00e9e. \u00c9galement disponible en mod\u00e8le femme 7233.<\/p>\n<p>FONCTIONNALIT\u00c9 : stretch \u00e0 2 voies avec inserts stretch \u00e0 4 voies. Coupe normale. D\u00c9TAILS : Poche amovible pour carte d'identit\u00e9. Boutons en m\u00e9tal. Porte-couteau avec bouton. Fermeture \u00e0 glissi\u00e8re en plastique \u00e0 l'entrejambe. Large passant \u00e0 l'arri\u00e8re. Anneau en D \u00e0 la taille. POCHES : Poche sur la jambe avec soufflet et rabat avec fermeture velcro et poche int\u00e9rieure pour t\u00e9l\u00e9phone portable en mesh. Poche sur la jambe sp\u00e9cialement con\u00e7ue pour les spatules et les pinceaux. Poches arri\u00e8re renforc\u00e9es par un soufflet. Poches lat\u00e9rales renforc\u00e9es. Poches \u00e0 outils. RENFORCEMENT : Poche arri\u00e8re renforc\u00e9e en CORDURA\u00ae. Poche \u00e0 spatule et poche \u00e0 clous renforc\u00e9es en CORDURA\u00ae. REFLEX : D\u00e9tails r\u00e9fl\u00e9chissants. INSTRUCTIONS DE LAVAGE : 40\u00b0 C. Ne pas blanchir. Ne pas repasser. Ne pas nettoyer \u00e0 sec. Ne pas essorer. CARACT\u00c9RISTIQUES PRINCIPALES : Peintre. Disponible pour femmes et hommes. Homme . TISSU : Disponible pour femmes et hommes. Hommes. noir. blanc. Tissu stretch. Poches \u00e0 outils. Peintre. Tissu stretch. USP : stretch \u00e0 2 voies. Poches \u00e0 outils renforc\u00e9es en CORDURA\u00ae. D\u00e9tails r\u00e9fl\u00e9chissants. Empi\u00e8cements stretch<\/p>\n<p>63% polyester, 33% coton, 4% \u00e9lastofin, serg\u00e9, stretch, 260 g\/m<\/p>","protected":false},"excerpt":{"rendered":"<p>Bequeme, leichte Malershorts aus einem d\u00fcnneren 2-Wege-Stretch-Material mit 4-Wege-Stretch-Eins\u00e4tzen, die dort f\u00fcr ultimativen Komfort sorgen, wo er am meisten gebraucht wird. Die Shorts verf\u00fcgen \u00fcber integrierte Nageltaschen, praktische verst\u00e4rkte Taschen und eine speziell angepasste, verst\u00e4rkte Einf\u00fclltasche. Auch als Damenmodell 7233 erh\u00e4ltlich. FUNKTIONALIT\u00c4T: 2-Wege-Stretch mit 4-Wege-Stretch-Eins\u00e4tzen. Normale Passform. DETAILS: Abnehmbare Ausweistasche. Metallkn\u00f6pfe. Messerhalter mit Knopf. Kunststoff-Reissverschluss [&hellip;]<\/p>\n","protected":false},"featured_media":668128,"template":"","meta":[],"product_brand":[],"product_cat":[4198],"product_tag":[],"class_list":{"0":"post-668096","1":"product","2":"type-product","3":"status-publish","4":"has-post-thumbnail","6":"product_cat-shorts","7":"pa_brand-blaklaeder","8":"pa_brand-type-workwear","9":"pa_filter-color-schwarz","10":"pa_filter-color-weiss","12":"first","13":"instock","14":"sale","15":"taxable","16":"shipping-taxable","17":"purchasable","18":"product-type-variable","19":"add-to-wishlist-before_image"},"exclude_global_add_ons":[],"addons":[],"acf":[],"_links":{"self":[{"href":"https:\/\/shop.kustom.ch\/fr\/wp-json\/wp\/v2\/product\/668096"}],"collection":[{"href":"https:\/\/shop.kustom.ch\/fr\/wp-json\/wp\/v2\/product"}],"about":[{"href":"https:\/\/shop.kustom.ch\/fr\/wp-json\/wp\/v2\/types\/product"}],"wp:featuredmedia":[{"embeddable":true,"href":"https:\/\/shop.kustom.ch\/fr\/wp-json\/wp\/v2\/media\/668128"}],"wp:attachment":[{"href":"https:\/\/shop.kustom.ch\/fr\/wp-json\/wp\/v2\/media?parent=668096"}],"wp:term":[{"taxonomy":"product_brand","embeddable":true,"href":"https:\/\/shop.kustom.ch\/fr\/wp-json\/wp\/v2\/product_brand?post=668096"},{"taxonomy":"product_cat","embeddable":true,"href":"https:\/\/shop.kustom.ch\/fr\/wp-json\/wp\/v2\/product_cat?post=668096"},{"taxonomy":"product_tag","embeddable":true,"href":"https:\/\/shop.kustom.ch\/fr\/wp-json\/wp\/v2\/product_tag?post=668096"}],"curies":[{"name":"wp","href":"https:\/\/api.w.org\/{rel}","templated":true}]}}