{"id":668046,"date":"2025-04-29T19:51:04","date_gmt":"2025-04-29T18:51:04","guid":{"rendered":"https:\/\/shop.kustom.ch\/?post_type=product&#038;p=668046"},"modified":"2026-03-31T08:57:44","modified_gmt":"2026-03-31T07:57:44","slug":"multinorm-softshell-weste","status":"publish","type":"product","link":"https:\/\/shop.kustom.ch\/fr\/produit\/multinorm-softshell-weste\/","title":{"rendered":"Gilet Multinorm Softshell"},"content":{"rendered":"<p>Veste softshell haute visibilit\u00e9 sans m\u00e9tal ni polyester, intrins\u00e8quement ignifug\u00e9e.La veste coupe-vent et imperm\u00e9able est fabriqu\u00e9e en mat\u00e9riau softshell 3 couches et dispose d'une excellente respirabilit\u00e9. Le gilet est \u00e9quip\u00e9 de deux boucles \u00e0 gaz qui permettent d'accrocher des d\u00e9tecteurs de gaz, des oxym\u00e8tres ou des microphones. Certifi\u00e9 selon les normes EN 1149-5, EN 13034, EN ISO 20471, EN ISO 11611, EN ISO 11612, EN 61482-2 , APC 2 Ebt 33 cal\/cm\u00b2 , ELIM 30 cal\/cm\u00b2.<\/p>\n<p>FONCTIONNALIT\u00c9 : Sans m\u00e9tal. Surface ol\u00e9ofuge, antisalissure et hydrofuge. Mat\u00e9riau imperm\u00e9able au vent et \u00e0 l'eau, respirant, en lamin\u00e9 3 couches. D\u00c9TAILS : \u00c9tiquettes de certification ext\u00e9rieures. Boucles de chaque c\u00f4t\u00e9 de la poitrine pour le d\u00e9tecteur de gaz \/ l'oxyg\u00e9nom\u00e8tre \/ le microphone. \u00c9paules de couleur contrast\u00e9e. POCHES : Poche de poitrine avec fermeture \u00e0 glissi\u00e8re. Poches avant, dont une avec anneau en D. Poches avant avec fermetures \u00e0 glissi\u00e8re. FERMETURE FRONTALE : Fermeture \u00e0 glissi\u00e8re plastique \u00e0 double sens dissimul\u00e9e. REFLEX : D\u00e9tails r\u00e9fl\u00e9chissants sur l'\u00e9paule. Bandes r\u00e9fl\u00e9chissantes de transfert ignifuges interrompues. FERMETURE : Bord reli\u00e9 \u00e0 l'ouverture des manches et \u00e0 l'ourlet. INSTRUCTIONS DE LAVAGE : 60\u00b0 C. Ne pas blanchir. Ne pas repasser. Ne pas nettoyer \u00e0 sec. Ne pas essorer. TEXTES PRINCIPAUX : \u00c9lectricien. Travailleur manuel. Personnel de service. Travailleurs de la route et de la construction. EN 1149-5. EN 13034. EN 61482-2. EN ISO 11611. EN ISO 11612. EN ISO 20471. TISSU : Hommes. bleu. Jaune haute visibilit\u00e9. Sans m\u00e9tal. Protection contre les flammes. CERTIFICATION : EN 1149-5. EN 13034 PB (6). Max. 20 cycles de lavage. EBT - 33 cal\/cm\u00b2. ELIM - 30 cal\/cm\u00b2. EN 61482-2, APC 2. EN ISO 11611 classe 2 , A1+A2. EN ISO 11612 A1,A2, B1,C2,F2. EN ISO 20471, XS classe 1, S-4XL classe 2. 50 lavages max. Groupe de certification A S -&gt;. Groupe de certification E -&gt;XS<\/p>\n<p>43% modacrylique, 36% coton, 11% polyamide, 6% polyur\u00e9thane, 3% aramide, 1% antistatique, Softshell 3 couches, ignifug\u00e9, antistatique, 490 g\/m<\/p>","protected":false},"excerpt":{"rendered":"<p>Metall- und polyesterfreie Softshell-Weste in High Vis, die inh\u00e4rent flammhemmend ist.Die wind- und wasserabweisende Jacke ist aus 3-Lagen-Softshell-Material gefertigt und verf\u00fcgt \u00fcber eine hervorragende Atmungsaktivit\u00e4t. Ausserdem hat sie einen verl\u00e4ngerten R\u00fccken, der den ohnehin schon fantastischen Tragekomfort noch verbessern.Die Weste ist mit zwei Gasschlaufen ausgestattet, die zum Einh\u00e4ngen von Gassp\u00fcrger\u00e4ten, Sauerstoffmessger\u00e4ten oder Mikrofonen dienen. Sie [&hellip;]<\/p>\n","protected":false},"featured_media":668056,"template":"","meta":[],"product_brand":[],"product_cat":[4208],"product_tag":[],"class_list":{"0":"post-668046","1":"product","2":"type-product","3":"status-publish","4":"has-post-thumbnail","6":"product_cat-westen","7":"pa_brand-blaklaeder","8":"pa_brand-type-workwear","9":"pa_filter-color-blau","10":"pa_filter-color-gelb","12":"first","13":"instock","14":"sale","15":"taxable","16":"shipping-taxable","17":"purchasable","18":"product-type-variable","19":"add-to-wishlist-before_image"},"exclude_global_add_ons":[],"addons":[],"acf":[],"_links":{"self":[{"href":"https:\/\/shop.kustom.ch\/fr\/wp-json\/wp\/v2\/product\/668046"}],"collection":[{"href":"https:\/\/shop.kustom.ch\/fr\/wp-json\/wp\/v2\/product"}],"about":[{"href":"https:\/\/shop.kustom.ch\/fr\/wp-json\/wp\/v2\/types\/product"}],"wp:featuredmedia":[{"embeddable":true,"href":"https:\/\/shop.kustom.ch\/fr\/wp-json\/wp\/v2\/media\/668056"}],"wp:attachment":[{"href":"https:\/\/shop.kustom.ch\/fr\/wp-json\/wp\/v2\/media?parent=668046"}],"wp:term":[{"taxonomy":"product_brand","embeddable":true,"href":"https:\/\/shop.kustom.ch\/fr\/wp-json\/wp\/v2\/product_brand?post=668046"},{"taxonomy":"product_cat","embeddable":true,"href":"https:\/\/shop.kustom.ch\/fr\/wp-json\/wp\/v2\/product_cat?post=668046"},{"taxonomy":"product_tag","embeddable":true,"href":"https:\/\/shop.kustom.ch\/fr\/wp-json\/wp\/v2\/product_tag?post=668046"}],"curies":[{"name":"wp","href":"https:\/\/api.w.org\/{rel}","templated":true}]}}