{"id":667908,"date":"2025-04-29T19:49:44","date_gmt":"2025-04-29T18:49:44","guid":{"rendered":"https:\/\/shop.kustom.ch\/?post_type=product&#038;p=667908"},"modified":"2026-03-31T08:57:37","modified_gmt":"2026-03-31T07:57:37","slug":"t-shirt-im-multipack-2","status":"publish","type":"product","link":"https:\/\/shop.kustom.ch\/fr\/produit\/t-shirt-im-multipack-2\/","title":{"rendered":"T-SHIRT EN MULTIPACK"},"content":{"rendered":"<p>Enrichissez votre garde-robe avec un super basique en multipack de 5. T-shirt pratique et confortable en coton 100% avec encolure c\u00f4tel\u00e9e et coutures renforc\u00e9es au cou et aux \u00e9paules.<\/p>\n<p>FONCTIONNALIT\u00c9 : Coupe normale. D\u00c9TAILS : Col c\u00f4tel\u00e9. Col rond. Coutures renforc\u00e9es au cou. Coutures d'\u00e9paules renforc\u00e9es. CONDITIONNEMENT : 5. prix\/pi\u00e8ce, vendu en botte de 5 pi\u00e8ces. INSTRUCTIONS DE LAVAGE : 60\u00b0 C. Repassage - moyen. Ne pas blanchir. Ne pas nettoyer \u00e0 sec. Ne pas essorer. PROFESSIONS PRINCIPALES : Poseur de sols. Couvreur de toitures. Chauffeur. P\u00eacheur. Travailleur de jardin. Homme \u00e0 tout faire. Installateur de chauffage. Travailleur de l'entrep\u00f4t. Peintre en b\u00e2timent. Ma\u00e7on \/ carreleur. M\u00e9canicien de chantier. Agent de nettoyage. Employ\u00e9 de service. Ferblantier. TISSU : Disponible pour les femmes et les hommes. Hommes. blanc. profil. USP : 100 % coton<\/p>\n<p>100% Coton, jersey, 150 g\/m<\/p>","protected":false},"excerpt":{"rendered":"<p>Erweitern Sie Ihre Garderobe mit einem tollen Basic im 5er-Multipack. Praktisches und bequemes T-Shirt aus 100% Baumwolle mit geripptem Halsausschnitt und verst\u00e4rkten Nacken- und Schultern\u00e4hten. FUNKTIONALIT\u00c4T: Normale Passform. DETAILS: Gerippter Halsbund. Rundhals. Verst\u00e4rkte Halsn\u00e4hte. Verst\u00e4rkte Schultern\u00e4hte. VERPACKUNG: 5. Preis\/St\u00fcck, verkauft im B\u00fcndel mit 5 St\u00fcck. WASCHANLEITUNG: 60\u00b0 C. B\u00fcgeln &#8211; mittel. Nicht bleichen. Nicht chemisch [&hellip;]<\/p>\n","protected":false},"featured_media":667952,"template":"","meta":[],"product_brand":[],"product_cat":[4201],"product_tag":[],"class_list":{"0":"post-667908","1":"product","2":"type-product","3":"status-publish","4":"has-post-thumbnail","6":"product_cat-t-shirts","7":"pa_brand-blaklaeder","8":"pa_brand-type-workwear","9":"pa_filter-color-blau","10":"pa_filter-color-gelb","11":"pa_filter-color-grau","12":"pa_filter-color-gruen","13":"pa_filter-color-rot","14":"pa_filter-color-schwarz","15":"pa_filter-color-weiss","17":"first","18":"instock","19":"sale","20":"taxable","21":"shipping-taxable","22":"purchasable","23":"product-type-variable","24":"add-to-wishlist-before_image"},"exclude_global_add_ons":[],"addons":[],"acf":[],"_links":{"self":[{"href":"https:\/\/shop.kustom.ch\/fr\/wp-json\/wp\/v2\/product\/667908"}],"collection":[{"href":"https:\/\/shop.kustom.ch\/fr\/wp-json\/wp\/v2\/product"}],"about":[{"href":"https:\/\/shop.kustom.ch\/fr\/wp-json\/wp\/v2\/types\/product"}],"wp:featuredmedia":[{"embeddable":true,"href":"https:\/\/shop.kustom.ch\/fr\/wp-json\/wp\/v2\/media\/667952"}],"wp:attachment":[{"href":"https:\/\/shop.kustom.ch\/fr\/wp-json\/wp\/v2\/media?parent=667908"}],"wp:term":[{"taxonomy":"product_brand","embeddable":true,"href":"https:\/\/shop.kustom.ch\/fr\/wp-json\/wp\/v2\/product_brand?post=667908"},{"taxonomy":"product_cat","embeddable":true,"href":"https:\/\/shop.kustom.ch\/fr\/wp-json\/wp\/v2\/product_cat?post=667908"},{"taxonomy":"product_tag","embeddable":true,"href":"https:\/\/shop.kustom.ch\/fr\/wp-json\/wp\/v2\/product_tag?post=667908"}],"curies":[{"name":"wp","href":"https:\/\/api.w.org\/{rel}","templated":true}]}}