{"id":667906,"date":"2025-04-29T19:49:44","date_gmt":"2025-04-29T18:49:44","guid":{"rendered":"https:\/\/shop.kustom.ch\/?post_type=product&#038;p=667906"},"modified":"2026-03-31T08:57:14","modified_gmt":"2026-03-31T07:57:14","slug":"strickpullover-fuer-damen","status":"publish","type":"product","link":"https:\/\/shop.kustom.ch\/fr\/produit\/strickpullover-fuer-damen\/","title":{"rendered":"PULLS EN TRICOT POUR FEMMES"},"content":{"rendered":"<p>Pull en maille avec col en V qui se combine parfaitement avec les pantalons chinos de Bl\u00e5kl\u00e4der pour un look \u00e9l\u00e9gant et un peu plus professionnel au travail. \u00c9galement disponible en mod\u00e8le homme 3590.<\/p>\n<p>DETAILS : encolure en V. FINITION : Poignets en maille c\u00f4tel\u00e9e. Ceinture \u00e0 c\u00f4tes. INSTRUCTIONS DE LAVAGE : 40\u00b0 C. Repassage - bas. Ne pas blanchir. Ne pas nettoyer \u00e0 sec. Ne pas essorer. ACTIVIT\u00c9S PRINCIPALES : Chauffeur. Employ\u00e9 de magasin. Agent de nettoyage. Employ\u00e9 de service. Femmes . TISSU : Femmes. bleu. noir. profil. USP : 100 % coton<\/p>\n<p>100% Coton, 250 g\/m<\/p>","protected":false},"excerpt":{"rendered":"<p>Strickpullover mit V-Ausschnitt, der sich hervorragend mit den Chinohosen von Bl\u00e5kl\u00e4der kombinieren l\u00e4sst, um einen eleganten und etwas gesch\u00e4ftsorientierteren Look bei der Arbeit zu erzielen. Auch als Herrenmodell 3590 erh\u00e4ltlich. DETAILS: V-Ausschnitt. ABSCHLUSS: Rippstrickb\u00fcndchen. Gerippter Taillenbund. WASCHANLEITUNG: 40\u00b0 C. B\u00fcgeln &#8211; niedrig. Nicht bleichen. Nicht chemisch reinigen. Nicht schleudern. HAUPTEIGENSCHAFTEN: Fahrer. Lagerarbeiter. Reinigungskraft. Service Mitarbeiter. [&hellip;]<\/p>\n","protected":false},"featured_media":667925,"template":"","meta":[],"product_brand":[],"product_cat":[4184],"product_tag":[],"class_list":{"0":"post-667906","1":"product","2":"type-product","3":"status-publish","4":"has-post-thumbnail","6":"product_cat-hoodies-pullover","7":"pa_brand-blaklaeder","8":"pa_brand-type-workwear","9":"pa_filter-color-schwarz","11":"first","12":"instock","13":"sale","14":"taxable","15":"shipping-taxable","16":"purchasable","17":"product-type-variable","18":"add-to-wishlist-before_image"},"exclude_global_add_ons":[],"addons":[],"acf":[],"_links":{"self":[{"href":"https:\/\/shop.kustom.ch\/fr\/wp-json\/wp\/v2\/product\/667906"}],"collection":[{"href":"https:\/\/shop.kustom.ch\/fr\/wp-json\/wp\/v2\/product"}],"about":[{"href":"https:\/\/shop.kustom.ch\/fr\/wp-json\/wp\/v2\/types\/product"}],"wp:featuredmedia":[{"embeddable":true,"href":"https:\/\/shop.kustom.ch\/fr\/wp-json\/wp\/v2\/media\/667925"}],"wp:attachment":[{"href":"https:\/\/shop.kustom.ch\/fr\/wp-json\/wp\/v2\/media?parent=667906"}],"wp:term":[{"taxonomy":"product_brand","embeddable":true,"href":"https:\/\/shop.kustom.ch\/fr\/wp-json\/wp\/v2\/product_brand?post=667906"},{"taxonomy":"product_cat","embeddable":true,"href":"https:\/\/shop.kustom.ch\/fr\/wp-json\/wp\/v2\/product_cat?post=667906"},{"taxonomy":"product_tag","embeddable":true,"href":"https:\/\/shop.kustom.ch\/fr\/wp-json\/wp\/v2\/product_tag?post=667906"}],"curies":[{"name":"wp","href":"https:\/\/api.w.org\/{rel}","templated":true}]}}