{"id":667819,"date":"2025-04-29T19:48:46","date_gmt":"2025-04-29T18:48:46","guid":{"rendered":"https:\/\/shop.kustom.ch\/?post_type=product&#038;p=667819"},"modified":"2026-03-31T08:56:54","modified_gmt":"2026-03-31T07:56:54","slug":"high-vis-sweatshirt-mit-abnehmbarer-kapuze","status":"publish","type":"product","link":"https:\/\/shop.kustom.ch\/fr\/produit\/high-vis-sweatshirt-mit-abnehmbarer-kapuze\/","title":{"rendered":"Sweat-shirt haute visibilit\u00e9 avec capuche amovible"},"content":{"rendered":"<p>Sweat-shirt High Vis avec bandes r\u00e9fl\u00e9chissantes discontinues pour une visibilit\u00e9 suppl\u00e9mentaire. Le mat\u00e9riau du sweat-shirt High Vis est une polaire douce et belle qui offre une combinaison imbattable de s\u00e9curit\u00e9 et de confort. Capuche amovible, col, fermeture \u00e0 glissi\u00e8re sur toute la longueur, poches sur le devant, poche poitrine et bordures c\u00f4tel\u00e9es. Peut \u00eatre lav\u00e9 industriellement. \u00c9galement disponible en mod\u00e8le femme 3574.<\/p>\n<p>FONCTIONNALIT\u00c9 : Coupe normale. D\u00c9TAILS : Capuche amovible. Col haut avec fermeture \u00e0 glissi\u00e8re. POCHES : Poche de poitrine avec fermeture \u00e0 glissi\u00e8re et anneau en D. Poches avant avec fermetures \u00e0 glissi\u00e8re. FERMETURE FRONTALE : Fermeture \u00e0 glissi\u00e8re en plastique. REFLEX : Bandes r\u00e9fl\u00e9chissantes de transfert de 50 mm de large. Mat\u00e9riau r\u00e9fl\u00e9chissant sur le torse, les manches et les \u00e9paules. FERMETURE : Finition des manches avec poignets. Ceinture \u00e0 c\u00f4tes. INSTRUCTIONS DE LAVAGE : Lavage m\u00e9nager X 50. Lavage industriel X 50. 70\u00b0 C. Ne pas blanchir. Ne pas repasser. Ne pas nettoyer \u00e0 sec. PRO : adapt\u00e9 au s\u00e9chage en tambour. S\u00e9choir \u00e0 linge - bas. ACTIVIT\u00c9S PRINCIPALES : Conducteur. Travailleurs manuels. Travailleurs de la route et du b\u00e2timent. Disponible pour les femmes et les hommes. Hommes . EN ISO 20471. TISSU : Jaune haute visibilit\u00e9. rouge. Protection haute visibilit\u00e9. Lavage industriel EN ISO 15797. USP : Larges bandes r\u00e9fl\u00e9chissantes. Int\u00e9rieur doux et bross\u00e9. CERTIFICATION : EN ISO 20471 XS-S classe 2, M classe 3. Groupe de certification C -&gt;S<\/p>\n<p>100% Polyester, polaire piqu\u00e9e, bross\u00e9e d'un c\u00f4t\u00e9, 240 g\/m<\/p>","protected":false},"excerpt":{"rendered":"<p>High Vis Sweatshirt mit unterbrochenen Reflexstreifen f\u00fcr zus\u00e4tzliche Sichtbarkeit. Das Material des High Vis Shirts ist ein weiches und sch\u00f6nes Fleece, das eine unschlagbare Kombination aus Sicherheit und Komfort bietet. Abnehmbare Kapuze, Kragen, durchgehender Reissverschluss, Taschen auf der Vorderseite, Brusttasche und Rippenb\u00fcndchen. Kann industriell gewaschen werden. Auch als Damen-Modell 3574 erh\u00e4ltlich. FUNKTIONALIT\u00c4T: Normale Passform. DETAILS: [&hellip;]<\/p>\n","protected":false},"featured_media":667879,"template":"","meta":[],"product_brand":[],"product_cat":[4184],"product_tag":[],"class_list":{"0":"post-667819","1":"product","2":"type-product","3":"status-publish","4":"has-post-thumbnail","6":"product_cat-hoodies-pullover","7":"pa_brand-blaklaeder","8":"pa_brand-type-workwear","9":"pa_filter-color-gelb","10":"pa_filter-color-orange","11":"pa_filter-color-rot","13":"first","14":"instock","15":"sale","16":"taxable","17":"shipping-taxable","18":"purchasable","19":"product-type-variable","20":"add-to-wishlist-before_image"},"exclude_global_add_ons":[],"addons":[],"acf":[],"_links":{"self":[{"href":"https:\/\/shop.kustom.ch\/fr\/wp-json\/wp\/v2\/product\/667819"}],"collection":[{"href":"https:\/\/shop.kustom.ch\/fr\/wp-json\/wp\/v2\/product"}],"about":[{"href":"https:\/\/shop.kustom.ch\/fr\/wp-json\/wp\/v2\/types\/product"}],"wp:featuredmedia":[{"embeddable":true,"href":"https:\/\/shop.kustom.ch\/fr\/wp-json\/wp\/v2\/media\/667879"}],"wp:attachment":[{"href":"https:\/\/shop.kustom.ch\/fr\/wp-json\/wp\/v2\/media?parent=667819"}],"wp:term":[{"taxonomy":"product_brand","embeddable":true,"href":"https:\/\/shop.kustom.ch\/fr\/wp-json\/wp\/v2\/product_brand?post=667819"},{"taxonomy":"product_cat","embeddable":true,"href":"https:\/\/shop.kustom.ch\/fr\/wp-json\/wp\/v2\/product_cat?post=667819"},{"taxonomy":"product_tag","embeddable":true,"href":"https:\/\/shop.kustom.ch\/fr\/wp-json\/wp\/v2\/product_tag?post=667819"}],"curies":[{"name":"wp","href":"https:\/\/api.w.org\/{rel}","templated":true}]}}