{"id":667818,"date":"2025-04-29T19:48:46","date_gmt":"2025-04-29T18:48:46","guid":{"rendered":"https:\/\/shop.kustom.ch\/?post_type=product&#038;p=667818"},"modified":"2026-03-31T09:00:47","modified_gmt":"2026-03-31T08:00:47","slug":"multinorm-softshell-jacke-2","status":"publish","type":"product","link":"https:\/\/shop.kustom.ch\/fr\/produit\/multinorm-softshell-jacke-2\/","title":{"rendered":"Veste Multinorm Softshell"},"content":{"rendered":"<p>Veste softshell sans m\u00e9tal ni polyester, intrins\u00e8quement ignifuge.Cette veste coupe-vent et imperm\u00e9able est fabriqu\u00e9e en mat\u00e9riau softshell et poss\u00e8de une excellente respirabilit\u00e9. Elle est \u00e9galement dot\u00e9e d'un dos rallong\u00e9 qui am\u00e9liore encore son confort d\u00e9j\u00e0 fantastique.La veste est \u00e9quip\u00e9e de deux boucles \u00e0 gaz qui permettent d'accrocher des appareils de d\u00e9tection de gaz, des appareils de mesure de l'oxyg\u00e8ne ou des microphones.Certifi\u00e9e conforme aux normes EN 1149-5, EN 13034, EN ISO 11611, EN ISO 11612 et EN 61482-2 APC 2. EBT - 33 cal\/cm\u00b2, ELIM - 30 cal\/cm\u00b2.<\/p>\n<p>FONCTIONNALIT\u00c9 : Surface ol\u00e9ofuge, antisalissure et hydrofuge. Imperm\u00e9able au vent et \u00e0 l'eau, coutures non scell\u00e9es, respirant. D\u00c9TAILS : \u00c9tiquettes de certification ext\u00e9rieures. Boucles de chaque c\u00f4t\u00e9 de la poitrine pour le d\u00e9tecteur de gaz \/ l'oxyg\u00e9nom\u00e8tre \/ le microphone. POCHES : Poche de poitrine avec fermeture \u00e0 glissi\u00e8re. Poches avant avec fermetures \u00e0 glissi\u00e8re. FERMETURE FRONTALE : Fermeture \u00e0 glissi\u00e8re en plastique renforc\u00e9e et dissimul\u00e9e. REFLEX : Bande r\u00e9fl\u00e9chissante de transfert. Bande r\u00e9fl\u00e9chissante \u00e0 certains endroits pour une meilleure visibilit\u00e9. FERMETURE : Poignet int\u00e9rieur. Dos rallong\u00e9. INSTRUCTIONS DE LAVAGE : 60\u00b0 C. Ne pas blanchir. Ne pas repasser. Ne pas nettoyer \u00e0 sec. Ne pas essorer. CARACT\u00c9RISTIQUES PRINCIPALES : EN 1149-5. EN 13034. EN 61482-2. EN ISO 11611. EN ISO 11612. TISSU : Hommes. bleu. Sans m\u00e9tal. Protection contre les flammes. USP : Mati\u00e8re softshell \u00e0 3 couches. Propri\u00e9t\u00e9s antistatiques. Intrins\u00e8quement ignifuge. R\u00e9sistant \u00e0 l'huile et \u00e0 la salet\u00e9. D\u00e9tails r\u00e9fl\u00e9chissants. Fermeture \u00e0 glissi\u00e8re robuste, cach\u00e9e, \u00e0 sens unique, en mati\u00e8re synth\u00e9tique. Dos rallong\u00e9. R\u00e9sistant \u00e0 l'eau. Imperm\u00e9able au vent et \u00e0 l'eau. CERTIFICATION : EN 1149-5. EN 13034 PB (6). Max. 20 cycles de lavage. EBT - 33 cal\/cm\u00b2. ELIM - 30 cal\/cm\u00b2. EN 61482-2, APC 2. EN ISO 11611 classe 2 , A1+A2. EN ISO 11612 A1,A2, B1,C2,F2<\/p>\n<p>43% modacrylique, 36% coton, 11% polyamide, 6% polyur\u00e9thane, 3% aramide, 1% antistatique, Softshell 3 couches, ignifug\u00e9, antistatique, 490 g\/m<\/p>","protected":false},"excerpt":{"rendered":"<p>Metall- und polyesterfreie Softshell-Jacke, die inh\u00e4rent flammhemmend ist.Die wind- und wasserabweisende Jacke ist aus Softshell-Material gefertigt und hat eine hervorragende Atmungsaktivit\u00e4t. Sie hat auch einen verl\u00e4ngerten R\u00fccken, der den ohnehin schon fantastischen Komfort noch verbessert.Die Jacke ist mit zwei Gasschlaufen ausgestattet, die zum Einh\u00e4ngen von Gassp\u00fcrger\u00e4ten, Sauerstoffmessger\u00e4ten oder Mikrofonen dienen.Zertifiziert nach EN 1149-5, EN 13034, [&hellip;]<\/p>\n","protected":false},"featured_media":667860,"template":"","meta":[],"product_brand":[],"product_cat":[4186],"product_tag":[],"class_list":{"0":"post-667818","1":"product","2":"type-product","3":"status-publish","4":"has-post-thumbnail","6":"product_cat-jacken","7":"pa_brand-blaklaeder","8":"pa_brand-type-workwear","9":"pa_filter-color-blau","10":"pa_filter-color-schwarz","12":"first","13":"instock","14":"sale","15":"taxable","16":"shipping-taxable","17":"purchasable","18":"product-type-variable","19":"add-to-wishlist-before_image"},"exclude_global_add_ons":[],"addons":[],"acf":[],"_links":{"self":[{"href":"https:\/\/shop.kustom.ch\/fr\/wp-json\/wp\/v2\/product\/667818"}],"collection":[{"href":"https:\/\/shop.kustom.ch\/fr\/wp-json\/wp\/v2\/product"}],"about":[{"href":"https:\/\/shop.kustom.ch\/fr\/wp-json\/wp\/v2\/types\/product"}],"wp:featuredmedia":[{"embeddable":true,"href":"https:\/\/shop.kustom.ch\/fr\/wp-json\/wp\/v2\/media\/667860"}],"wp:attachment":[{"href":"https:\/\/shop.kustom.ch\/fr\/wp-json\/wp\/v2\/media?parent=667818"}],"wp:term":[{"taxonomy":"product_brand","embeddable":true,"href":"https:\/\/shop.kustom.ch\/fr\/wp-json\/wp\/v2\/product_brand?post=667818"},{"taxonomy":"product_cat","embeddable":true,"href":"https:\/\/shop.kustom.ch\/fr\/wp-json\/wp\/v2\/product_cat?post=667818"},{"taxonomy":"product_tag","embeddable":true,"href":"https:\/\/shop.kustom.ch\/fr\/wp-json\/wp\/v2\/product_tag?post=667818"}],"curies":[{"name":"wp","href":"https:\/\/api.w.org\/{rel}","templated":true}]}}