{"id":667738,"date":"2025-04-29T19:47:53","date_gmt":"2025-04-29T18:47:53","guid":{"rendered":"https:\/\/shop.kustom.ch\/?post_type=product&#038;p=667738"},"modified":"2026-03-31T08:55:52","modified_gmt":"2026-03-31T07:55:52","slug":"merino-langarmshirt","status":"publish","type":"product","link":"https:\/\/shop.kustom.ch\/fr\/produit\/merino-langarmshirt\/","title":{"rendered":"Shirt \u00e0 manches longues en m\u00e9rinos"},"content":{"rendered":"<p>Ce t-shirt \u00e0 manches longues en laine m\u00e9rinos est doux et confortable aussi bien dans les environnements chauds que froids. Les propri\u00e9t\u00e9s naturelles d'\u00e9vacuation de l'humidit\u00e9, d'antibact\u00e9rienne et de thermor\u00e9gulation de la laine offrent une protection efficace contre les odeurs tout au long de la journ\u00e9e de travail. Les propri\u00e9t\u00e9s \u00e9lastiques assurent une coupe confortable et donc un port agr\u00e9able. \u00c9galement disponible en mod\u00e8le femme 3539.<\/p>\n<p>FONCTIONNALIT\u00c9 : Coupe slim. D\u00c9TAILS : Imprim\u00e9 sur les manches. Col rond. INSTRUCTIONS DE LAVAGE : 40\u00b0 C. Ne pas blanchir. Ne pas repasser. Ne pas nettoyer \u00e0 sec. Ne pas essorer. TRAVAIL PRINCIPAL : Poseur de sols. Couvreur de toitures. Chauffeur. P\u00eacheur. Travailleur de jardin. Travailleur manuel. B\u00fbcheron. Installateur de mat\u00e9riel. Ouvrier de stockage. Ma\u00e7on \/ carreleur. M\u00e9canicien de chantier. Agent de nettoyage. Employ\u00e9 de service. Plombier. TISSU : Disponible pour les femmes et les hommes. Hommes : vert. Profil\u00e9 . USP : \u00c9lastique. Coupe ajust\u00e9e. Transport de l'humidit\u00e9. Laine m\u00e9rinos. Naturellement antibact\u00e9rien. R\u00e9gulation de la temp\u00e9rature<\/p>\n<p>85% laine m\u00e9rinos 15% polyamide recycl\u00e9, jersey simple, r\u00e9gulation de l'humidit\u00e9, 120g\/m<\/p>","protected":false},"excerpt":{"rendered":"<p>Dieses lang\u00e4rmelige T-Shirt aus Merinowolle ist sowohl in warmen als auch in kalten Umgebungen weich und bequem. Die nat\u00fcrlichen feuchtigkeitsableitenden, antibakteriellen und temperaturregulierenden Eigenschaften der Wolle bieten einen wirksamen Schutz vor Geruchsbildung w\u00e4hrend des gesamten Arbeitstages. Die elastischen Eigenschaften sorgen f\u00fcr eine bequeme Passform und damit f\u00fcr ein angenehmes Tragegef\u00fchl. Auch als Damenmodell 3539 erh\u00e4ltlich. [&hellip;]<\/p>\n","protected":false},"featured_media":667790,"template":"","meta":[],"product_brand":[],"product_cat":[4201],"product_tag":[],"class_list":{"0":"post-667738","1":"product","2":"type-product","3":"status-publish","4":"has-post-thumbnail","6":"product_cat-t-shirts","7":"pa_brand-blaklaeder","8":"pa_brand-type-workwear","9":"pa_filter-color-blau","10":"pa_filter-color-gruen","11":"pa_filter-color-schwarz","13":"first","14":"instock","15":"sale","16":"taxable","17":"shipping-taxable","18":"purchasable","19":"product-type-variable","20":"add-to-wishlist-before_image"},"exclude_global_add_ons":[],"addons":[],"acf":[],"_links":{"self":[{"href":"https:\/\/shop.kustom.ch\/fr\/wp-json\/wp\/v2\/product\/667738"}],"collection":[{"href":"https:\/\/shop.kustom.ch\/fr\/wp-json\/wp\/v2\/product"}],"about":[{"href":"https:\/\/shop.kustom.ch\/fr\/wp-json\/wp\/v2\/types\/product"}],"wp:featuredmedia":[{"embeddable":true,"href":"https:\/\/shop.kustom.ch\/fr\/wp-json\/wp\/v2\/media\/667790"}],"wp:attachment":[{"href":"https:\/\/shop.kustom.ch\/fr\/wp-json\/wp\/v2\/media?parent=667738"}],"wp:term":[{"taxonomy":"product_brand","embeddable":true,"href":"https:\/\/shop.kustom.ch\/fr\/wp-json\/wp\/v2\/product_brand?post=667738"},{"taxonomy":"product_cat","embeddable":true,"href":"https:\/\/shop.kustom.ch\/fr\/wp-json\/wp\/v2\/product_cat?post=667738"},{"taxonomy":"product_tag","embeddable":true,"href":"https:\/\/shop.kustom.ch\/fr\/wp-json\/wp\/v2\/product_tag?post=667738"}],"curies":[{"name":"wp","href":"https:\/\/api.w.org\/{rel}","templated":true}]}}