{"id":667661,"date":"2025-04-29T19:46:57","date_gmt":"2025-04-29T18:46:57","guid":{"rendered":"https:\/\/shop.kustom.ch\/?post_type=product&#038;p=667661"},"modified":"2026-03-31T08:53:32","modified_gmt":"2026-03-31T07:53:32","slug":"flammschutz-sweatshirt-mit-reissverschluss","status":"publish","type":"product","link":"https:\/\/shop.kustom.ch\/fr\/produit\/flammschutz-sweatshirt-mit-reissverschluss\/","title":{"rendered":"Sweat-shirt ignifug\u00e9 avec fermeture \u00e9clair"},"content":{"rendered":"<p>Un haut ignifug\u00e9 confortable et tr\u00e8s pratique, de qualit\u00e9 inh\u00e9rente, enti\u00e8rement exempt de m\u00e9tal. Ce sweat-shirt est dot\u00e9 d'une fermeture \u00e0 glissi\u00e8re en plastique et peut \u00eatre facilement utilis\u00e9 comme veste si n\u00e9cessaire. Il dispose d'empi\u00e8cements lat\u00e9raux pour une coupe ergonomique am\u00e9lior\u00e9e et est fabriqu\u00e9 dans un tissu confortable de qualit\u00e9 offrant d'excellentes propri\u00e9t\u00e9s de protection.En plus de sa fonction de protection, la chemise poss\u00e8de des caract\u00e9ristiques pratiques telles que deux poches zipp\u00e9es sur le devant et un col haut qui offre une protection suppl\u00e9mentaire lorsqu'il est relev\u00e9.Certifi\u00e9e selon les normes EN 1149-5, EN ISO 11612 et EN 61482-2 APC 1, EBT - 13 cal\/cm\u00b2, ELIM - 12 cal\/cm\u00b2.<\/p>\n<p>FONCTIONNALIT\u00c9 : Sans m\u00e9tal. Ajustement ergonomique pour une meilleure mobilit\u00e9. D\u00c9TAILS : Anneau en D. \u00c9tiquettes de certification ext\u00e9rieures. Col haut avec fermeture \u00e0 glissi\u00e8re dissimul\u00e9e. POCHES : Poches avant avec fermetures \u00e0 glissi\u00e8re. FERMETURE FRONTALE : Fermeture \u00e0 glissi\u00e8re en plastique renforc\u00e9e et dissimul\u00e9e. REFLEX : D\u00e9tails r\u00e9fl\u00e9chissants sur les \u00e9paules. FERMETURE : Finition des manches avec poignets. Ceinture \u00e0 c\u00f4tes. INSTRUCTIONS DE LAVAGE : 60\u00b0 C. Ne pas blanchir. Ne pas repasser. Ne pas nettoyer \u00e0 sec. Ne pas essorer. TEXTES PRINCIPAUX : \u00c9lectricien. Travailleur manuel. Personnel de service. Messieurs . EN 1149-5. EN 61482-2. EN ISO 11612. TISSU : Hommes. bleu. Sans m\u00e9tal. Protection contre les flammes. CERTIFICATION : EN 1149-5. EBT - 13 cal\/cm\u00b2. ELIM - 12 cal\/cm\u00b2. EN 61482-2, APC 1. ISO 11612 A1, B1, C2<\/p>\n<p>60% modacrylique, 39% coton, 1% fibre antistatique, tricot \u00e9ponge int\u00e9rieur bross\u00e9, ignifug\u00e9, antistatique, 280g\/m<\/p>","protected":false},"excerpt":{"rendered":"<p>Bequemes, gem\u00fctliches und \u00e4usserst praktisches flammhemmendes Oberteil in inh\u00e4renter Qualit\u00e4t, v\u00f6llig metallfrei. Dieses Sweatshirt verf\u00fcgt \u00fcber einen Kunststoffreissverschluss und kann bei Bedarf bequem als Jacke verwendet werden.Es verf\u00fcgt \u00fcber Seiteneins\u00e4tze f\u00fcr eine verbesserte, ergonomische Passform und ist aus einem bequemen Qualit\u00e4tsgewebe mit hervorragenden Schutzeigenschaften gefertigt.Neben seiner Schutzfunktion verf\u00fcgt das Hemd auch \u00fcber praktische Eigenschaften wie [&hellip;]<\/p>\n","protected":false},"featured_media":667719,"template":"","meta":[],"product_brand":[],"product_cat":[4184],"product_tag":[],"class_list":{"0":"post-667661","1":"product","2":"type-product","3":"status-publish","4":"has-post-thumbnail","6":"product_cat-hoodies-pullover","7":"pa_brand-blaklaeder","8":"pa_brand-type-workwear","9":"pa_filter-color-blau","10":"pa_filter-color-schwarz","12":"first","13":"instock","14":"sale","15":"taxable","16":"shipping-taxable","17":"purchasable","18":"product-type-variable","19":"add-to-wishlist-before_image"},"exclude_global_add_ons":[],"addons":[],"acf":[],"_links":{"self":[{"href":"https:\/\/shop.kustom.ch\/fr\/wp-json\/wp\/v2\/product\/667661"}],"collection":[{"href":"https:\/\/shop.kustom.ch\/fr\/wp-json\/wp\/v2\/product"}],"about":[{"href":"https:\/\/shop.kustom.ch\/fr\/wp-json\/wp\/v2\/types\/product"}],"wp:featuredmedia":[{"embeddable":true,"href":"https:\/\/shop.kustom.ch\/fr\/wp-json\/wp\/v2\/media\/667719"}],"wp:attachment":[{"href":"https:\/\/shop.kustom.ch\/fr\/wp-json\/wp\/v2\/media?parent=667661"}],"wp:term":[{"taxonomy":"product_brand","embeddable":true,"href":"https:\/\/shop.kustom.ch\/fr\/wp-json\/wp\/v2\/product_brand?post=667661"},{"taxonomy":"product_cat","embeddable":true,"href":"https:\/\/shop.kustom.ch\/fr\/wp-json\/wp\/v2\/product_cat?post=667661"},{"taxonomy":"product_tag","embeddable":true,"href":"https:\/\/shop.kustom.ch\/fr\/wp-json\/wp\/v2\/product_tag?post=667661"}],"curies":[{"name":"wp","href":"https:\/\/api.w.org\/{rel}","templated":true}]}}