{"id":667660,"date":"2025-04-29T19:46:57","date_gmt":"2025-04-29T18:46:57","guid":{"rendered":"https:\/\/shop.kustom.ch\/?post_type=product&#038;p=667660"},"modified":"2026-03-31T08:53:02","modified_gmt":"2026-03-31T07:53:02","slug":"damen-langarm-funktions-t-shirt-mit-uv-schutz","status":"publish","type":"product","link":"https:\/\/shop.kustom.ch\/fr\/produit\/damen-langarm-funktions-t-shirt-mit-uv-schutz\/","title":{"rendered":"T-shirt fonctionnel \u00e0 manches longues pour femmes avec protection UV"},"content":{"rendered":"<p>Un T-shirt \u00e0 manches longues confortable, l\u00e9ger et fonctionnel, fabriqu\u00e9 dans un tissu textur\u00e9 a\u00e9r\u00e9 et l\u00e9g\u00e8rement tricot\u00e9. Le tissu offre une sensation agr\u00e9able et prot\u00e8ge efficacement contre les puissants rayons UV du soleil. \u00c9galement disponible en mod\u00e8le homme 3423.<\/p>\n<p>DETAILS : Imprim\u00e9 sur les manches. Col rond. REFLEX : d\u00e9tails r\u00e9fl\u00e9chissants sur l'\u00e9paule. INSTRUCTIONS DE LAVAGE : 60\u00b0 C. Ne pas blanchir. Ne pas repasser. Ne pas nettoyer \u00e0 sec. S\u00e8che-linge - bas. ACTIVIT\u00c9S PRINCIPALES : Poseur de sols. Couvreur de toitures. Chauffeur. P\u00eacheur. Travailleur de jardin. Travailleur manuel. B\u00fbcheron. Installateur de mat\u00e9riel. Entrepreneur dans un entrep\u00f4t. Peintre en b\u00e2timent. Ma\u00e7on \/ carreleur. M\u00e9canicien de chantier. Agent de nettoyage. Personnel de service. EN 13758-2. TISSU : Femme. bleu. vert. noir. Profil\u00e9 . USP : \u00c9lastique. \u00c9vacuation de l'humidit\u00e9. Tissu tricot\u00e9 fonctionnel. D\u00e9tails r\u00e9fl\u00e9chissants. Protection contre les UV. CERTIFICATION : EN 13758-2 UPF 40 +<\/p>\n<p>91% polyester, 9% \u00e9lasthanne, tissu jacquard, r\u00e9gulation de l'humidit\u00e9, protection UV, 135g\/m\u00b2.<\/p>","protected":false},"excerpt":{"rendered":"<p>Ein bequemes, leichtes und funktionelles Langarm-T-Shirt aus einem bel\u00fcfteten und leicht gestrickten Stoff mit Textur. Das Material bietet ein angenehmes Tragegef\u00fchl und sch\u00fctzt effektiv vor den starken UV-Strahlen der Sonne. Auch als Herrenmodell 3423 erh\u00e4ltlich. DETAILS: Aufdruck auf den \u00c4rmeln. Rundhals. REFLEX: Reflexdetails an der Schulter. WASCHANLEITUNG: 60\u00b0 C. Nicht bleichen. Nicht b\u00fcgeln. Nicht chemisch [&hellip;]<\/p>\n","protected":false},"featured_media":667693,"template":"","meta":[],"product_brand":[],"product_cat":[4201],"product_tag":[],"class_list":{"0":"post-667660","1":"product","2":"type-product","3":"status-publish","4":"has-post-thumbnail","6":"product_cat-t-shirts","7":"pa_brand-blaklaeder","8":"pa_brand-type-workwear","9":"pa_filter-color-blau","10":"pa_filter-color-gruen","11":"pa_filter-color-schwarz","13":"first","14":"instock","15":"sale","16":"taxable","17":"shipping-taxable","18":"purchasable","19":"product-type-variable","20":"add-to-wishlist-before_image"},"exclude_global_add_ons":[],"addons":[],"acf":[],"_links":{"self":[{"href":"https:\/\/shop.kustom.ch\/fr\/wp-json\/wp\/v2\/product\/667660"}],"collection":[{"href":"https:\/\/shop.kustom.ch\/fr\/wp-json\/wp\/v2\/product"}],"about":[{"href":"https:\/\/shop.kustom.ch\/fr\/wp-json\/wp\/v2\/types\/product"}],"wp:featuredmedia":[{"embeddable":true,"href":"https:\/\/shop.kustom.ch\/fr\/wp-json\/wp\/v2\/media\/667693"}],"wp:attachment":[{"href":"https:\/\/shop.kustom.ch\/fr\/wp-json\/wp\/v2\/media?parent=667660"}],"wp:term":[{"taxonomy":"product_brand","embeddable":true,"href":"https:\/\/shop.kustom.ch\/fr\/wp-json\/wp\/v2\/product_brand?post=667660"},{"taxonomy":"product_cat","embeddable":true,"href":"https:\/\/shop.kustom.ch\/fr\/wp-json\/wp\/v2\/product_cat?post=667660"},{"taxonomy":"product_tag","embeddable":true,"href":"https:\/\/shop.kustom.ch\/fr\/wp-json\/wp\/v2\/product_tag?post=667660"}],"curies":[{"name":"wp","href":"https:\/\/api.w.org\/{rel}","templated":true}]}}