{"id":667557,"date":"2025-04-29T19:46:01","date_gmt":"2025-04-29T18:46:01","guid":{"rendered":"https:\/\/shop.kustom.ch\/?post_type=product&#038;p=667557"},"modified":"2026-03-31T08:52:42","modified_gmt":"2026-03-31T07:52:42","slug":"funktions-hoodie-mit-uv-schutz","status":"publish","type":"product","link":"https:\/\/shop.kustom.ch\/fr\/produit\/funktions-hoodie-mit-uv-schutz\/","title":{"rendered":"Hoodie fonctionnel avec protection UV"},"content":{"rendered":"<p>Sweat \u00e0 capuche confortable, l\u00e9ger et fonctionnel, fabriqu\u00e9 dans un tissu a\u00e9r\u00e9 et l\u00e9g\u00e8rement tricot\u00e9 avec une structure. Le tissu offre un confort agr\u00e9able et prot\u00e8ge efficacement contre les puissants rayons UV du soleil.<\/p>\n<p>DETAILS : Impression sur les manches. Capuche fixe. REFLEX : mat\u00e9riau r\u00e9fl\u00e9chissant \u00e0 l'arri\u00e8re. INSTRUCTIONS DE LAVAGE : 60\u00b0 C. Ne pas blanchir. Ne pas repasser. Ne pas nettoyer \u00e0 sec. S\u00e8che-linge - bas. ACTIVIT\u00c9S PRINCIPALES : Couvreur. P\u00eacheur. Travailleur dans le jardin. Bricoleur de m\u00e9tier. Installateur de chauffage. Ma\u00e7on \/ carreleur. Employ\u00e9 de service. Hommes . EN 13758-2. TISSU : Hommes. bleu. gris. vert. noir. Protection contre les UV. Profil\u00e9 . USP : \u00c9lastique. \u00c9vacuation de l'humidit\u00e9. Tissu tricot\u00e9 fonctionnel. Protection contre les UV. CERTIFICATION : EN 13758-2 UPF 40 +<\/p>\n<p>91% polyester, 9% \u00e9lasthanne, tissu jacquard, r\u00e9gulation de l'humidit\u00e9, protection UV, 135g\/m\u00b2.<\/p>","protected":false},"excerpt":{"rendered":"<p>Bequemer, leichter und funktioneller Kapuzenpulli aus einem bel\u00fcfteten und leicht gestrickten Stoff mit Struktur. Das Material bietet ein angenehmes Tragegef\u00fchl und sch\u00fctzt effektiv vor den starken UV-Strahlen der Sonne. DETAILS: Aufdruck auf den \u00c4rmeln. Feste Kapuze. REFLEX: Reflexmaterial hinten. WASCHANLEITUNG: 60\u00b0 C. Nicht bleichen. Nicht b\u00fcgeln. Nicht chemisch reinigen. W\u00e4schetrockner &#8211; niedrig. HAUPTEIGENSCHAFTEN: Dachdecker. Fischer. [&hellip;]<\/p>\n","protected":false},"featured_media":667593,"template":"","meta":[],"product_brand":[],"product_cat":[4201],"product_tag":[],"class_list":{"0":"post-667557","1":"product","2":"type-product","3":"status-publish","4":"has-post-thumbnail","6":"product_cat-t-shirts","7":"pa_brand-blaklaeder","8":"pa_brand-type-workwear","9":"pa_filter-color-blau","10":"pa_filter-color-grau","11":"pa_filter-color-gruen","12":"pa_filter-color-schwarz","14":"first","15":"instock","16":"sale","17":"taxable","18":"shipping-taxable","19":"purchasable","20":"product-type-variable","21":"add-to-wishlist-before_image"},"exclude_global_add_ons":[],"addons":[],"acf":[],"_links":{"self":[{"href":"https:\/\/shop.kustom.ch\/fr\/wp-json\/wp\/v2\/product\/667557"}],"collection":[{"href":"https:\/\/shop.kustom.ch\/fr\/wp-json\/wp\/v2\/product"}],"about":[{"href":"https:\/\/shop.kustom.ch\/fr\/wp-json\/wp\/v2\/types\/product"}],"wp:featuredmedia":[{"embeddable":true,"href":"https:\/\/shop.kustom.ch\/fr\/wp-json\/wp\/v2\/media\/667593"}],"wp:attachment":[{"href":"https:\/\/shop.kustom.ch\/fr\/wp-json\/wp\/v2\/media?parent=667557"}],"wp:term":[{"taxonomy":"product_brand","embeddable":true,"href":"https:\/\/shop.kustom.ch\/fr\/wp-json\/wp\/v2\/product_brand?post=667557"},{"taxonomy":"product_cat","embeddable":true,"href":"https:\/\/shop.kustom.ch\/fr\/wp-json\/wp\/v2\/product_cat?post=667557"},{"taxonomy":"product_tag","embeddable":true,"href":"https:\/\/shop.kustom.ch\/fr\/wp-json\/wp\/v2\/product_tag?post=667557"}],"curies":[{"name":"wp","href":"https:\/\/api.w.org\/{rel}","templated":true}]}}