{"id":667514,"date":"2025-04-29T19:45:31","date_gmt":"2025-04-29T18:45:31","guid":{"rendered":"https:\/\/shop.kustom.ch\/?post_type=product&#038;p=667514"},"modified":"2026-03-31T08:52:38","modified_gmt":"2026-03-31T07:52:38","slug":"funktions-poloshirt-mit-uv-schutz","status":"publish","type":"product","link":"https:\/\/shop.kustom.ch\/fr\/produit\/funktions-poloshirt-mit-uv-schutz\/","title":{"rendered":"Polo fonctionnel avec protection UV"},"content":{"rendered":"<p>Un polo confortable, l\u00e9ger et fonctionnel, fabriqu\u00e9 dans un tissu textur\u00e9 a\u00e9r\u00e9 et l\u00e9g\u00e8rement tricot\u00e9. Le tissu offre une sensation agr\u00e9able et prot\u00e8ge efficacement contre les puissants rayons UV du soleil.<\/p>\n<p>D\u00c9TAILS : boutons en plastique. INSTRUCTIONS DE LAVAGE : 60\u00b0 C. Ne pas blanchir. Ne pas repasser. Ne pas nettoyer \u00e0 sec. S\u00e8che-linge - bas. ACTIVIT\u00c9S PRINCIPALES : Chauffeur. Manutentionnaire de marchandises. Agent de nettoyage. Employ\u00e9 de service. EN 13758-2. TISSU : bleu. gris. vert. noir. Profil\u00e9 . USP : \u00c9lastique. \u00c9vacuation de l'humidit\u00e9. Tissu tricot\u00e9 fonctionnel. Protection contre les UV. CERTIFICATION : EN 13758-2 UPF 40 +<\/p>\n<p>91% polyester, 9% \u00e9lasthanne, tissu jacquard, r\u00e9gulation de l'humidit\u00e9, protection UV, 135g\/m\u00b2.<\/p>","protected":false},"excerpt":{"rendered":"<p>Ein bequemes, leichtes und funktionelles Poloshirt aus einem bel\u00fcfteten und leicht gestrickten Stoff mit Textur. Das Material bietet ein angenehmes Tragegef\u00fchl und sch\u00fctzt effektiv vor den starken UV-Strahlen der Sonne. DETAILS: Kunststoff-Kn\u00f6pfe. WASCHANLEITUNG: 60\u00b0 C. Nicht bleichen. Nicht b\u00fcgeln. Nicht chemisch reinigen. W\u00e4schetrockner &#8211; niedrig. HAUPTEIGENSCHAFTEN: Fahrer. Lagerarbeiter. Reinigungskraft. Service Mitarbeiter. EN 13758-2. STOFF: blau. [&hellip;]<\/p>\n","protected":false},"featured_media":667556,"template":"","meta":[],"product_brand":[],"product_cat":[4193],"product_tag":[],"class_list":{"0":"post-667514","1":"product","2":"type-product","3":"status-publish","4":"has-post-thumbnail","6":"product_cat-polos","7":"pa_brand-blaklaeder","8":"pa_brand-type-workwear","9":"pa_filter-color-blau","10":"pa_filter-color-grau","11":"pa_filter-color-gruen","12":"pa_filter-color-schwarz","14":"first","15":"instock","16":"sale","17":"taxable","18":"shipping-taxable","19":"purchasable","20":"product-type-variable","21":"add-to-wishlist-before_image"},"exclude_global_add_ons":[],"addons":[],"acf":[],"_links":{"self":[{"href":"https:\/\/shop.kustom.ch\/fr\/wp-json\/wp\/v2\/product\/667514"}],"collection":[{"href":"https:\/\/shop.kustom.ch\/fr\/wp-json\/wp\/v2\/product"}],"about":[{"href":"https:\/\/shop.kustom.ch\/fr\/wp-json\/wp\/v2\/types\/product"}],"wp:featuredmedia":[{"embeddable":true,"href":"https:\/\/shop.kustom.ch\/fr\/wp-json\/wp\/v2\/media\/667556"}],"wp:attachment":[{"href":"https:\/\/shop.kustom.ch\/fr\/wp-json\/wp\/v2\/media?parent=667514"}],"wp:term":[{"taxonomy":"product_brand","embeddable":true,"href":"https:\/\/shop.kustom.ch\/fr\/wp-json\/wp\/v2\/product_brand?post=667514"},{"taxonomy":"product_cat","embeddable":true,"href":"https:\/\/shop.kustom.ch\/fr\/wp-json\/wp\/v2\/product_cat?post=667514"},{"taxonomy":"product_tag","embeddable":true,"href":"https:\/\/shop.kustom.ch\/fr\/wp-json\/wp\/v2\/product_tag?post=667514"}],"curies":[{"name":"wp","href":"https:\/\/api.w.org\/{rel}","templated":true}]}}