{"id":667419,"date":"2025-04-29T19:44:31","date_gmt":"2025-04-29T18:44:31","guid":{"rendered":"https:\/\/shop.kustom.ch\/?post_type=product&#038;p=667419"},"modified":"2026-03-31T08:43:02","modified_gmt":"2026-03-31T07:43:02","slug":"striker-sicherheitsschuh","status":"publish","type":"product","link":"https:\/\/shop.kustom.ch\/fr\/produit\/striker-sicherheitsschuh\/","title":{"rendered":"Chaussure de s\u00e9curit\u00e9 STRIKER"},"content":{"rendered":"<p>Une sneaker de haute qualit\u00e9 avec une tige en textile exclusive avec un renforcement suppl\u00e9mentaire au niveau des orteils et du talon. Le la\u00e7age lat\u00e9ral Freelock facilite l'enfilage et le retrait des chaussures. La languette en n\u00e9opr\u00e8ne nouvellement d\u00e9velopp\u00e9e assure un meilleur confort.La chaussure est dot\u00e9e d'un embout NANO, plus r\u00e9sistant, plus l\u00e9ger et plus fin que les autres mat\u00e9riaux non m\u00e9talliques. Le pare-clous PS flexible en textile r\u00e9siste m\u00eame aux clous fins de 3 mm. La structure innovante de la semelle \u00e0 3 couches garantit un amortissement unique des chocs.Semelle en caoutchouc nitrile antid\u00e9rapante, tandis que la semelle interm\u00e9diaire est compos\u00e9e de 2 couches de PU de densit\u00e9 diff\u00e9rente pour une fonction et un confort optimaux. La semelle int\u00e9rieure anatomique pour un confort optimal est compos\u00e9e d'un mat\u00e9riau ETPU souple et d'une tige en textile avec une bonne absorption de l'humidit\u00e9.Ces chaussures conviennent aux travaux dans les domaines de la construction, du transport, de la maintenance, de la r\u00e9paration et de l'exploitation. La construction innovante de la semelle \u00e0 triple densit\u00e9 garantit un amortissement unique des chocs.- Semelle ext\u00e9rieure antid\u00e9rapante en caoutchouc nitrile- Tige r\u00e9sistante et imperm\u00e9able en textile- Languette en n\u00e9opr\u00e8ne pour un meilleur confort- Syst\u00e8me de la\u00e7age Freelock sur le c\u00f4t\u00e9- Semelle int\u00e9rieure anatomique en ETPU souple- Embout NANO - plus l\u00e9ger et plus r\u00e9sistant que les autres mat\u00e9riaux non m\u00e9talliques- Syst\u00e8me de protection contre les clous PS<\/p>\n<p>FONCTIONNALIT\u00c9 : Semelle int\u00e9rieure respirante. Semelle ext\u00e9rieure triple densit\u00e9. Test\u00e9 ESD (approuv\u00e9 par IEC 61340-5-1). Renforcement du talon. Syst\u00e8me freelock. Bord de tige rembourr\u00e9. Semelle ext\u00e9rieure ol\u00e9ophobe. R\u00e9sistant \u00e0 l'eau. Renforcement des orteils. PARTIE SUP\u00c9RIEURE : Mat\u00e9riau tiss\u00e9. COUPE : Large. MAT\u00c9RIAU DE PROTECTION : Textile PS. DOUBLURE : Polyester. MAT\u00c9RIAU DE LA SEMELLE INT\u00c9RIEURE : textile, mousse de particules innovante ETPU. TISSU : Unisexe. vert. noir. ESD. SYMBOLES : R\u00e9sistant aux carburants. HRO 300. clou textile PS. Scuff cap abrasion. R\u00e9sistance au glissement. Toecap nano. Charge large. USP : Semelle int\u00e9rieure anatomique en ETPU souple. Semelle int\u00e9rieure respirante. Homologation ESD. Solution Freelock sur le c\u00f4t\u00e9. Semelle innovante \u00e0 triple densit\u00e9. Embout de protection NANO - l\u00e9ger, solide et fin. Semelle ext\u00e9rieure r\u00e9sistante \u00e0 l'huile. Protection anti-perforation textile au standard PS. R\u00e9sistant \u00e0 l'eau et durable. Coupe large. MAT\u00c9RIAU DE LA PROTECTION DES DOIGTS : NANO-composite. CERTIFICATION : EN ISO 20345:2022 S3S FO SR HRO SC<\/p>","protected":false},"excerpt":{"rendered":"<p>Ein hochwertiger Sneaker mit einem exklusiven Textilobermaterial mit zus\u00e4tzlicher Verst\u00e4rkung im Zehen- und Fersenbereich. Die seitliche Freelock-Schn\u00fcrung erleichtert das An- und Ausziehen der Schuhe. Die neu entwickelte Neopren-Zunge sorgt f\u00fcr mehr Komfort.Der Schuh hat eine NANO-Zehenkappe, die st\u00e4rker, leichter und d\u00fcnner ist als andere nicht-metallische Materialien. Der flexible PS-Nageldurchtrittschutz aus Textil h\u00e4lt auch d\u00fcnnen 3 [&hellip;]<\/p>\n","protected":false},"featured_media":667459,"template":"","meta":[],"product_brand":[],"product_cat":[4197,4209],"product_tag":[],"class_list":{"0":"post-667419","1":"product","2":"type-product","3":"status-publish","4":"has-post-thumbnail","6":"product_cat-schuhe-sandalen","7":"product_cat-zubehoer","8":"pa_brand-blaklaeder","9":"pa_brand-type-workwear","10":"pa_filter-color-blau","11":"pa_filter-color-gruen","13":"first","14":"instock","15":"sale","16":"taxable","17":"shipping-taxable","18":"purchasable","19":"product-type-variable","20":"add-to-wishlist-before_image"},"exclude_global_add_ons":[],"addons":[],"acf":[],"_links":{"self":[{"href":"https:\/\/shop.kustom.ch\/fr\/wp-json\/wp\/v2\/product\/667419"}],"collection":[{"href":"https:\/\/shop.kustom.ch\/fr\/wp-json\/wp\/v2\/product"}],"about":[{"href":"https:\/\/shop.kustom.ch\/fr\/wp-json\/wp\/v2\/types\/product"}],"wp:featuredmedia":[{"embeddable":true,"href":"https:\/\/shop.kustom.ch\/fr\/wp-json\/wp\/v2\/media\/667459"}],"wp:attachment":[{"href":"https:\/\/shop.kustom.ch\/fr\/wp-json\/wp\/v2\/media?parent=667419"}],"wp:term":[{"taxonomy":"product_brand","embeddable":true,"href":"https:\/\/shop.kustom.ch\/fr\/wp-json\/wp\/v2\/product_brand?post=667419"},{"taxonomy":"product_cat","embeddable":true,"href":"https:\/\/shop.kustom.ch\/fr\/wp-json\/wp\/v2\/product_cat?post=667419"},{"taxonomy":"product_tag","embeddable":true,"href":"https:\/\/shop.kustom.ch\/fr\/wp-json\/wp\/v2\/product_tag?post=667419"}],"curies":[{"name":"wp","href":"https:\/\/api.w.org\/{rel}","templated":true}]}}