{"id":667386,"date":"2025-04-29T19:43:59","date_gmt":"2025-04-29T18:43:59","guid":{"rendered":"https:\/\/shop.kustom.ch\/?post_type=product&#038;p=667386"},"modified":"2026-03-31T08:39:45","modified_gmt":"2026-03-31T07:39:45","slug":"adapter-fuer-hammerhalter","status":"publish","type":"product","link":"https:\/\/shop.kustom.ch\/fr\/produit\/adapter-fuer-hammerhalter\/","title":{"rendered":"ADAPTATEUR POUR PORTE-MARTEAU"},"content":{"rendered":"<p>Un support avec une \u201aplaque multi-adaptateurs\u2018 intelligente et fonctionnelle qui est compatible avec les pantalons \u00e9quip\u00e9s du nouveau syst\u00e8me de fermeture \u00e0 clic de Bl\u00e5kl\u00e4der. L'adaptateur comprend en outre une boucle pour la ceinture. L'accessoire parfait pour tous les artisans professionnels. Convient pour les porte-marteaux 2112, 4020 et 2113.<\/p>\n<p>INSTRUCTIONS DE LAVAGE : enlever du pantalon avant le lavage. CARACT\u00c9RISTIQUES PRINCIPALES : Unisexe. TISSU : noir. Artisanat<\/p>","protected":false},"excerpt":{"rendered":"<p>Ein Halter mit einer intelligenten und funktionellen \u201aMulti-Adapter-Platte\u2018, die mit Hosen kompatibel ist, die mit dem neuen Klick-Knopf-Verschluss-System von Bl\u00e5kl\u00e4der ausgestattet sind. Der Adapter enth\u00e4lt ausserdem eine Schlaufe f\u00fcr den G\u00fcrtel. Das perfekte Zubeh\u00f6r f\u00fcr alle professionellen Handwerker:innen.Geeignet f\u00fcr die Hammerhalter 2112, 4020 und 2113. WASCHANLEITUNG: Vor dem Waschen von der Hose entfernen. HAUPTEIGENSCHAFTEN: Unisex. [&hellip;]<\/p>\n","protected":false},"featured_media":667427,"template":"","meta":[],"product_brand":[],"product_cat":[4209],"product_tag":[],"class_list":{"0":"post-667386","1":"product","2":"type-product","3":"status-publish","4":"has-post-thumbnail","6":"product_cat-zubehoer","7":"pa_brand-blaklaeder","8":"pa_brand-type-workwear","9":"pa_filter-color-schwarz","11":"first","12":"instock","13":"sale","14":"taxable","15":"shipping-taxable","16":"purchasable","17":"product-type-variable","18":"add-to-wishlist-before_image"},"exclude_global_add_ons":[],"addons":[],"acf":[],"_links":{"self":[{"href":"https:\/\/shop.kustom.ch\/fr\/wp-json\/wp\/v2\/product\/667386"}],"collection":[{"href":"https:\/\/shop.kustom.ch\/fr\/wp-json\/wp\/v2\/product"}],"about":[{"href":"https:\/\/shop.kustom.ch\/fr\/wp-json\/wp\/v2\/types\/product"}],"wp:featuredmedia":[{"embeddable":true,"href":"https:\/\/shop.kustom.ch\/fr\/wp-json\/wp\/v2\/media\/667427"}],"wp:attachment":[{"href":"https:\/\/shop.kustom.ch\/fr\/wp-json\/wp\/v2\/media?parent=667386"}],"wp:term":[{"taxonomy":"product_brand","embeddable":true,"href":"https:\/\/shop.kustom.ch\/fr\/wp-json\/wp\/v2\/product_brand?post=667386"},{"taxonomy":"product_cat","embeddable":true,"href":"https:\/\/shop.kustom.ch\/fr\/wp-json\/wp\/v2\/product_cat?post=667386"},{"taxonomy":"product_tag","embeddable":true,"href":"https:\/\/shop.kustom.ch\/fr\/wp-json\/wp\/v2\/product_tag?post=667386"}],"curies":[{"name":"wp","href":"https:\/\/api.w.org\/{rel}","templated":true}]}}